{"id":187,"date":"2023-04-03T12:46:30","date_gmt":"2023-04-03T12:46:30","guid":{"rendered":"https:\/\/dotnuvaseeds.lt\/?page_id=187"},"modified":"2025-01-13T13:43:07","modified_gmt":"2025-01-13T11:43:07","slug":"apie-mus","status":"publish","type":"page","link":"https:\/\/dotnuvaseeds.lt\/en\/about-us\/","title":{"rendered":"About us"},"content":{"rendered":"<p><span><img decoding=\"async\" alt=\"\" data-id=\"1450\" width=\"710\" data-init-width=\"2560\" data-init-height=\"1257\" title=\"\" loading=\"lazy\" src=\"https:\/\/dotnuvaseeds.lt\/wp-content\/uploads\/2024\/03\/278140579_100599149300116_3845869071938010576_n-1-scaled.jpg\" data-width=\"710\" height=\"349\" style=\"aspect-ratio: auto 2560 \/ 1257\" data-height=\"349\" data-link-wrap=\"true\"><\/span><\/p>\n<h1>Dotnuva seeds<\/h1>\n<p>The Dotnuva Seeds factory, which started operating in 2003, has a capacity of 30,000 tones of seeds per year, under the Dotnuva Seeds brand.<\/p>\n<p>We represent and distribute the seeds of cereals, rapeseed, corn, forage and lawn grasses, beans, sidereal plants of the Institute of Agriculture of LAMMC and the most famous international seed companies. We cooperate with DLF Seeds &amp; Science, Saaten Union, DSV, Lantm\u00e4nnen, Syngenta seeds, RAGT, Rapool, Bayer CropScience, Basf, KWS, Saatbau Linz , &quot;HR Smolice&quot; and others.<\/p>\n<p>Seeds are marketed by AB Linas Agro, the main seed markets are Lithuania, Latvia and Estonia. In addition to these countries, seeds are also sold in global market. Part of the activity is multipilication service for partners in the EU.<\/p>\n<p><span><img decoding=\"async\" alt=\"\" data-id=\"1316\" width=\"710\" data-init-width=\"1500\" data-init-height=\"1125\" title=\"\" loading=\"lazy\" src=\"https:\/\/dotnuvaseeds.lt\/wp-content\/uploads\/2024\/02\/20240215_103431.jpg\" data-width=\"710\" height=\"533\" style=\"aspect-ratio: auto 1500 \/ 1125\" data-height=\"533\" data-link-wrap=\"true\"><\/span><\/p>\n<h2>Seed quality is ensured<\/h2>\n<p>Every year, we invest and strengthen our seed preparation capacity. In 2019, we upgraded the line for the preparation of grass seed mixtures, which has improved the quality of our mixes. In 2020, we installed a modern optical sorter that separate seeds of similar size and weight by colour for maximum cleanliness.<\/p>\n<p>The equipment installed in the factory and the management system of technological processes ensure high seed quality. Each shipment of seeds goes through a strict three-level control in the factory&#039;s laboratory. Prepared seeds are evaluated by the specialists of the State Plant Breeding Service under the Ministry of Agriculture. Only seeds that meet mandatory quality requirements are issued certificates.<\/p>\n<p><span><img decoding=\"async\" alt=\"\" data-id=\"1449\" width=\"710\" data-init-width=\"1200\" data-init-height=\"675\" title=\"\" loading=\"lazy\" src=\"https:\/\/dotnuvaseeds.lt\/wp-content\/uploads\/2024\/03\/DotnuvaBaltic_6-1.jpg\" data-width=\"710\" height=\"399\" style=\"aspect-ratio: auto 1200 \/ 675\" data-height=\"399\" data-link-wrap=\"true\"><\/span><\/p>\n<h2>Continuous investment in production<\/h2>\n<p>Our current focus is the supply chain \u2013 from seeds production to delivery to the customer. In 2021, a new seed warehouse was launched, increasing the storage areas in Dotnuva by 89%. The new warehouse, which has an area of 3,500 square metres, capacity of storage is 2,100 tones of seeds.<\/p>\n<p>Currently, the seed factory in Dotnuva produces around 27,000 tonnes of seed per year, which is around 90% of our total capacity, and we need to increase our production capacity to ensure a smooth supply of certified seeds to our customers.<\/p>\n<p>Therefore, construction of a new seed processing factory is underway in Latvia (Iecava), which will not only meet the demand for certified seeds in the Latvian and Estonian markets, but will also allow them to reach farmers faster.<\/p>\n<p>Fabriko paj\u0117gumai sieks 20.000 t s\u0117kl\u0173 per metus su galimybe juos padidinti iki 30.000 t. \u010cia bus ruo\u0161iamos varpini\u0173 ir ank\u0161tini\u0173 jav\u0173 s\u0117klos. Numatomi sand\u0117liavimo plotai &#8211; 3.000 kv. m. S\u0117kl\u0173 ruo\u0161imo fabrikas darb\u0105 prad\u0117s 2025 m.<\/p>","protected":false},"excerpt":{"rendered":"<p>Dotnuva seeds 2003 m. prad\u0117j\u0119s dirbti UAB \u201eDotnuva Seeds\u201c s\u0117kl\u0173 ruo\u0161imo fabrikas per metus gali paruo\u0161ti 30 t\u016bkst. ton\u0173 s\u0117kl\u0173, kurios \u017eenklinamos \u201eDotnuva Seeds\u201c prek\u0117s \u017eenklu. Atstovaujame ir platiname LAMMC \u017demdirbyst\u0117s instituto ir \u017eymiausi\u0173 tarptautini\u0173 s\u0117klininkyst\u0117s kompanij\u0173 jav\u0173, raps\u0173, kukur\u016bz\u0173, pa\u0161arini\u0173 ir vej\u0173 \u017eoli\u0173, pupini\u0173, sideralini\u0173 augal\u0173 s\u0117klas. Bendradarbiaujame su \u201eDLF Seeds &amp; Science\u201c, \u201eSaaten [&hellip;]<\/p>\n","protected":false},"author":1,"featured_media":0,"parent":0,"menu_order":0,"comment_status":"closed","ping_status":"closed","template":"","meta":{"_acf_changed":false,"inline_featured_image":false,"slim_seo":{"title":"Apie mus - Dotnuva Seeds","description":"Dotnuva seeds 2003 m. prad\u0117j\u0119s dirbti UAB \u201eDotnuva Seeds\u201c s\u0117kl\u0173 ruo\u0161imo fabrikas per metus gali paruo\u0161ti 30 t\u016bkst. ton\u0173 s\u0117kl\u0173, kurios \u017eenklinamos \u201eDotnuva Seeds"},"footnotes":""},"class_list":["post-187","page","type-page","status-publish","hentry","post-wrapper","thrv_wrapper"],"acf":[],"_links":{"self":[{"href":"https:\/\/dotnuvaseeds.lt\/en\/wp-json\/wp\/v2\/pages\/187","targetHints":{"allow":["GET"]}}],"collection":[{"href":"https:\/\/dotnuvaseeds.lt\/en\/wp-json\/wp\/v2\/pages"}],"about":[{"href":"https:\/\/dotnuvaseeds.lt\/en\/wp-json\/wp\/v2\/types\/page"}],"author":[{"embeddable":true,"href":"https:\/\/dotnuvaseeds.lt\/en\/wp-json\/wp\/v2\/users\/1"}],"replies":[{"embeddable":true,"href":"https:\/\/dotnuvaseeds.lt\/en\/wp-json\/wp\/v2\/comments?post=187"}],"version-history":[{"count":30,"href":"https:\/\/dotnuvaseeds.lt\/en\/wp-json\/wp\/v2\/pages\/187\/revisions"}],"predecessor-version":[{"id":1720,"href":"https:\/\/dotnuvaseeds.lt\/en\/wp-json\/wp\/v2\/pages\/187\/revisions\/1720"}],"wp:attachment":[{"href":"https:\/\/dotnuvaseeds.lt\/en\/wp-json\/wp\/v2\/media?parent=187"}],"curies":[{"name":"wp","href":"https:\/\/api.w.org\/{rel}","templated":true}]}}