{"id":361,"date":"2023-04-04T17:15:55","date_gmt":"2023-04-04T17:15:55","guid":{"rendered":"https:\/\/dotnuvaseeds.lt\/?page_id=361"},"modified":"2026-02-04T09:12:58","modified_gmt":"2026-02-04T07:12:58","slug":"kontaktai","status":"publish","type":"page","link":"https:\/\/dotnuvaseeds.lt\/en\/about-us\/contacts\/","title":{"rendered":"Contacts"},"content":{"rendered":"<h1>Contact us<\/h1>\n<p><span><a href=\"https:\/\/dotnuvaseeds.lt\/wp-content\/uploads\/2023\/04\/smartphone-1.svg\"><img decoding=\"async\" alt=\"\" data-id=\"455\" width=\"43\" data-init-width=\"43\" data-init-height=\"43\" title=\"smartphone 1\" loading=\"lazy\" src=\"https:\/\/dotnuvaseeds.lt\/wp-content\/uploads\/2023\/04\/smartphone-1.svg\" data-link-wrap=\"true\" data-width=\"43\" height=\"43\" data-height=\"43\" style=\"aspect-ratio: auto 43 \/ 43;\"><\/a><\/span><\/p>\n<p style=\"text-align: center;\"><a href=\"tel:+37034771121\" target=\"_blank\" style=\"outline: none;\" data-tcb_hover_state_parent=\"\"><span data-olk-copy-source=\"MessageBody\">+370 347 71 121<\/span><\/a><\/p>\n<p><span><a href=\"https:\/\/dotnuvaseeds.lt\/wp-content\/uploads\/2023\/04\/003.building.svg\"><img decoding=\"async\" alt=\"\" data-id=\"456\" width=\"43\" data-init-width=\"43\" data-init-height=\"43\" title=\"003.building\" loading=\"lazy\" src=\"https:\/\/dotnuvaseeds.lt\/wp-content\/uploads\/2023\/04\/003.building.svg\" data-width=\"43\" height=\"43\" data-height=\"43\" data-link-wrap=\"true\" style=\"aspect-ratio: auto 43 \/ 43;\"><\/a><\/span><\/p>\n<p style=\"text-align: center;\"><a href=\"https:\/\/maps.app.goo.gl\/CNDJVAYJTAVZj2i57\" target=\"_blank\" style=\"outline: none;\" data-tcb_hover_state_parent=\"\">Bridge st. 2C, Dotnuva, K\u0117dainiai district. weekly<\/a><\/p>\n<p><span><a href=\"https:\/\/dotnuvaseeds.lt\/wp-content\/uploads\/2023\/04\/email-1-1.svg\"><img decoding=\"async\" alt=\"\" data-id=\"457\" width=\"42\" data-init-width=\"42\" data-init-height=\"42\" title=\"email (1) 1\" loading=\"lazy\" src=\"https:\/\/dotnuvaseeds.lt\/wp-content\/uploads\/2023\/04\/email-1-1.svg\" data-width=\"42\" height=\"42\" data-height=\"42\" data-link-wrap=\"true\" style=\"aspect-ratio: auto 42 \/ 42;\"><\/a><\/span><\/p>\n<p style=\"text-align: center;\"><a href=\"mailto:info@dotnuvaseeds.lt\" target=\"_blank\" style=\"outline: none;\" data-tcb_hover_state_parent=\"\">info@dotnuvaseeds.lt<\/a><\/p>\n<h1>Seed production department<\/h1>\n<h3>Jonas Bak\u0161ys<\/h3>\n<p style=\"\"><span style=\"font-size: 15px !important;\">General Manager<\/span><\/p>\n<p style=\"\">\n<h3>Sigitas Augas<\/h3>\n<p style=\"\"><span style=\"font-size: 15px !important;\">Executive Director<\/span><\/p>\n<p style=\"\"><a href=\"tel:+37069875315\" style=\"outline: none;\" target=\"_blank\">+37069875315<\/a><a href=\"mailto:sigitas.augas@dotnuvaseeds.lt\" style=\"outline: none;\" target=\"_blank\">sigitas.augas\u00ad@dotnuvaseeds.lt<\/a><\/p>\n<h3>Vytautas Jur\u0161a<\/h3>\n<p style=\"\"><span style=\"font-size: 15px !important;\">Seed preparation factory manager<\/span><\/p>\n<p style=\"\"><a href=\"tel:+37068792287\" style=\"outline: none;\" title=\"phone\">+37068792287<\/a><a href=\"mailto:vytautas.jursa@dotnuvaseeds.lt\" style=\"outline: none;\" title=\"email\">vytautas.jursa\u00ad@dotnuvaseeds.lt<\/a><\/p>\n<h3>J\u016brat\u0117 Jakucevi\u010dien\u0117<\/h3>\n<p style=\"\"><span style=\"font-size: 15px !important;\">Head of the laboratory<\/span><\/p>\n<p style=\"\"><a href=\"tel:+37061549646\" style=\"outline: none;\" title=\"phone\">+37061549646<\/a><a href=\"mailto:jurate.jakuceviciene@dotnuvaseeds.lt\" style=\"outline: none;\" title=\"email\">jurate.jakuceviciene\u00ad@dotnuvaseeds.lt<\/a><\/p>\n<h3>Gintautas Cesevi\u010dius<\/h3>\n<p style=\"\"><span style=\"font-size: 15px !important;\">Seed Production Manager: <em>Breed testing, breed selection and registration<\/em><\/span><\/p>\n<p style=\"\"><a href=\"tel:+37061615813\" style=\"outline: none;\" title=\"phone\">+37061615813<\/a><a href=\"mailto:gintautas.cesevicius@dotnuvaseeds.lt\" target=\"_blank\" style=\"outline: none;\">gintautas.cesevicius\u00ad@dotnuvaseeds.lt<\/a><\/p>\n<h3>Airida Luko\u0161ien\u0117<\/h3>\n<p style=\"\"><span style=\"font-size: 15px !important;\">Chief accountant<\/span><\/p>\n<p style=\"\"><a href=\"tel:+37061220179\" style=\"outline: none;\" title=\"phone\">+370 612 20179<\/a><a href=\"mailto:airida.lukosiene@dotnuvaseeds.lt\" style=\"outline: none;\" title=\"email\">airida.lukosiene\u00ad@dotnuvaseeds.lt<\/a><\/p>\n<h3>Rima Butkien\u0117<\/h3>\n<p style=\"\"><span style=\"font-size: 15px !important;\">Document accounting and logistics specialist: <em>Forage grasses and sidereal plants<\/em><\/span><\/p>\n<p style=\"\"><a href=\"tel:+37062088757\" style=\"outline: none;\" title=\"phone\">+370 620 88757<\/a><a href=\"mailto:jurate.jakuceviciene@dotnuvaseeds.lt\" style=\"outline: none;\" title=\"email\">rima.butkiene\u00ad@dotnuvaseeds.lt<\/a><\/p>\n<h3>Erika Ma\u010diulien\u0117<\/h3>\n<p style=\"\"><span style=\"font-size: 15px !important;\">Document accounting and logistics specialist: <em>Cereal, rapeseed, bean plants, corn seeds<\/em><\/span><\/p>\n<p style=\"\"><a href=\"tel:+37061572210\" style=\"outline: none;\" title=\"phone\">+370 615 72210<\/a><a href=\"mailto:erika.maciuliene@dotnuvaseeds.lt\" style=\"outline: none;\" title=\"email\">erika.maciuliene\u00ad@dotnuvaseeds.lt<\/a><\/p>","protected":false},"excerpt":{"rendered":"<p>Susisiekite su mumis +370 347 71 121 Tilto g. 2C,Dotnuva, K\u0117daini\u0173 r. sav. info@dotnuvaseeds.lt S\u0117klininkyst\u0117s skyrius Jonas Bak\u0161ys Generalinis direktorius Sigitas Augas Vykdomasis direktorius +37069875315sigitas.augas\u00ad@dotnuvaseeds.lt Vytautas Jur\u0161a S\u0117kl\u0173 ruo\u0161imo fabriko vadovas +37068792287vytautas.jursa\u00ad@dotnuvaseeds.lt J\u016brat\u0117 Jakucevi\u010dien\u0117 Laboratorijos ved\u0117ja +37061549646jurate.jakuceviciene\u00ad@dotnuvaseeds.lt Gintautas Cesevi\u010dius S\u0117klininkyst\u0117s vadybininkas: Veisli\u0173 bandymai, veisli\u0173 atranka ir registracija +37061615813gintautas.cesevicius\u00ad@dotnuvaseeds.lt Airida Luko\u0161ien\u0117 Vyriausioji buhalter\u0117 +370 612 20179airida.lukosiene\u00ad@dotnuvaseeds.lt [&hellip;]<\/p>\n","protected":false},"author":1,"featured_media":0,"parent":187,"menu_order":0,"comment_status":"closed","ping_status":"closed","template":"","meta":{"_acf_changed":false,"inline_featured_image":false,"slim_seo":{"title":"Kontaktai - Dotnuva Seeds","description":"Contact us +370 347 71 121 Bridge Street. 2C, Dotnuva, K\u0117dainiai district. weekly info@dotnuvaseeds.lt Seed Production Department Jonas Bak\u0161ys General Director Sigi"},"footnotes":""},"class_list":["post-361","page","type-page","status-publish","hentry","post-wrapper","thrv_wrapper"],"acf":[],"_links":{"self":[{"href":"https:\/\/dotnuvaseeds.lt\/en\/wp-json\/wp\/v2\/pages\/361","targetHints":{"allow":["GET"]}}],"collection":[{"href":"https:\/\/dotnuvaseeds.lt\/en\/wp-json\/wp\/v2\/pages"}],"about":[{"href":"https:\/\/dotnuvaseeds.lt\/en\/wp-json\/wp\/v2\/types\/page"}],"author":[{"embeddable":true,"href":"https:\/\/dotnuvaseeds.lt\/en\/wp-json\/wp\/v2\/users\/1"}],"replies":[{"embeddable":true,"href":"https:\/\/dotnuvaseeds.lt\/en\/wp-json\/wp\/v2\/comments?post=361"}],"version-history":[{"count":90,"href":"https:\/\/dotnuvaseeds.lt\/en\/wp-json\/wp\/v2\/pages\/361\/revisions"}],"predecessor-version":[{"id":2231,"href":"https:\/\/dotnuvaseeds.lt\/en\/wp-json\/wp\/v2\/pages\/361\/revisions\/2231"}],"up":[{"embeddable":true,"href":"https:\/\/dotnuvaseeds.lt\/en\/wp-json\/wp\/v2\/pages\/187"}],"wp:attachment":[{"href":"https:\/\/dotnuvaseeds.lt\/en\/wp-json\/wp\/v2\/media?parent=361"}],"curies":[{"name":"wp","href":"https:\/\/api.w.org\/{rel}","templated":true}]}}