{"id":366,"date":"2023-04-04T17:41:52","date_gmt":"2023-04-04T17:41:52","guid":{"rendered":"https:\/\/dotnuvaseeds.lt\/?page_id=366"},"modified":"2024-03-27T11:19:54","modified_gmt":"2024-03-27T09:19:54","slug":"seklininkyste","status":"publish","type":"page","link":"https:\/\/dotnuvaseeds.lt\/en\/products\/seed-production\/","title":{"rendered":"Seed production"},"content":{"rendered":"<ul class=\"woocommerce-categories\"><div class=\"woocommerce-categories-mobile-toggle\">Categories<\/div><li class=\"category-item\"><div class=\"category-item-toggle-title\" href=\"https:\/\/dotnuvaseeds.lt\/en\/product-category\/corn-varieties\/\">Corn varieties<\/div><a href=\"https:\/\/dotnuvaseeds.lt\/en\/product-category\/corn-varieties\/\">Corn varieties<\/a><\/li><li class=\"category-item\"><div class=\"category-item-toggle-title\" href=\"https:\/\/dotnuvaseeds.lt\/en\/product-category\/summer-plant-varieties\/\">Varieties of spring plants<\/div><a href=\"https:\/\/dotnuvaseeds.lt\/en\/product-category\/summer-plant-varieties\/\">Varieties of spring plants<\/a><ul class=\"subcategories collapsed\"><li class=\"subcategory-item\"><a href=\"https:\/\/dotnuvaseeds.lt\/en\/product-category\/summer-plant-varieties\/vasariniai-kvieciai\/\">Spring wheat<\/a><\/li><li class=\"subcategory-item\"><a href=\"https:\/\/dotnuvaseeds.lt\/en\/product-category\/summer-plant-varieties\/vasariniai-kvietrugiai\/\">Spring triticale<\/a><\/li><li class=\"subcategory-item\"><a href=\"https:\/\/dotnuvaseeds.lt\/en\/product-category\/summer-plant-varieties\/vsariniai-mieziai\/\">Spring barley<\/a><\/li><li class=\"subcategory-item\"><a href=\"https:\/\/dotnuvaseeds.lt\/en\/product-category\/summer-plant-varieties\/avizos\/\">Oats<\/a><\/li><li class=\"subcategory-item\"><a href=\"https:\/\/dotnuvaseeds.lt\/en\/product-category\/summer-plant-varieties\/zirniai\/\">Peas<\/a><\/li><li class=\"subcategory-item\"><a href=\"https:\/\/dotnuvaseeds.lt\/en\/product-category\/summer-plant-varieties\/pupos\/\">Beans<\/a><\/li><li class=\"subcategory-item\"><a href=\"https:\/\/dotnuvaseeds.lt\/en\/product-category\/summer-plant-varieties\/grikiai\/\">Buckwheat<\/a><\/li><li class=\"subcategory-item\"><a href=\"https:\/\/dotnuvaseeds.lt\/en\/product-category\/summer-plant-varieties\/sojos\/\">Soy<\/a><\/li><li class=\"subcategory-item\"><a href=\"https:\/\/dotnuvaseeds.lt\/en\/product-category\/summer-plant-varieties\/vasariniai-rapsai\/\">Spring rapeseed<\/a><\/li><\/ul><\/li><li class=\"category-item\"><div class=\"category-item-toggle-title\" href=\"https:\/\/dotnuvaseeds.lt\/en\/product-category\/ground-plant-varieties\/\">Varieties of winter wheat<\/div><a href=\"https:\/\/dotnuvaseeds.lt\/en\/product-category\/ground-plant-varieties\/\">Varieties of winter wheat<\/a><ul class=\"subcategories collapsed\"><li class=\"subcategory-item\"><a href=\"https:\/\/dotnuvaseeds.lt\/en\/product-category\/ground-plant-varieties\/zieminiai-kvieciai\/\">Winter wheat<\/a><\/li><li class=\"subcategory-item\"><a href=\"https:\/\/dotnuvaseeds.lt\/en\/product-category\/ground-plant-varieties\/zieminiai-kvietrugiai\/\">Winter triticale<\/a><\/li><li class=\"subcategory-item\"><a href=\"https:\/\/dotnuvaseeds.lt\/en\/product-category\/ground-plant-varieties\/zieminiai-mieziai\/\">Winter barley<\/a><\/li><li class=\"subcategory-item\"><a href=\"https:\/\/dotnuvaseeds.lt\/en\/product-category\/ground-plant-varieties\/zieminiai-rapsai\/\">Winter rape<\/a><\/li><li class=\"subcategory-item\"><a href=\"https:\/\/dotnuvaseeds.lt\/en\/product-category\/ground-plant-varieties\/zieminiai-rugiai\/\">Winter rye<\/a><\/li><\/ul><\/li><li class=\"category-item\"><div class=\"category-item-toggle-title\" href=\"https:\/\/dotnuvaseeds.lt\/en\/product-category\/pasarini-sole-shallow\/\">Forage grass seeds<\/div><a href=\"https:\/\/dotnuvaseeds.lt\/en\/product-category\/pasarini-sole-shallow\/\">Forage grass seeds<\/a><ul class=\"subcategories collapsed\"><li class=\"subcategory-item\"><a href=\"https:\/\/dotnuvaseeds.lt\/en\/product-category\/pasarini-sole-shallow\/pasarines-zoles\/\">Fodder grasses<\/a><\/li><li class=\"subcategory-item\"><a href=\"https:\/\/dotnuvaseeds.lt\/en\/product-category\/pasarini-sole-shallow\/pasariniu-zoliu-misiniai\/\">Forage grass mixtures<\/a><\/li><\/ul><\/li><li class=\"category-item\"><div class=\"category-item-toggle-title\" href=\"https:\/\/dotnuvaseeds.lt\/en\/product-category\/sidereal-plant-shallow\/\">Sidereal plant seeds<\/div><a href=\"https:\/\/dotnuvaseeds.lt\/en\/product-category\/sidereal-plant-shallow\/\">Sidereal plant seeds<\/a><ul class=\"subcategories collapsed\"><li class=\"subcategory-item\"><a href=\"https:\/\/dotnuvaseeds.lt\/en\/product-category\/sidereal-plant-shallow\/sideraliniai-augalai\/\">Cover crop plants<\/a><\/li><li class=\"subcategory-item\"><a href=\"https:\/\/dotnuvaseeds.lt\/en\/product-category\/sidereal-plant-shallow\/sideraliniu-augalu-misiniai\/\">Mixtures of sidereal plants<\/a><\/li><\/ul><\/li><li class=\"category-item\"><div class=\"category-item-toggle-title\" href=\"https:\/\/dotnuvaseeds.lt\/en\/product-category\/lawn-products\/\">Products for lawns<\/div><a href=\"https:\/\/dotnuvaseeds.lt\/en\/product-category\/lawn-products\/\">Products for lawns<\/a><ul class=\"subcategories collapsed\"><li class=\"subcategory-item\"><a href=\"https:\/\/dotnuvaseeds.lt\/en\/product-category\/lawn-products\/laukiniu-geliu-misiniai\/\">Wild flower mixes<\/a><\/li><li class=\"subcategory-item\"><a href=\"https:\/\/dotnuvaseeds.lt\/en\/product-category\/lawn-products\/technika-vejoms\/\">Technika vejoms<\/a><\/li><li class=\"subcategory-item\"><a href=\"https:\/\/dotnuvaseeds.lt\/en\/product-category\/lawn-products\/trasos-vejoms\/\">Fertilizers for lawns<\/a><\/li><li class=\"subcategory-item\"><a href=\"https:\/\/dotnuvaseeds.lt\/en\/product-category\/lawn-products\/veju-zoles\/\">Lawn grasses<\/a><\/li><li class=\"subcategory-item\"><a href=\"https:\/\/dotnuvaseeds.lt\/en\/product-category\/lawn-products\/veju-zoliu-misiniai\/\">Lawn grass mixtures<\/a><\/li><\/ul><\/li><\/ul>\n<h1>For a bountiful harvest - &quot;Dotnuva seeds&quot;<\/h1>\n<p dir=\"ltr\"><strong>20 years of seed multiplication experience. 30 plant species in seed multiplication.&nbsp;<\/strong><\/p>\n<p dir=\"ltr\">Our seed multiplication include more than 30 species divided into 5 plant categories:<\/p>\n<ul>\n<li dir=\"ltr\">Cereal plants<\/li>\n<li dir=\"ltr\">Oil seed plants<\/li>\n<li dir=\"ltr\">Legumes<\/li>\n<li dir=\"ltr\">Cover crop plants<\/li>\n<li dir=\"ltr\">Forage and turf grasses<\/li>\n<\/ul>\n<p ltr\"\"=\"\">30 breeders from different countries cooperate with us and have entrusted the propagation of their varieties. Seeds grown on farms in Lithuania and Latvia and prepared at the Dotnuva Seeds factory are also exported to global market.&nbsp;<\/p>\n<p style=\"text-align: left;\"><strong>A few numbers about seed production:<\/strong><\/p>\n<p><span style=\"\">Customers served!<\/span><span data-anim=\"ticker\" data-refresh-interval=\"10\" data-from=\"2\" data-formatted-from=\"2\" data-to=\"20\" data-final-number=\"20\" data-decimals=\"0\" data-thousand-divider=\",\" data-decimal-character=\".\" data-speed=\"1007\"><span style=\"display: inline;\"><\/span><span style=\"\">2<\/span><span style=\"display: inline;\">year<\/span><\/span><span style=\"\">&nbsp;seed multiplication experience<\/span><span style=\"\">Customers served!<\/span><span data-anim=\"ticker\" data-refresh-interval=\"10\" data-from=\"27\" data-formatted-from=\"27\" data-to=\"27000\" data-final-number=\"27.000\" data-decimals=\"0\" data-thousand-divider=\".\" data-decimal-character=\".\" data-speed=\"1007\"><span style=\"display: inline;\"><\/span><span style=\"\">2<\/span><span style=\"display: inline;\">t<\/span><\/span><span style=\"\">&nbsp;seeds are produced in a year<\/span><span style=\"\">Customers served!<\/span><span data-anim=\"ticker\" data-refresh-interval=\"10\" data-from=\"12\" data-formatted-from=\"12\" data-to=\"12000\" data-final-number=\"12.000\" data-decimals=\"0\" data-thousand-divider=\".\" data-decimal-character=\".\" data-speed=\"1007\"><span style=\"display: inline;\"><\/span><span style=\"\">2<\/span><span style=\"display: inline;\">ha<\/span><\/span><span style=\"\">&nbsp;areas of seed crops<\/span><span style=\"\">Customers served!<\/span><span data-anim=\"ticker\" data-refresh-interval=\"10\" data-from=\"3\" data-formatted-from=\"3\" data-to=\"30\" data-final-number=\"30\" data-decimals=\"0\" data-thousand-divider=\",\" data-decimal-character=\".\" data-speed=\"1007\"><span style=\"display: inline;\"><\/span><span style=\"\">2<\/span><span style=\"display: inline;\">+<\/span><\/span><span style=\"\">&nbsp;plant species<\/span><\/p>\n<h2>We multiply:<\/h2>\n<h3 dir=\"ltr\" style=\"\">Forage and turf grasses<\/h3>\n<ul>\n<li dir=\"ltr\">Timothy<\/li>\n<li dir=\"ltr\">Fescue<\/li>\n<li dir=\"ltr\">Festulolium<\/li>\n<li dir=\"ltr\">Ryegrass<\/li>\n<li dir=\"ltr\">Clovers<\/li>\n<li dir=\"ltr\">Alfalfa<\/li>\n<\/ul>\n<h3 dir=\"ltr\" style=\"\">Cereals<\/h3>\n<ul>\n<li dir=\"ltr\">Wheat<\/li>\n<li dir=\"ltr\">Barley<\/li>\n<li dir=\"ltr\">Rye<\/li>\n<li dir=\"ltr\">Triticale<\/li>\n<li dir=\"ltr\">Oats<\/li>\n<li dir=\"ltr\">Buckwheat<\/li>\n<\/ul>\n<h3 dir=\"ltr\" style=\"\">Cover crop plants<\/h3>\n<ul>\n<li dir=\"ltr\">Mustard<\/li>\n<li dir=\"ltr\">Radish<\/li>\n<li dir=\"ltr\">Phacelia<\/li>\n<li dir=\"ltr\">Vetch<\/li>\n<\/ul>\n<h3 dir=\"ltr\" style=\"\">Legumes<\/h3>\n<ul>\n<li dir=\"ltr\">Peas<\/li>\n<li dir=\"ltr\">Beans<\/li>\n<\/ul>\n<h3 dir=\"ltr\" style=\"\">Oil seed plants<\/h3>\n<ul>\n<li dir=\"ltr\">Rape<\/li>\n<\/ul>","protected":false},"excerpt":{"rendered":"<p>Gausiam derliui &#8211; \u201eDotnuva seeds&#8221; 20 met\u0173 s\u0117kl\u0173 dauginimo patirtis. 30 dauginam\u0173 augal\u0173 r\u016b\u0161i\u0173.&nbsp; M\u016bs\u0173 s\u0117kl\u0173 dauginimai apima daugiau nei 30 r\u016b\u0161i\u0173, suskirstyt\u0173 \u012f 5 augal\u0173 kategorijas: Migliniai augalai Bastutiniai augalai Pupiniai augalai Sideraliniai augalai Pa\u0161arin\u0117s ir vejin\u0117s \u017eol\u0117s 30 selekcinink\u0173 i\u0161 \u012fvairi\u0173 \u0161ali\u0173 bendradarbiauja su mumis ir yra patik\u0117j\u0119 j\u0173 sukurt\u0173 veisli\u0173 dauginimus. Lietuvos [&hellip;]<\/p>\n","protected":false},"author":1,"featured_media":0,"parent":67,"menu_order":0,"comment_status":"closed","ping_status":"closed","template":"","meta":{"_acf_changed":false,"inline_featured_image":false,"slim_seo":{"title":"S\u0117klininkyst\u0117 - Dotnuva Seeds","description":"Categories Kukur\u016bz\u0173 veisl\u0117s Kukur\u016bz\u0173 veisl\u0117s Vasarini\u0173 augal\u0173 veisl\u0117s Vasarini\u0173 augal\u0173 veisl\u0117s Vasariniai kvie\u010diai Vasariniai kvietrugiai Vasariniai mie\u017eiai Avi"},"footnotes":""},"class_list":["post-366","page","type-page","status-publish","hentry","post-wrapper","thrv_wrapper"],"acf":[],"_links":{"self":[{"href":"https:\/\/dotnuvaseeds.lt\/en\/wp-json\/wp\/v2\/pages\/366","targetHints":{"allow":["GET"]}}],"collection":[{"href":"https:\/\/dotnuvaseeds.lt\/en\/wp-json\/wp\/v2\/pages"}],"about":[{"href":"https:\/\/dotnuvaseeds.lt\/en\/wp-json\/wp\/v2\/types\/page"}],"author":[{"embeddable":true,"href":"https:\/\/dotnuvaseeds.lt\/en\/wp-json\/wp\/v2\/users\/1"}],"replies":[{"embeddable":true,"href":"https:\/\/dotnuvaseeds.lt\/en\/wp-json\/wp\/v2\/comments?post=366"}],"version-history":[{"count":42,"href":"https:\/\/dotnuvaseeds.lt\/en\/wp-json\/wp\/v2\/pages\/366\/revisions"}],"predecessor-version":[{"id":1476,"href":"https:\/\/dotnuvaseeds.lt\/en\/wp-json\/wp\/v2\/pages\/366\/revisions\/1476"}],"up":[{"embeddable":true,"href":"https:\/\/dotnuvaseeds.lt\/en\/wp-json\/wp\/v2\/pages\/67"}],"wp:attachment":[{"href":"https:\/\/dotnuvaseeds.lt\/en\/wp-json\/wp\/v2\/media?parent=366"}],"curies":[{"name":"wp","href":"https:\/\/api.w.org\/{rel}","templated":true}]}}