{"id":44,"date":"2023-03-28T16:13:52","date_gmt":"2023-03-28T16:13:52","guid":{"rendered":"https:\/\/dotnuvaseeds.lt\/?page_id=44"},"modified":"2025-04-17T11:46:06","modified_gmt":"2025-04-17T08:46:06","slug":"titulinis","status":"publish","type":"page","link":"https:\/\/dotnuvaseeds.lt\/en\/","title":{"rendered":"Title"},"content":{"rendered":"<h1 style=\"\"><span style=\"font-weight: normal;\">For those who plan in advance -<\/span> mixtures of forage grasses, cereal and rape seeds<\/h1>\n<p><span><img decoding=\"async\" alt=\"\" data-id=\"108\" width=\"1065\" data-init-width=\"1065\" data-init-height=\"617\" title=\"\" loading=\"lazy\" src=\"https:\/\/dotnuvaseeds.lt\/wp-content\/uploads\/2023\/04\/Rectangle-137.png\" data-width=\"1065\" height=\"617\" style=\"aspect-ratio: auto 1065 \/ 617;\"><\/span><\/p>\n<h2 style=\"\">Seeds<\/h2>\n<p>Since 2003, the Dotnuva Baltic seed factory based in Dotnuva, a member of the Linas Agro Group, has been producing seeds of various types and varieties of agricultural crops. Seeds are marketed by Linas Agro and the main seed markets are Lithuania, Latvia and Estonia. The quality of Dotnuva Seeds brand-certified seeds meets the requirements of foreign customers. Around 20% of the seeds produced in the seed factory are exported and sold in other EU countries.<\/p>\n<p><span><img decoding=\"async\" alt=\"\" data-id=\"89\" width=\"1065\" data-init-width=\"1065\" data-init-height=\"617\" title=\"\" loading=\"lazy\" src=\"https:\/\/dotnuvaseeds.lt\/wp-content\/uploads\/2023\/04\/Rectangle-138.png\" data-width=\"1065\" height=\"617\" style=\"aspect-ratio: auto 1065 \/ 617;\"><\/span><\/p>\n<h2 style=\"\">Seed production<\/h2>\n<p>Since 2003, the Dotnuva Seeds factory based in Dotnuva, a member of the Linas Agro Group, has been producing seeds of various types and varieties of agricultural crops. Dotnuva Seeds pays great attention to the selection of new varieties. It is very important that new varieties are tested under local conditions. We carry out variety comparison trials in order to select a few of the most promising new varieties from the many new varieties developed by breeders, and to further test them on farms. The trials are conducted during the growing season to observe the plants and to assess various parameters (winter hardiness, earliness, morbidity, height, resistance to lodging). At harvest, each field is harvested individually, and yield, yield quality and income per ha are assessed. By gathering information from variety comparison trials, we can assess their strengths and weaknesses and select the best varieties. Their seeds are multiplied on reliable Lithuanian farms. We work with 110 farms in Lithuania and have around 12,000 ha of seed crops every year. The quality of seeds is controlled by our specialists and the State Plant Service. The quality of seeds is checked four times before they reach the farmer.<\/p>\n<p style=\"\">Buy our products<\/p>\n<h2 style=\"\">News<\/h2>\n<p><a href=\"https:\/\/dotnuvaseeds.lt\/naujienos\/ieskantiems-tinkamiausio-pasaro-savo-karvems-kurie-kukuruzai-tinkamiausi-lietuviskam-klimatui\/\" title=\"Ie\u0161kantiems tinkamiausio pa\u0161aro savo karv\u0117ms: kurie kukur\u016bzai \u2013 tinkamiausi lietuvi\u0161kam klimatui?\" data-type-url=\"post_url\" data-type-display=\"default_image\" data-size=\"thumbnail\" data-post_id=\"1845\"><img width=\"600\" height=\"400\" src=\"https:\/\/dotnuvaseeds.lt\/wp-content\/uploads\/2025\/03\/andre-ouellet-P-zN6GfHv8M-unsplash-600x400.jpg\" alt=\"Andre ouellet p zn6gfhv8m unsplash\" decoding=\"async\" loading=\"lazy\" srcset=\"https:\/\/dotnuvaseeds.lt\/wp-content\/uploads\/2025\/03\/andre-ouellet-P-zN6GfHv8M-unsplash-600x400.jpg 600w, https:\/\/dotnuvaseeds.lt\/wp-content\/uploads\/2025\/03\/andre-ouellet-P-zN6GfHv8M-unsplash-1200x800.jpg 1200w, https:\/\/dotnuvaseeds.lt\/wp-content\/uploads\/2025\/03\/andre-ouellet-P-zN6GfHv8M-unsplash-768x512.jpg 768w, https:\/\/dotnuvaseeds.lt\/wp-content\/uploads\/2025\/03\/andre-ouellet-P-zN6GfHv8M-unsplash-1536x1024.jpg 1536w, https:\/\/dotnuvaseeds.lt\/wp-content\/uploads\/2025\/03\/andre-ouellet-P-zN6GfHv8M-unsplash-18x12.jpg 18w, https:\/\/dotnuvaseeds.lt\/wp-content\/uploads\/2025\/03\/andre-ouellet-P-zN6GfHv8M-unsplash.jpg 1920w\" sizes=\"auto, (max-width: 600px) 100vw, 600px\" \/><\/a><\/p>\n<h3 style=\"\"><span data-attr-link=\"0\" data-attr-rel=\"0\" data-attr-target=\"0\" data-extra_key=\"\" data-option-inline=\"1\" data-shortcode=\"tcb_post_title\" data-shortcode-name=\"Post title\" style=\"\">Ie\u0161kantiems tinkamiausio pa\u0161aro savo karv\u0117ms: kurie kukur\u016bzai \u2013 tinkamiausi lietuvi\u0161kam klimatui?<\/span><\/h3>\n<p>\u017diema \u2013 pagrindinis laikotarpis, kai \u016bkininkai ruo\u0161iasi kit\u0173 met\u0173 derliui, ie\u0161kodami kokybi\u0161kiausi\u0173 <a href=\"https:\/\/dotnuvaseeds.lt\/naujienos\/ieskantiems-tinkamiausio-pasaro-savo-karvems-kurie-kukuruzai-tinkamiausi-lietuviskam-klimatui\/#more-1845\">&#8230;<\/a><\/p>\n<p style=\"\">More &gt;<\/p>\n<p><a href=\"https:\/\/dotnuvaseeds.lt\/naujienos\/clone-of-planuojantiems-is-anksto-dotnuva-seeds-pasariniu-zoliu-misiniams-akcija\/\" title=\"Patikrintos ir patikimos vasarini\u0173 raps\u0173 veisl\u0117s.\" data-type-url=\"post_url\" data-type-display=\"default_image\" data-size=\"thumbnail\" data-post_id=\"1833\"><img width=\"600\" height=\"600\" src=\"https:\/\/dotnuvaseeds.lt\/wp-content\/uploads\/2025\/03\/Rapsu_veisles_2025-02-600x600.jpg\" alt=\"Rapsu\u0328 veisle\u0307s 2025 02\" decoding=\"async\" loading=\"lazy\" srcset=\"https:\/\/dotnuvaseeds.lt\/wp-content\/uploads\/2025\/03\/Rapsu_veisles_2025-02-600x600.jpg 600w, https:\/\/dotnuvaseeds.lt\/wp-content\/uploads\/2025\/03\/Rapsu_veisles_2025-02-1200x1200.jpg 1200w, https:\/\/dotnuvaseeds.lt\/wp-content\/uploads\/2025\/03\/Rapsu_veisles_2025-02-1920x1920.jpg 1920w, https:\/\/dotnuvaseeds.lt\/wp-content\/uploads\/2025\/03\/Rapsu_veisles_2025-02-768x768.jpg 768w, https:\/\/dotnuvaseeds.lt\/wp-content\/uploads\/2025\/03\/Rapsu_veisles_2025-02-1536x1536.jpg 1536w, https:\/\/dotnuvaseeds.lt\/wp-content\/uploads\/2025\/03\/Rapsu_veisles_2025-02-2048x2048.jpg 2048w, https:\/\/dotnuvaseeds.lt\/wp-content\/uploads\/2025\/03\/Rapsu_veisles_2025-02-12x12.jpg 12w, https:\/\/dotnuvaseeds.lt\/wp-content\/uploads\/2025\/03\/Rapsu_veisles_2025-02-100x100.jpg 100w\" sizes=\"auto, (max-width: 600px) 100vw, 600px\" \/><\/a><\/p>\n<h3 style=\"\"><span data-attr-link=\"0\" data-attr-rel=\"0\" data-attr-target=\"0\" data-extra_key=\"\" data-option-inline=\"1\" data-shortcode=\"tcb_post_title\" data-shortcode-name=\"Post title\" style=\"\">Patikrintos ir patikimos vasarini\u0173 raps\u0173 veisl\u0117s.<\/span><\/h3>\n<p>&nbsp; Stabilumas ir patikimumas J\u016bs\u0173 derliui Tvar\u016bs sprendimai \u2013 didesni derliai! Atraskite <a href=\"https:\/\/dotnuvaseeds.lt\/naujienos\/clone-of-planuojantiems-is-anksto-dotnuva-seeds-pasariniu-zoliu-misiniams-akcija\/#more-1833\">&#8230;<\/a><\/p>\n<p style=\"\">More &gt;<\/p>\n<p><a href=\"https:\/\/dotnuvaseeds.lt\/naujienos\/planuojantiems-is-anksto-dotnuva-seeds-pasariniu-zoliu-misiniams-akcija\/\" title=\"Planuojantiems i\u0161 anksto \u2013 \u201eDotnuva Seeds\u201c pa\u0161arini\u0173 \u017eoli\u0173 mi\u0161iniams AKCIJA!\" data-type-url=\"post_url\" data-type-display=\"default_image\" data-size=\"thumbnail\" data-post_id=\"1748\"><img width=\"600\" height=\"310\" src=\"https:\/\/dotnuvaseeds.lt\/wp-content\/uploads\/2025\/02\/Pas.-zoles_sumazinta-600x310.jpg\" alt=\"Pa\u0161. \u017eol\u0117s Suma\u017einta\" decoding=\"async\" loading=\"lazy\" srcset=\"https:\/\/dotnuvaseeds.lt\/wp-content\/uploads\/2025\/02\/Pas.-zoles_sumazinta-600x310.jpg 600w, https:\/\/dotnuvaseeds.lt\/wp-content\/uploads\/2025\/02\/Pas.-zoles_sumazinta-768x397.jpg 768w, https:\/\/dotnuvaseeds.lt\/wp-content\/uploads\/2025\/02\/Pas.-zoles_sumazinta-18x9.jpg 18w, https:\/\/dotnuvaseeds.lt\/wp-content\/uploads\/2025\/02\/Pas.-zoles_sumazinta.jpg 1187w\" sizes=\"auto, (max-width: 600px) 100vw, 600px\" \/><\/a><\/p>\n<h3 style=\"\"><span data-attr-link=\"0\" data-attr-rel=\"0\" data-attr-target=\"0\" data-extra_key=\"\" data-option-inline=\"1\" data-shortcode=\"tcb_post_title\" data-shortcode-name=\"Post title\" style=\"\">Planuojantiems i\u0161 anksto \u2013 \u201eDotnuva Seeds\u201c pa\u0161arini\u0173 \u017eoli\u0173 mi\u0161iniams AKCIJA!<\/span><\/h3>\n<p>Planuojantiems i\u0161 anksto \u2013 \u201eDotnuva Seeds\u201c pa\u0161arini\u0173 \u017eoli\u0173 mi\u0161iniams AKCIJA! U\u017esisakykite nuo <a href=\"https:\/\/dotnuvaseeds.lt\/naujienos\/planuojantiems-is-anksto-dotnuva-seeds-pasariniu-zoliu-misiniams-akcija\/#more-1748\">&#8230;<\/a><\/p>\n<p style=\"\">More &gt;<\/p>","protected":false},"excerpt":{"rendered":"<p>Planuojantiems i\u0161 anksto &#8211; pa\u0161arini\u0173 \u017eoli\u0173 mi\u0161iniai, jav\u0173 ir raps\u0173 s\u0117klos S\u0117klos Nuo 2003 m. \u201eLinas Agro\u201c \u012fmoni\u0173 grupei priklausan\u010diame \u201eDotnuva Baltic\u201c s\u0117kl\u0173 fabrike Dotnuvoje ruo\u0161iamos \u012fvairi\u0173 r\u016b\u0161i\u0173 ir veisli\u0173 \u017eem\u0117s \u016bkio augal\u0173 s\u0117klos. S\u0117klomis prekiauja \u201eLinas Agro\u201c, pagrindin\u0117s s\u0117kl\u0173 rinkos \u2013 Lietuva, Latvija, Estija. \u201eDotnuva Seeds\u201c prek\u0117s \u017eenklo sertifikuot\u0173 s\u0117kl\u0173 kokyb\u0117 atitinka u\u017esienio u\u017esakov\u0173 [&hellip;]<\/p>\n","protected":false},"author":1,"featured_media":0,"parent":0,"menu_order":0,"comment_status":"closed","ping_status":"closed","template":"","meta":{"_acf_changed":false,"inline_featured_image":false,"slim_seo":{"description":"For those who plan in advance - forage grass mixtures, cereal and rape seeds.","title":"Dotnuva Seeds"},"footnotes":""},"class_list":["post-44","page","type-page","status-publish","hentry","post-wrapper","thrv_wrapper"],"acf":[],"_links":{"self":[{"href":"https:\/\/dotnuvaseeds.lt\/en\/wp-json\/wp\/v2\/pages\/44","targetHints":{"allow":["GET"]}}],"collection":[{"href":"https:\/\/dotnuvaseeds.lt\/en\/wp-json\/wp\/v2\/pages"}],"about":[{"href":"https:\/\/dotnuvaseeds.lt\/en\/wp-json\/wp\/v2\/types\/page"}],"author":[{"embeddable":true,"href":"https:\/\/dotnuvaseeds.lt\/en\/wp-json\/wp\/v2\/users\/1"}],"replies":[{"embeddable":true,"href":"https:\/\/dotnuvaseeds.lt\/en\/wp-json\/wp\/v2\/comments?post=44"}],"version-history":[{"count":15,"href":"https:\/\/dotnuvaseeds.lt\/en\/wp-json\/wp\/v2\/pages\/44\/revisions"}],"predecessor-version":[{"id":1858,"href":"https:\/\/dotnuvaseeds.lt\/en\/wp-json\/wp\/v2\/pages\/44\/revisions\/1858"}],"wp:attachment":[{"href":"https:\/\/dotnuvaseeds.lt\/en\/wp-json\/wp\/v2\/media?parent=44"}],"curies":[{"name":"wp","href":"https:\/\/api.w.org\/{rel}","templated":true}]}}