{"id":1004,"date":"2024-01-30T14:29:29","date_gmt":"2024-01-30T12:29:29","guid":{"rendered":"https:\/\/dotnuvaseeds.lt\/?post_type=product&#038;p=1004"},"modified":"2026-01-27T09:25:04","modified_gmt":"2026-01-27T07:25:04","slug":"lg-nida","status":"publish","type":"product","link":"https:\/\/dotnuvaseeds.lt\/en\/product\/lg-nida\/","title":{"rendered":"LG Nida"},"content":{"rendered":"<ul>\n<li>Breeder Limagrain Europe SAS, France,<\/li>\n<li>Registered in Lithuania in 2022,<\/li>\n<li>grain meets the requirements of quality class I-II,<\/li>\n<li>medium late,<\/li>\n<li>plants of medium height,<\/li>\n<li>resistant to lodging<\/li>\n<li>1000 grains average weight 45 g,<\/li>\n<li>wintry<\/li>\n<\/ul>\n<h3><strong>Breed characteristics<\/strong><\/h3>\n<p>Research on the economic value of the variety was carried out in 2019-2021, the average yield was 10.25 t ha<sup>-1<\/sup>\u00a0or 106 percent compared to standard varieties. The largest harvest was obtained in 2020. 13.00 t ha in Pasvalis AVT department<sup>-1<\/sup>.2022 in private variety trials, the yield was 103 percent. compared to standard varieties. Good disease resistance.<\/p>\n<h3><strong>Grain quality <\/strong><\/h3>\n<p>In the grains, on average, the following was found: protein 12.5%, gluten -25.6%, starch -69%, number of drops -299 s, weight per hectoliter -81.5 kg hl<sup>-1<\/sup>.<\/p>\n<p><img loading=\"lazy\" decoding=\"async\" class=\"alignnone size-full wp-image-2203\" src=\"https:\/\/dotnuvaseeds.lt\/wp-content\/uploads\/2024\/01\/Nida-derlingumas-2025.jpg\" alt=\"Nida derlingumas\" width=\"543\" height=\"454\" srcset=\"https:\/\/dotnuvaseeds.lt\/wp-content\/uploads\/2024\/01\/Nida-derlingumas-2025.jpg 543w, https:\/\/dotnuvaseeds.lt\/wp-content\/uploads\/2024\/01\/Nida-derlingumas-2025-14x12.jpg 14w\" sizes=\"auto, (max-width: 543px) 100vw, 543px\" \/><\/p>\n<p><img loading=\"lazy\" decoding=\"async\" class=\"alignnone size-full wp-image-2204\" src=\"https:\/\/dotnuvaseeds.lt\/wp-content\/uploads\/2024\/01\/Nida-ligotumas-2025.jpg\" alt=\"Nida ligotumas\" width=\"723\" height=\"900\" srcset=\"https:\/\/dotnuvaseeds.lt\/wp-content\/uploads\/2024\/01\/Nida-ligotumas-2025.jpg 723w, https:\/\/dotnuvaseeds.lt\/wp-content\/uploads\/2024\/01\/Nida-ligotumas-2025-482x600.jpg 482w, https:\/\/dotnuvaseeds.lt\/wp-content\/uploads\/2024\/01\/Nida-ligotumas-2025-10x12.jpg 10w, https:\/\/dotnuvaseeds.lt\/wp-content\/uploads\/2024\/01\/Nida-ligotumas-2025-600x747.jpg 600w\" sizes=\"auto, (max-width: 723px) 100vw, 723px\" \/><\/p>","protected":false},"excerpt":{"rendered":"<p>Selekcininkas \u00a0\u201eLimagrain Europe S.A.S.\u201c, Pranc\u016bzija, Lietuvoje registruota 2022\u00a0m., gr\u016bdai atitinka I-II kokyb\u0117s klas\u0117s reikalavimus, vidutinio v\u0117lyvumo, augalai vidutinio auk\u0161\u010dio, atspari i\u0161gulimui 1000 gr\u016bd\u0173 vidutin\u0117 mas\u0117 45\u00a0g, \u017eiemkenti\u0161ka Veisl\u0117s savyb\u0117s Veisl\u0117s \u016bkinio vertingumo tyrimai atlikti 2019-2021 m., gautas vidutinis derlingumas 10,25 t ha-1\u00a0arba 106 proc. lyginant su standartin\u0117mis veisl\u0117mis. Did\u017eiausias derlius buvo gautas 2020 m. Pasvalio [&hellip;]<\/p>\n","protected":false},"featured_media":1645,"template":"","meta":{"_acf_changed":false,"inline_featured_image":false,"slim_seo":{"title":"LG Nida - Dotnuva Seeds","description":"Breeder &quot;Limagrain Europe SAS&quot;, France, registered in Lithuania in 2022, grain meets quality class I-II requirements, medium late, plant"}},"product_brand":[],"product_cat":[62,55],"product_tag":[96],"paskirtis":[],"sezonas":[],"class_list":{"0":"post-1004","1":"product","2":"type-product","3":"status-publish","4":"has-post-thumbnail","6":"product_cat-zieminiai-kvieciai","7":"product_cat-zieminiu-augalu-veisles","8":"product_tag-nauja","9":"post-wrapper","10":"thrv_wrapper","12":"first","13":"instock","14":"taxable","15":"shipping-taxable","16":"product-type-simple"},"acf":[],"vidinis_prekes_pavadinimas":"","ax_sandelis":"","_links":{"self":[{"href":"https:\/\/dotnuvaseeds.lt\/en\/wp-json\/wp\/v2\/product\/1004","targetHints":{"allow":["GET"]}}],"collection":[{"href":"https:\/\/dotnuvaseeds.lt\/en\/wp-json\/wp\/v2\/product"}],"about":[{"href":"https:\/\/dotnuvaseeds.lt\/en\/wp-json\/wp\/v2\/types\/product"}],"wp:featuredmedia":[{"embeddable":true,"href":"https:\/\/dotnuvaseeds.lt\/en\/wp-json\/wp\/v2\/media\/1645"}],"wp:attachment":[{"href":"https:\/\/dotnuvaseeds.lt\/en\/wp-json\/wp\/v2\/media?parent=1004"}],"wp:term":[{"taxonomy":"product_brand","embeddable":true,"href":"https:\/\/dotnuvaseeds.lt\/en\/wp-json\/wp\/v2\/product_brand?post=1004"},{"taxonomy":"product_cat","embeddable":true,"href":"https:\/\/dotnuvaseeds.lt\/en\/wp-json\/wp\/v2\/product_cat?post=1004"},{"taxonomy":"product_tag","embeddable":true,"href":"https:\/\/dotnuvaseeds.lt\/en\/wp-json\/wp\/v2\/product_tag?post=1004"},{"taxonomy":"paskirtis","embeddable":true,"href":"https:\/\/dotnuvaseeds.lt\/en\/wp-json\/wp\/v2\/paskirtis?post=1004"},{"taxonomy":"sezonas","embeddable":true,"href":"https:\/\/dotnuvaseeds.lt\/en\/wp-json\/wp\/v2\/sezonas?post=1004"}],"curies":[{"name":"wp","href":"https:\/\/api.w.org\/{rel}","templated":true}]}}