{"id":1012,"date":"2024-01-30T14:47:19","date_gmt":"2024-01-30T12:47:19","guid":{"rendered":"https:\/\/dotnuvaseeds.lt\/?post_type=product&#038;p=1012"},"modified":"2025-06-05T16:17:07","modified_gmt":"2025-06-05T13:17:07","slug":"su-elrond-hibridiniai","status":"publish","type":"product","link":"https:\/\/dotnuvaseeds.lt\/en\/product\/with-elrond-hybrid\/","title":{"rendered":"SU Elrond (Hybrid)"},"content":{"rendered":"<ul>\n<li>HYBRO SAATZUCHT, Germany<\/li>\n<li>Registered in Lithuania in 2022.<\/li>\n<li>Medium late<\/li>\n<li>Plants of medium height<\/li>\n<li>Resistant to lodging<\/li>\n<li>The average weight of 1000 grains is 27 g<\/li>\n<li>Ziemkentishka<\/li>\n<\/ul>\n<h3><strong>Breed characteristics<\/strong><\/h3>\n<p>Breed characteristics: good resistance to spring mold and powdery mildew, very good resistance to brown rust. High yield compared to standard varieties in 2020-2021. In Latvia, the yield was 104.7 percent, in Estonia 113.7 percent.<\/p>\n<h3><strong>Grain quality<\/strong><\/h3>\n<p>Harvest - high quality indicators, high number of falls and moderate weight. Number of drop 252 s, protein 9.3%, weight 76 kg hl<sup>-1<\/sup>.<\/p>\n<p><img loading=\"lazy\" decoding=\"async\" class=\"alignnone size-full wp-image-1013\" src=\"https:\/\/dotnuvaseeds.lt\/wp-content\/uploads\/2024\/01\/SU-Elrond-grafikas.jpg\" alt=\"\" width=\"608\" height=\"351\" srcset=\"https:\/\/dotnuvaseeds.lt\/wp-content\/uploads\/2024\/01\/SU-Elrond-grafikas.jpg 608w, https:\/\/dotnuvaseeds.lt\/wp-content\/uploads\/2024\/01\/SU-Elrond-grafikas-600x346.jpg 600w\" sizes=\"auto, (max-width: 608px) 100vw, 608px\" \/><\/p>","protected":false},"excerpt":{"rendered":"<p>HYBRO SAATZUCHT, Vokietija Lietuvoje registruota 2022\u00a0m. Vidutinio v\u0117lyvumo Augalai vidutinio auk\u0161\u010dio Atspar\u016bs i\u0161gulimui 1000 gr\u016bd\u0173 vidutin\u0117 mas\u0117 \u2013 27\u00a0g \u017diemkenti\u0161ka Veisl\u0117s savyb\u0117s Veisl\u0117s savyb\u0117s: geras atsparumas pavasariniam pel\u0117siui ir miltligei, labai geras atsparumas rudosioms r\u016bdims. Auk\u0161to derlingumo, lyginant su standartin\u0117mis veisl\u0117mis 2020 &#8211; 2021 m. Latvijoje derlingumas buvo 104,7 proc., Estijoje 113,7 proc. Gr\u016bd\u0173 kokyb\u0117 [&hellip;]<\/p>\n","protected":false},"featured_media":1654,"template":"","meta":{"_acf_changed":false,"inline_featured_image":false,"slim_seo":{"title":"SU Elrond (hibridiniai) - Dotnuva Seeds","description":"HYBRO SAATZUCHT, Germany registered in Lithuania in 2022. Medium late Plants of medium height Resistant to lodging 1000 grains average weight - 27 g Winter"}},"product_brand":[],"product_cat":[65,55],"product_tag":[96],"paskirtis":[],"sezonas":[],"class_list":{"0":"post-1012","1":"product","2":"type-product","3":"status-publish","4":"has-post-thumbnail","6":"product_cat-zieminiai-rugiai","7":"product_cat-zieminiu-augalu-veisles","8":"product_tag-nauja","9":"post-wrapper","10":"thrv_wrapper","12":"first","13":"instock","14":"taxable","15":"shipping-taxable","16":"product-type-simple"},"acf":[],"vidinis_prekes_pavadinimas":"","ax_sandelis":"","_links":{"self":[{"href":"https:\/\/dotnuvaseeds.lt\/en\/wp-json\/wp\/v2\/product\/1012","targetHints":{"allow":["GET"]}}],"collection":[{"href":"https:\/\/dotnuvaseeds.lt\/en\/wp-json\/wp\/v2\/product"}],"about":[{"href":"https:\/\/dotnuvaseeds.lt\/en\/wp-json\/wp\/v2\/types\/product"}],"wp:featuredmedia":[{"embeddable":true,"href":"https:\/\/dotnuvaseeds.lt\/en\/wp-json\/wp\/v2\/media\/1654"}],"wp:attachment":[{"href":"https:\/\/dotnuvaseeds.lt\/en\/wp-json\/wp\/v2\/media?parent=1012"}],"wp:term":[{"taxonomy":"product_brand","embeddable":true,"href":"https:\/\/dotnuvaseeds.lt\/en\/wp-json\/wp\/v2\/product_brand?post=1012"},{"taxonomy":"product_cat","embeddable":true,"href":"https:\/\/dotnuvaseeds.lt\/en\/wp-json\/wp\/v2\/product_cat?post=1012"},{"taxonomy":"product_tag","embeddable":true,"href":"https:\/\/dotnuvaseeds.lt\/en\/wp-json\/wp\/v2\/product_tag?post=1012"},{"taxonomy":"paskirtis","embeddable":true,"href":"https:\/\/dotnuvaseeds.lt\/en\/wp-json\/wp\/v2\/paskirtis?post=1012"},{"taxonomy":"sezonas","embeddable":true,"href":"https:\/\/dotnuvaseeds.lt\/en\/wp-json\/wp\/v2\/sezonas?post=1012"}],"curies":[{"name":"wp","href":"https:\/\/api.w.org\/{rel}","templated":true}]}}