{"id":1019,"date":"2024-01-30T16:01:13","date_gmt":"2024-01-30T14:01:13","guid":{"rendered":"https:\/\/dotnuvaseeds.lt\/?post_type=product&#038;p=1019"},"modified":"2024-10-17T10:57:29","modified_gmt":"2024-10-17T07:57:29","slug":"sy-baracooda-hibridiniai","status":"publish","type":"product","link":"https:\/\/dotnuvaseeds.lt\/en\/product\/sy-baracooda-hybrids\/","title":{"rendered":"SY Baracooda (Hybrid)"},"content":{"rendered":"<ul>\n<li>Breeder Syngenta Seeds, Germany,<\/li>\n<li>hybrid,<\/li>\n<li>Researched in Lithuania since 2020,<\/li>\n<li>medium early,<\/li>\n<li>plants are tall<\/li>\n<li>resistant to lodging,<\/li>\n<li>The average weight of 1000 grains is 39.8 g<\/li>\n<li>wintry<\/li>\n<\/ul>\n<h3><strong>Breed characteristics <\/strong><\/h3>\n<p>in 2019 the variety was studied in Denmark, the yield was 105%. compared to standard varieties. Regenerates well in spring. Resistant to powdery mildew, moderately resistant to reticular streak and rhynchosporiosis. Has a gene for resistance to viral diseases.<\/p>\n<h3><strong>Grain quality<\/strong><\/h3>\n<p>Average protein content 12.4%, hectoliter weight 65.3 kg hl<sup>-1<\/sup><\/p>\n<p><img loading=\"lazy\" decoding=\"async\" class=\"alignnone size-full wp-image-1020\" src=\"https:\/\/dotnuvaseeds.lt\/wp-content\/uploads\/2024\/01\/SY-Baracooda-garfikas.jpg\" alt=\"\" width=\"653\" height=\"387\" srcset=\"https:\/\/dotnuvaseeds.lt\/wp-content\/uploads\/2024\/01\/SY-Baracooda-garfikas.jpg 653w, https:\/\/dotnuvaseeds.lt\/wp-content\/uploads\/2024\/01\/SY-Baracooda-garfikas-600x356.jpg 600w\" sizes=\"auto, (max-width: 653px) 100vw, 653px\" \/><\/p>","protected":false},"excerpt":{"rendered":"<p>Selekcininkas \u00a0\u201eSyngenta Seeds\u201c, Vokietija, hibridin\u0117, Lietuvoje tiriama nuo 2020 m., vidutinio ankstyvumo, augalai auk\u0161ti, atspari i\u0161gulimui, 1000 gr\u016bd\u0173 vidutin\u0117 mas\u0117 39,8 g \u017eiemkenti\u0161ka. Veisl\u0117s savyb\u0117s 2019 m. veisl\u0117 tirta Danijoje, derlingumas buvo 105 proc. lyginant su standartin\u0117mis veisl\u0117mis. Gerai regeneruoja pavasar\u012f. Atspari miltligei, vidutini\u0161kai atspari tinkli\u0161kajai dry\u017eligei ir rinchosporiozei. Turi atsparumo gen\u0105 virusin\u0117ms ligoms. Gr\u016bd\u0173 [&hellip;]<\/p>\n","protected":false},"featured_media":1652,"template":"","meta":{"_acf_changed":false,"inline_featured_image":false,"slim_seo":{"title":"SY Baracooda (hibridiniai) - Dotnuva Seeds","description":"Breeder &quot;Syngenta Seeds&quot;, Germany, hybrid, researched in Lithuania since 2020, medium early, tall plants, resistant to lodging, 1000 grains average"}},"product_brand":[],"product_cat":[66,55],"product_tag":[],"paskirtis":[],"sezonas":[],"class_list":{"0":"post-1019","1":"product","2":"type-product","3":"status-publish","4":"has-post-thumbnail","6":"product_cat-zieminiai-mieziai","7":"product_cat-zieminiu-augalu-veisles","8":"post-wrapper","9":"thrv_wrapper","11":"first","12":"instock","13":"taxable","14":"shipping-taxable","15":"product-type-simple"},"acf":[],"vidinis_prekes_pavadinimas":"","ax_sandelis":"","_links":{"self":[{"href":"https:\/\/dotnuvaseeds.lt\/en\/wp-json\/wp\/v2\/product\/1019","targetHints":{"allow":["GET"]}}],"collection":[{"href":"https:\/\/dotnuvaseeds.lt\/en\/wp-json\/wp\/v2\/product"}],"about":[{"href":"https:\/\/dotnuvaseeds.lt\/en\/wp-json\/wp\/v2\/types\/product"}],"wp:featuredmedia":[{"embeddable":true,"href":"https:\/\/dotnuvaseeds.lt\/en\/wp-json\/wp\/v2\/media\/1652"}],"wp:attachment":[{"href":"https:\/\/dotnuvaseeds.lt\/en\/wp-json\/wp\/v2\/media?parent=1019"}],"wp:term":[{"taxonomy":"product_brand","embeddable":true,"href":"https:\/\/dotnuvaseeds.lt\/en\/wp-json\/wp\/v2\/product_brand?post=1019"},{"taxonomy":"product_cat","embeddable":true,"href":"https:\/\/dotnuvaseeds.lt\/en\/wp-json\/wp\/v2\/product_cat?post=1019"},{"taxonomy":"product_tag","embeddable":true,"href":"https:\/\/dotnuvaseeds.lt\/en\/wp-json\/wp\/v2\/product_tag?post=1019"},{"taxonomy":"paskirtis","embeddable":true,"href":"https:\/\/dotnuvaseeds.lt\/en\/wp-json\/wp\/v2\/paskirtis?post=1019"},{"taxonomy":"sezonas","embeddable":true,"href":"https:\/\/dotnuvaseeds.lt\/en\/wp-json\/wp\/v2\/sezonas?post=1019"}],"curies":[{"name":"wp","href":"https:\/\/api.w.org\/{rel}","templated":true}]}}