{"id":1023,"date":"2024-01-30T16:08:23","date_gmt":"2024-01-30T14:08:23","guid":{"rendered":"https:\/\/dotnuvaseeds.lt\/?post_type=product&#038;p=1023"},"modified":"2026-01-27T10:50:27","modified_gmt":"2026-01-27T08:50:27","slug":"umberto-kws","status":"publish","type":"product","link":"https:\/\/dotnuvaseeds.lt\/en\/product\/umberto-kws\/","title":{"rendered":"Umberto KWS"},"content":{"rendered":"<ul>\n<li>KWS SAAT AG, Germany<\/li>\n<li>Registered in Lithuania in 2019.<\/li>\n<li>Hybrid variety<\/li>\n<li>Maturity medium-late<\/li>\n<li>Seed quality: Oiliness about 48%.<\/li>\n<li>Plants are medium-tall<\/li>\n<li>Resistant to lodging. Very resistant to seed shedding from pods<\/li>\n<li>Weight of 1000 seeds - 5 g<\/li>\n<li>Ziemkentishka<\/li>\n<\/ul>\n<h3><strong>Breed characteristics<\/strong><\/h3>\n<p>The plants are distinguished by their special health. Has RLM7 and RLM3 genes, which provide protection against phomosis, resistance to pod opening and seed shedding. Plants develop quickly in autumn, so they are suitable for mid-late sowing. Suitable for spot sowing. In spring, plants start and bloom moderately early.<\/p>\n<h3><strong>Seed quality<\/strong><\/h3>\n<p>Oiliness about 48 percent.<\/p>\n<p><img loading=\"lazy\" decoding=\"async\" class=\"alignnone size-full wp-image-2216\" src=\"https:\/\/dotnuvaseeds.lt\/wp-content\/uploads\/2024\/01\/Umberto-KWS-grafikas-2025.jpg\" alt=\"Umberto KWS grafikas\" width=\"496\" height=\"395\" srcset=\"https:\/\/dotnuvaseeds.lt\/wp-content\/uploads\/2024\/01\/Umberto-KWS-grafikas-2025.jpg 496w, https:\/\/dotnuvaseeds.lt\/wp-content\/uploads\/2024\/01\/Umberto-KWS-grafikas-2025-15x12.jpg 15w\" sizes=\"auto, (max-width: 496px) 100vw, 496px\" \/><\/p>\n<p>&nbsp;<\/p>","protected":false},"excerpt":{"rendered":"<p>KWS SAAT AG, Vokietija Lietuvoje registruota 2019 m. Hibridin\u0117 veisl\u0117 Branda vidutini\u0161ka-v\u0117lyva S\u0117kl\u0173 kokyb\u0117: Aliejingumas apie 48 proc. Augalai vidutinio auk\u0161\u010dio-auk\u0161ti Atspari i\u0161gulimui. Labai atspari s\u0117kl\u0173 i\u0161byr\u0117jimui i\u0161 ank\u0161tar\u0173 1000 s\u0117kl\u0173 mas\u0117 \u2013 5 g \u017diemkenti\u0161ka Veisl\u0117s savyb\u0117s Augalai i\u0161siskiria ypatingu sveikumu. Turi RLM7 ir RLM3 genus, kurie suteikia apsaug\u0105 nuo fomoz\u0117s, turi atsparum\u0105 ank\u0161tar\u0173 [&hellip;]<\/p>\n","protected":false},"featured_media":1281,"template":"","meta":{"_acf_changed":false,"inline_featured_image":false,"slim_seo":{"title":"Umberto KWS - Dotnuva Seeds","description":"KWS SAAT AG, Germany registered in Lithuania in 2019. Hybrid variety Maturity medium-late Seed quality: Oiliness about 48%. Plants of medium height"}},"product_brand":[],"product_cat":[67,55],"product_tag":[],"paskirtis":[],"sezonas":[],"class_list":{"0":"post-1023","1":"product","2":"type-product","3":"status-publish","4":"has-post-thumbnail","6":"product_cat-zieminiai-rapsai","7":"product_cat-zieminiu-augalu-veisles","8":"post-wrapper","9":"thrv_wrapper","11":"first","12":"instock","13":"taxable","14":"shipping-taxable","15":"product-type-simple"},"acf":[],"vidinis_prekes_pavadinimas":"","ax_sandelis":"","_links":{"self":[{"href":"https:\/\/dotnuvaseeds.lt\/en\/wp-json\/wp\/v2\/product\/1023","targetHints":{"allow":["GET"]}}],"collection":[{"href":"https:\/\/dotnuvaseeds.lt\/en\/wp-json\/wp\/v2\/product"}],"about":[{"href":"https:\/\/dotnuvaseeds.lt\/en\/wp-json\/wp\/v2\/types\/product"}],"wp:featuredmedia":[{"embeddable":true,"href":"https:\/\/dotnuvaseeds.lt\/en\/wp-json\/wp\/v2\/media\/1281"}],"wp:attachment":[{"href":"https:\/\/dotnuvaseeds.lt\/en\/wp-json\/wp\/v2\/media?parent=1023"}],"wp:term":[{"taxonomy":"product_brand","embeddable":true,"href":"https:\/\/dotnuvaseeds.lt\/en\/wp-json\/wp\/v2\/product_brand?post=1023"},{"taxonomy":"product_cat","embeddable":true,"href":"https:\/\/dotnuvaseeds.lt\/en\/wp-json\/wp\/v2\/product_cat?post=1023"},{"taxonomy":"product_tag","embeddable":true,"href":"https:\/\/dotnuvaseeds.lt\/en\/wp-json\/wp\/v2\/product_tag?post=1023"},{"taxonomy":"paskirtis","embeddable":true,"href":"https:\/\/dotnuvaseeds.lt\/en\/wp-json\/wp\/v2\/paskirtis?post=1023"},{"taxonomy":"sezonas","embeddable":true,"href":"https:\/\/dotnuvaseeds.lt\/en\/wp-json\/wp\/v2\/sezonas?post=1023"}],"curies":[{"name":"wp","href":"https:\/\/api.w.org\/{rel}","templated":true}]}}