{"id":1025,"date":"2024-01-30T16:11:56","date_gmt":"2024-01-30T14:11:56","guid":{"rendered":"https:\/\/dotnuvaseeds.lt\/?post_type=product&#038;p=1025"},"modified":"2026-01-27T10:53:23","modified_gmt":"2026-01-27T08:53:23","slug":"sy-ilona","status":"publish","type":"product","link":"https:\/\/dotnuvaseeds.lt\/en\/product\/sy-ilona\/","title":{"rendered":"SY Ilona"},"content":{"rendered":"<ul>\n<li>SYNGENTA SEEDS, Germany<\/li>\n<li>It has been studied in Lithuania since 2019.<\/li>\n<li>Line breed<\/li>\n<li>Medium late<\/li>\n<li>Seed quality<\/li>\n<li>The average oil content is about 49 percent.<\/li>\n<li>Plants of medium height<\/li>\n<li>Resistant to lodging<\/li>\n<li>The weight of 1000 seeds is about 5.3 g<\/li>\n<li>Good winter hardiness<\/li>\n<\/ul>\n<p><strong>Breed characteristics<\/strong><\/p>\n<p>Auk\u0161to derlingumo. 2022\u20132023 metais Kauno AVT skyriuje derlingumas buvo 122 proc. lyginant su standartine veisle. 2018\u20132021-aisiais Lenkijoje derlingumas buvo 104 proc., lyginant su standartin\u0117mis veisl\u0117mis. Tinkama auginti lengvesn\u0117se dirvose. Stabili ir sveika veisl\u0117.<\/p>\n<p><strong>Seed quality<\/strong><\/p>\n<p>Oiliness about 49 percent.<\/p>\n<p><img loading=\"lazy\" decoding=\"async\" class=\"alignnone  wp-image-2218\" src=\"https:\/\/dotnuvaseeds.lt\/wp-content\/uploads\/2024\/01\/SY-Ilonas-grafikas-2025.jpg\" alt=\"SY Ilonas grafikas\" width=\"522\" height=\"349\" srcset=\"https:\/\/dotnuvaseeds.lt\/wp-content\/uploads\/2024\/01\/SY-Ilonas-grafikas-2025.jpg 482w, https:\/\/dotnuvaseeds.lt\/wp-content\/uploads\/2024\/01\/SY-Ilonas-grafikas-2025-18x12.jpg 18w\" sizes=\"auto, (max-width: 522px) 100vw, 522px\" \/><\/p>","protected":false},"excerpt":{"rendered":"<p>SYNGENTA SEEDS, Vokietija Lietuvoje tiriama nuo 2019 m. Linijin\u0117 veisl\u0117 Vidutinio v\u0117lyvumo S\u0117kl\u0173 kokyb\u0117 Vidutinis aliejaus kiekis apie 49 proc. Augalai vidutinio auk\u0161\u010dio Atspari i\u0161gulimui 1000 s\u0117kl\u0173 mas\u0117 apie \u2013 5,3 g Geras \u017eiemkenti\u0161kumas Veisl\u0117s savyb\u0117s Auk\u0161to derlingumo. 2022\u20132023 metais Kauno AVT skyriuje derlingumas buvo 122 proc. lyginant su standartine veisle. 2018\u20132021-aisiais Lenkijoje derlingumas buvo [&hellip;]<\/p>\n","protected":false},"featured_media":1632,"template":"","meta":{"_acf_changed":false,"inline_featured_image":false,"slim_seo":{"title":"SY Ilona - Dotnuva Seeds","description":"SYNGENTA SEEDS, Germany has been studied in Lithuania since 2019. Line variety Medium late Seed quality Average oil content about 49 percent. The plants are average"}},"product_brand":[],"product_cat":[67,55],"product_tag":[],"paskirtis":[],"sezonas":[],"class_list":{"0":"post-1025","1":"product","2":"type-product","3":"status-publish","4":"has-post-thumbnail","6":"product_cat-zieminiai-rapsai","7":"product_cat-zieminiu-augalu-veisles","8":"post-wrapper","9":"thrv_wrapper","11":"first","12":"instock","13":"taxable","14":"shipping-taxable","15":"product-type-simple"},"acf":[],"vidinis_prekes_pavadinimas":"","ax_sandelis":"","_links":{"self":[{"href":"https:\/\/dotnuvaseeds.lt\/en\/wp-json\/wp\/v2\/product\/1025","targetHints":{"allow":["GET"]}}],"collection":[{"href":"https:\/\/dotnuvaseeds.lt\/en\/wp-json\/wp\/v2\/product"}],"about":[{"href":"https:\/\/dotnuvaseeds.lt\/en\/wp-json\/wp\/v2\/types\/product"}],"wp:featuredmedia":[{"embeddable":true,"href":"https:\/\/dotnuvaseeds.lt\/en\/wp-json\/wp\/v2\/media\/1632"}],"wp:attachment":[{"href":"https:\/\/dotnuvaseeds.lt\/en\/wp-json\/wp\/v2\/media?parent=1025"}],"wp:term":[{"taxonomy":"product_brand","embeddable":true,"href":"https:\/\/dotnuvaseeds.lt\/en\/wp-json\/wp\/v2\/product_brand?post=1025"},{"taxonomy":"product_cat","embeddable":true,"href":"https:\/\/dotnuvaseeds.lt\/en\/wp-json\/wp\/v2\/product_cat?post=1025"},{"taxonomy":"product_tag","embeddable":true,"href":"https:\/\/dotnuvaseeds.lt\/en\/wp-json\/wp\/v2\/product_tag?post=1025"},{"taxonomy":"paskirtis","embeddable":true,"href":"https:\/\/dotnuvaseeds.lt\/en\/wp-json\/wp\/v2\/paskirtis?post=1025"},{"taxonomy":"sezonas","embeddable":true,"href":"https:\/\/dotnuvaseeds.lt\/en\/wp-json\/wp\/v2\/sezonas?post=1025"}],"curies":[{"name":"wp","href":"https:\/\/api.w.org\/{rel}","templated":true}]}}