{"id":1027,"date":"2024-01-30T16:14:23","date_gmt":"2024-01-30T14:14:23","guid":{"rendered":"https:\/\/dotnuvaseeds.lt\/?post_type=product&#038;p=1027"},"modified":"2025-06-05T16:23:42","modified_gmt":"2025-06-05T13:23:42","slug":"sy-alibaba","status":"publish","type":"product","link":"https:\/\/dotnuvaseeds.lt\/en\/product\/sy-alibaba\/","title":{"rendered":"SY Alibaba"},"content":{"rendered":"<p><img loading=\"lazy\" decoding=\"async\" class=\"alignnone size-full wp-image-1911 alignright\" src=\"https:\/\/dotnuvaseeds.lt\/wp-content\/uploads\/2024\/01\/Abibaba-atspari-saknies-gumbui.jpg\" alt=\"Abibaba atspari \u0161aknies gumbui\" width=\"106\" height=\"124\" srcset=\"https:\/\/dotnuvaseeds.lt\/wp-content\/uploads\/2024\/01\/Abibaba-atspari-saknies-gumbui.jpg 106w, https:\/\/dotnuvaseeds.lt\/wp-content\/uploads\/2024\/01\/Abibaba-atspari-saknies-gumbui-10x12.jpg 10w\" sizes=\"auto, (max-width: 106px) 100vw, 106px\" \/><\/p>\n<ul>\n<li>SYNGENTA, Germany<\/li>\n<li>It has been studied in Lithuania since 2018.<\/li>\n<li>hybrid,<\/li>\n<li><strong>Atspari P1, P2, P3 \u0161aknies gumbo potipiams<\/strong><\/li>\n<li>Early flowering, medium late maturity<\/li>\n<li>The height of the plants is average<\/li>\n<li>Resistant to lodging<\/li>\n<li>Oiliness about 47 percent.<\/li>\n<li>Weight of 1000 seeds - 4.2 g<\/li>\n<li>Ziemkentishka<\/li>\n<\/ul>\n<h3><strong>Breed characteristics<\/strong><\/h3>\n<p>Root tuber resistant. It grows faster in spring than in autumn, the regulation of plant growth is more relevant in spring. Resistant to lodging, little susceptible to fomosis. Mid to medium late sowing time is recommended.<\/p>\n<h3><strong>Seed quality<\/strong><\/h3>\n<p>The average oil content is about 47 percent.<\/p>","protected":false},"excerpt":{"rendered":"<p>SYNGENTA, Vokietija Lietuvoje tiriama nuo 2018 m. Hibridin\u0117, Atspari P1, P2, P3 \u0161aknies gumbo potipiams Ankstyvas \u017eyd\u0117jimas, branda vidutinio v\u0117lyvumo Augal\u0173 auk\u0161tis vidutinis Atspari i\u0161gulimui Aliejingumas apie 47 proc. 1000 s\u0117kl\u0173 mas\u0117 \u2013 4,2 g \u017diemkenti\u0161ka Veisl\u0117s savyb\u0117s Atspari \u0161aknies gumbui. Spar\u010diau auga pavasar\u012f nei ruden\u012f, augalo augimo reguliavimas aktualesnis pavasar\u012f. Atspari i\u0161gulimui, ma\u017eai jautri [&hellip;]<\/p>\n","protected":false},"featured_media":1639,"template":"","meta":{"_acf_changed":false,"inline_featured_image":false,"slim_seo":{"title":"SY Alibaba - Dotnuva Seeds","description":"SYNGENTA, Vokietija Lietuvoje tiriama nuo 2018 m. Hibridin\u0117, Atspari P1, P2, P3 \u0161aknies gumbo potipiams Ankstyvas \u017eyd\u0117jimas, branda vidutinio v\u0117lyvumo Augal\u0173 au"}},"product_brand":[],"product_cat":[67,55],"product_tag":[],"paskirtis":[],"sezonas":[],"class_list":{"0":"post-1027","1":"product","2":"type-product","3":"status-publish","4":"has-post-thumbnail","6":"product_cat-zieminiai-rapsai","7":"product_cat-zieminiu-augalu-veisles","8":"post-wrapper","9":"thrv_wrapper","11":"first","12":"instock","13":"taxable","14":"shipping-taxable","15":"product-type-simple"},"acf":[],"vidinis_prekes_pavadinimas":"","ax_sandelis":"","_links":{"self":[{"href":"https:\/\/dotnuvaseeds.lt\/en\/wp-json\/wp\/v2\/product\/1027","targetHints":{"allow":["GET"]}}],"collection":[{"href":"https:\/\/dotnuvaseeds.lt\/en\/wp-json\/wp\/v2\/product"}],"about":[{"href":"https:\/\/dotnuvaseeds.lt\/en\/wp-json\/wp\/v2\/types\/product"}],"wp:featuredmedia":[{"embeddable":true,"href":"https:\/\/dotnuvaseeds.lt\/en\/wp-json\/wp\/v2\/media\/1639"}],"wp:attachment":[{"href":"https:\/\/dotnuvaseeds.lt\/en\/wp-json\/wp\/v2\/media?parent=1027"}],"wp:term":[{"taxonomy":"product_brand","embeddable":true,"href":"https:\/\/dotnuvaseeds.lt\/en\/wp-json\/wp\/v2\/product_brand?post=1027"},{"taxonomy":"product_cat","embeddable":true,"href":"https:\/\/dotnuvaseeds.lt\/en\/wp-json\/wp\/v2\/product_cat?post=1027"},{"taxonomy":"product_tag","embeddable":true,"href":"https:\/\/dotnuvaseeds.lt\/en\/wp-json\/wp\/v2\/product_tag?post=1027"},{"taxonomy":"paskirtis","embeddable":true,"href":"https:\/\/dotnuvaseeds.lt\/en\/wp-json\/wp\/v2\/paskirtis?post=1027"},{"taxonomy":"sezonas","embeddable":true,"href":"https:\/\/dotnuvaseeds.lt\/en\/wp-json\/wp\/v2\/sezonas?post=1027"}],"curies":[{"name":"wp","href":"https:\/\/api.w.org\/{rel}","templated":true}]}}