{"id":1028,"date":"2024-01-30T16:17:17","date_gmt":"2024-01-30T14:17:17","guid":{"rendered":"https:\/\/dotnuvaseeds.lt\/?post_type=product&#038;p=1028"},"modified":"2024-10-15T10:57:58","modified_gmt":"2024-10-15T07:57:58","slug":"lysander","status":"publish","type":"product","link":"https:\/\/dotnuvaseeds.lt\/en\/product\/lysander\/","title":{"rendered":"Lysander"},"content":{"rendered":"<ul>\n<li>linear,<\/li>\n<li>breeder, Parsons Seeds, Canada,<\/li>\n<li>Registered in Lithuania in 2017, standard breed AVTS,<\/li>\n<li>flowering is early, maturity is early-medium early,<\/li>\n<li>plants of medium height,<\/li>\n<li>very resistant to lodging,<\/li>\n<li>very resistant to seeds falling out of the pods,<\/li>\n<li>The weight of 1000 seeds is about 5.2 g,<\/li>\n<li>very wintry.<\/li>\n<\/ul>\n<p><strong>Breed characteristics<\/strong><\/p>\n<p>Fertile. 2014-2016 In Kaunas, Plunge and Pasvalis AVT divisions, the average seed yield was 5.23 t\/ha, or 0.4 percent. higher compared to standard varieties. The highest yield \u2013 7.12\/ha \u2013 was obtained in 2015. Kaunas AVT department. Good resistance to major canola diseases.<\/p>\n<p><strong>Seed quality<\/strong><\/p>\n<p>Oily, oiliness about 49%.<\/p>\n<p><img loading=\"lazy\" decoding=\"async\" class=\"alignnone size-full wp-image-1029\" src=\"https:\/\/dotnuvaseeds.lt\/wp-content\/uploads\/2024\/01\/Lysander-grafikas.jpg\" alt=\"\" width=\"600\" height=\"450\" \/><\/p>","protected":false},"excerpt":{"rendered":"<p>Linijin\u0117, selekcininkas, Parsons Seeds, Kanada, Lietuvoje registruota 2017 m., standartin\u0117 veisl\u0117 AVTS, \u017eyd\u0117jimo prad\u017eia ankstyva, branda ankstyva-vidutinio ankstyvumo, augalai vidutinio auk\u0161\u010dio, labai atspari i\u0161gulimui, labai atspari s\u0117kl\u0173 i\u0161byr\u0117jimui i\u0161 ank\u0161tar\u0173, 1000 s\u0117kl\u0173 mas\u0117 apie 5,2 g, labai \u017eiemkenti\u0161ka. Veisl\u0117s savyb\u0117s Derlinga. 2014\u20132016 m. Kauno, Plung\u0117s ir Pasvalio AVT skyriuose s\u0117kl\u0173 derliaus vidurkis buvo 5,23 t\/ha, [&hellip;]<\/p>\n","protected":false},"featured_media":1284,"template":"","meta":{"_acf_changed":false,"inline_featured_image":false,"slim_seo":{"title":"Lysander - Dotnuva Seeds","description":"Linear, breeder, Parsons Seeds, Canada, registered in Lithuania in 2017, standard variety AVTS, early flowering, early-medium maturity"}},"product_brand":[],"product_cat":[67,55],"product_tag":[],"paskirtis":[],"sezonas":[],"class_list":{"0":"post-1028","1":"product","2":"type-product","3":"status-publish","4":"has-post-thumbnail","6":"product_cat-zieminiai-rapsai","7":"product_cat-zieminiu-augalu-veisles","8":"post-wrapper","9":"thrv_wrapper","11":"first","12":"instock","13":"taxable","14":"shipping-taxable","15":"product-type-simple"},"acf":[],"vidinis_prekes_pavadinimas":"","ax_sandelis":"","_links":{"self":[{"href":"https:\/\/dotnuvaseeds.lt\/en\/wp-json\/wp\/v2\/product\/1028","targetHints":{"allow":["GET"]}}],"collection":[{"href":"https:\/\/dotnuvaseeds.lt\/en\/wp-json\/wp\/v2\/product"}],"about":[{"href":"https:\/\/dotnuvaseeds.lt\/en\/wp-json\/wp\/v2\/types\/product"}],"wp:featuredmedia":[{"embeddable":true,"href":"https:\/\/dotnuvaseeds.lt\/en\/wp-json\/wp\/v2\/media\/1284"}],"wp:attachment":[{"href":"https:\/\/dotnuvaseeds.lt\/en\/wp-json\/wp\/v2\/media?parent=1028"}],"wp:term":[{"taxonomy":"product_brand","embeddable":true,"href":"https:\/\/dotnuvaseeds.lt\/en\/wp-json\/wp\/v2\/product_brand?post=1028"},{"taxonomy":"product_cat","embeddable":true,"href":"https:\/\/dotnuvaseeds.lt\/en\/wp-json\/wp\/v2\/product_cat?post=1028"},{"taxonomy":"product_tag","embeddable":true,"href":"https:\/\/dotnuvaseeds.lt\/en\/wp-json\/wp\/v2\/product_tag?post=1028"},{"taxonomy":"paskirtis","embeddable":true,"href":"https:\/\/dotnuvaseeds.lt\/en\/wp-json\/wp\/v2\/paskirtis?post=1028"},{"taxonomy":"sezonas","embeddable":true,"href":"https:\/\/dotnuvaseeds.lt\/en\/wp-json\/wp\/v2\/sezonas?post=1028"}],"curies":[{"name":"wp","href":"https:\/\/api.w.org\/{rel}","templated":true}]}}