{"id":1032,"date":"2024-01-30T16:22:45","date_gmt":"2024-01-30T14:22:45","guid":{"rendered":"https:\/\/dotnuvaseeds.lt\/?post_type=product&#038;p=1032"},"modified":"2026-01-27T10:39:53","modified_gmt":"2026-01-27T08:39:53","slug":"kws-lauros","status":"publish","type":"product","link":"https:\/\/dotnuvaseeds.lt\/en\/product\/kws-lauros\/","title":{"rendered":"KWS Lauros"},"content":{"rendered":"<ul>\n<li>KWS SAAT AG, Germany<\/li>\n<li>It is being studied in Lithuania from 2020.<\/li>\n<li>Hybrid variety<\/li>\n<li>Medium early<\/li>\n<li>Seed quality<\/li>\n<li>The average oil content is about 48 percent.<\/li>\n<li>Plants of medium height<\/li>\n<li>Resistant to lodging<\/li>\n<li>Very resistant to seed shedding from pods<\/li>\n<li>Weight of 1000 seeds - 4.4 g<\/li>\n<li>Good winter hardiness<\/li>\n<\/ul>\n<p><strong>Breed characteristics<\/strong><\/p>\n<p>Veisl\u0117 atspari fomozei, turi Rlm7 gen\u0105, atspari ropi\u0173 geltos virusui, turi (TuYV) gen\u0105. Dirvinio ridiko genas suteikia labai ger\u0105 atsparum\u0105 s\u0117kl\u0173 i\u0161byr\u0117jimui i\u0161 ank\u0161tar\u0173. Tinkama ankstyvesnei ir v\u0117lyvesnei s\u0117jai. Auk\u0161to derlingumo, Lenkijoje COBORU duomenimis 2021\u20132023 m. vidutinis derlingumas buvo 5,43 t ha<sup>-1<\/sup>, arba 115 proc., lyginant su standartin\u0117mis veisl\u0117mis. Vidutiniais 2024 m. duomenimis Kauno AVTS derlingumas buvo 108 proc., lyginant su standartin\u0117mis veisl\u0117mis.<\/p>\n<p><strong>Seed quality<\/strong><\/p>\n<p>Oiliness about 48 percent.<\/p>\n<p><img loading=\"lazy\" decoding=\"async\" class=\"alignnone size-full wp-image-1033\" src=\"https:\/\/dotnuvaseeds.lt\/wp-content\/uploads\/2024\/01\/Lauros-KWS-grafikas.jpg\" alt=\"\" width=\"696\" height=\"524\" srcset=\"https:\/\/dotnuvaseeds.lt\/wp-content\/uploads\/2024\/01\/Lauros-KWS-grafikas.jpg 696w, https:\/\/dotnuvaseeds.lt\/wp-content\/uploads\/2024\/01\/Lauros-KWS-grafikas-600x452.jpg 600w\" sizes=\"auto, (max-width: 696px) 100vw, 696px\" \/><\/p>","protected":false},"excerpt":{"rendered":"<p>KWS SAAT AG, Vokietija Lietuvoje tiriama nuo 2020 m. Hibridin\u0117 veisl\u0117 Vidutinio ankstyvumo S\u0117kl\u0173 kokyb\u0117 Vidutinis aliejaus kiekis apie 48 proc. Augalai vidutinio auk\u0161\u010dio Atspari i\u0161gulimui Labai atspari s\u0117kl\u0173 i\u0161byr\u0117jimui i\u0161 ank\u0161tar\u0173 1000 s\u0117kl\u0173 mas\u0117 \u2013 4,4 g Geras \u017eiemkenti\u0161kumas Veisl\u0117s savyb\u0117s Veisl\u0117 atspari fomozei, turi Rlm7 gen\u0105, atspari ropi\u0173 geltos virusui, turi (TuYV) gen\u0105. [&hellip;]<\/p>\n","protected":false},"featured_media":1631,"template":"","meta":{"_acf_changed":false,"inline_featured_image":false,"slim_seo":{"title":"KWS Lauros - Dotnuva Seeds","description":"KWS SAAT AG, Germany is being investigated in Lithuania from 2020. Hybrid variety Medium earliness Seed quality Average oil content about 48 percent. The plants are average"}},"product_brand":[],"product_cat":[67,55],"product_tag":[],"paskirtis":[],"sezonas":[],"class_list":{"0":"post-1032","1":"product","2":"type-product","3":"status-publish","4":"has-post-thumbnail","6":"product_cat-zieminiai-rapsai","7":"product_cat-zieminiu-augalu-veisles","8":"post-wrapper","9":"thrv_wrapper","11":"first","12":"instock","13":"taxable","14":"shipping-taxable","15":"product-type-simple"},"acf":[],"vidinis_prekes_pavadinimas":"","ax_sandelis":"","_links":{"self":[{"href":"https:\/\/dotnuvaseeds.lt\/en\/wp-json\/wp\/v2\/product\/1032","targetHints":{"allow":["GET"]}}],"collection":[{"href":"https:\/\/dotnuvaseeds.lt\/en\/wp-json\/wp\/v2\/product"}],"about":[{"href":"https:\/\/dotnuvaseeds.lt\/en\/wp-json\/wp\/v2\/types\/product"}],"wp:featuredmedia":[{"embeddable":true,"href":"https:\/\/dotnuvaseeds.lt\/en\/wp-json\/wp\/v2\/media\/1631"}],"wp:attachment":[{"href":"https:\/\/dotnuvaseeds.lt\/en\/wp-json\/wp\/v2\/media?parent=1032"}],"wp:term":[{"taxonomy":"product_brand","embeddable":true,"href":"https:\/\/dotnuvaseeds.lt\/en\/wp-json\/wp\/v2\/product_brand?post=1032"},{"taxonomy":"product_cat","embeddable":true,"href":"https:\/\/dotnuvaseeds.lt\/en\/wp-json\/wp\/v2\/product_cat?post=1032"},{"taxonomy":"product_tag","embeddable":true,"href":"https:\/\/dotnuvaseeds.lt\/en\/wp-json\/wp\/v2\/product_tag?post=1032"},{"taxonomy":"paskirtis","embeddable":true,"href":"https:\/\/dotnuvaseeds.lt\/en\/wp-json\/wp\/v2\/paskirtis?post=1032"},{"taxonomy":"sezonas","embeddable":true,"href":"https:\/\/dotnuvaseeds.lt\/en\/wp-json\/wp\/v2\/sezonas?post=1032"}],"curies":[{"name":"wp","href":"https:\/\/api.w.org\/{rel}","templated":true}]}}