{"id":1034,"date":"2024-01-30T16:25:16","date_gmt":"2024-01-30T14:25:16","guid":{"rendered":"https:\/\/dotnuvaseeds.lt\/?post_type=product&#038;p=1034"},"modified":"2025-06-05T14:15:48","modified_gmt":"2025-06-05T11:15:48","slug":"janosh","status":"publish","type":"product","link":"https:\/\/dotnuvaseeds.lt\/en\/product\/janosh\/","title":{"rendered":"Janosh"},"content":{"rendered":"<ul>\n<li>RAPOOL, Germany<\/li>\n<li>Registered in Lithuania in 2022.<\/li>\n<li>Hybrid variety<\/li>\n<li>Medium late ripening<\/li>\n<li>Plants of medium height - tall<\/li>\n<li>Very good resistance to lodging<\/li>\n<li>Weight of 1000 seeds - 4.4 g<\/li>\n<li>Good winter hardiness<\/li>\n<\/ul>\n<p><strong>Breed characteristics<\/strong><\/p>\n<p>A stable hybrid with high yield potential. Resistant to fomosis, has Rlm7 gene and turnip yellows virus, has TuYV gene, tolerant to verticillosis. Has good drought resistance. Effectively absorbs nitrogen. Suitable for sowing in the middle and late sowing periods.  Vigorous growth in autumn, reliable winter hardiness and lodging resistance guarantee high results even in harsh conditions.<\/p>\n<p><strong>Seed quality<\/strong><\/p>\n<p>Medium to high oil content.<\/p>\n<p>&nbsp;<\/p>\n<p><img loading=\"lazy\" decoding=\"async\" class=\"alignnone wp-image-1889\" src=\"https:\/\/dotnuvaseeds.lt\/wp-content\/uploads\/2024\/01\/Janosh-grafikas-2025-m.jpg\" alt=\"Janosh grafikas 2025 m.\" width=\"581\" height=\"448\" srcset=\"https:\/\/dotnuvaseeds.lt\/wp-content\/uploads\/2024\/01\/Janosh-grafikas-2025-m.jpg 424w, https:\/\/dotnuvaseeds.lt\/wp-content\/uploads\/2024\/01\/Janosh-grafikas-2025-m-16x12.jpg 16w\" sizes=\"auto, (max-width: 581px) 100vw, 581px\" \/><\/p>","protected":false},"excerpt":{"rendered":"<p>RAPOOL, Vokietija Lietuvoje registruota 2022\u00a0m. Hibridin\u0117 veisl\u0117 Branda vidutinio v\u0117lyvumo Augalai vidutinio auk\u0161\u010dio &#8211; auk\u0161ti Labai geras atsparumas i\u0161gulimui 1000 s\u0117kl\u0173 mas\u0117 &#8211; 4,4 g Geras \u017eiemkenti\u0161kumas Veisl\u0117s savyb\u0117s Stabilus, auk\u0161to derliaus potencialo hibridas. Atsparus fomozei, turi Rlm7 gen\u0105 ir ropi\u0173 geltos virusui, turi TuYV gen\u0105, toleranti\u0161kas verticiliozei. Turi ger\u0105 atsparum\u0105 sausroms. Efektyviai pasisavina azot\u0105. [&hellip;]<\/p>\n","protected":false},"featured_media":1633,"template":"","meta":{"_acf_changed":false,"inline_featured_image":false,"slim_seo":{"title":"Janosh - Dotnuva Seeds","description":"RAPOOL, Germany registered in Lithuania in 2022. Hybrid variety Maturity medium late Plants medium height - tall Very good lodging resistance 1"}},"product_brand":[],"product_cat":[67,55],"product_tag":[114,96],"paskirtis":[],"sezonas":[],"class_list":{"0":"post-1034","1":"product","2":"type-product","3":"status-publish","4":"has-post-thumbnail","6":"product_cat-zieminiai-rapsai","7":"product_cat-zieminiu-augalu-veisles","8":"product_tag-nau","9":"product_tag-nauja","10":"post-wrapper","11":"thrv_wrapper","13":"first","14":"instock","15":"taxable","16":"shipping-taxable","17":"product-type-simple"},"acf":[],"vidinis_prekes_pavadinimas":"","ax_sandelis":"","_links":{"self":[{"href":"https:\/\/dotnuvaseeds.lt\/en\/wp-json\/wp\/v2\/product\/1034","targetHints":{"allow":["GET"]}}],"collection":[{"href":"https:\/\/dotnuvaseeds.lt\/en\/wp-json\/wp\/v2\/product"}],"about":[{"href":"https:\/\/dotnuvaseeds.lt\/en\/wp-json\/wp\/v2\/types\/product"}],"wp:featuredmedia":[{"embeddable":true,"href":"https:\/\/dotnuvaseeds.lt\/en\/wp-json\/wp\/v2\/media\/1633"}],"wp:attachment":[{"href":"https:\/\/dotnuvaseeds.lt\/en\/wp-json\/wp\/v2\/media?parent=1034"}],"wp:term":[{"taxonomy":"product_brand","embeddable":true,"href":"https:\/\/dotnuvaseeds.lt\/en\/wp-json\/wp\/v2\/product_brand?post=1034"},{"taxonomy":"product_cat","embeddable":true,"href":"https:\/\/dotnuvaseeds.lt\/en\/wp-json\/wp\/v2\/product_cat?post=1034"},{"taxonomy":"product_tag","embeddable":true,"href":"https:\/\/dotnuvaseeds.lt\/en\/wp-json\/wp\/v2\/product_tag?post=1034"},{"taxonomy":"paskirtis","embeddable":true,"href":"https:\/\/dotnuvaseeds.lt\/en\/wp-json\/wp\/v2\/paskirtis?post=1034"},{"taxonomy":"sezonas","embeddable":true,"href":"https:\/\/dotnuvaseeds.lt\/en\/wp-json\/wp\/v2\/sezonas?post=1034"}],"curies":[{"name":"wp","href":"https:\/\/api.w.org\/{rel}","templated":true}]}}