{"id":1036,"date":"2024-01-30T16:29:31","date_gmt":"2024-01-30T14:29:31","guid":{"rendered":"https:\/\/dotnuvaseeds.lt\/?post_type=product&#038;p=1036"},"modified":"2024-10-15T16:18:18","modified_gmt":"2024-10-15T13:18:18","slug":"inv1310","status":"publish","type":"product","link":"https:\/\/dotnuvaseeds.lt\/en\/product\/inv1310\/","title":{"rendered":"InV1310"},"content":{"rendered":"<ul>\n<li>BASF, Germany<\/li>\n<li>Registered in Lithuania since 2023.<\/li>\n<li>Hybrid variety<\/li>\n<li>Medium late ripening<\/li>\n<li>The plants are tall<\/li>\n<li>Good resistance to lodging<\/li>\n<li>Oiliness about 50 percent.<\/li>\n<li>Weight of 1000 seeds - 4.9 g<\/li>\n<li>Good winter hardiness<\/li>\n<\/ul>\n<p><strong>Breed characteristics<\/strong><\/p>\n<p>In the research year, it was the second most productive hybrid. 2020 - 2022 Kaunas, Plunge and Pasvalis AVTS were studied. Average yield was 120 percent compared to standard varieties. Good resistance to diseases, especially fomosis, because it has the Rlm 7 resistance gene. Plants are characterized by vigorous growth in autumn. Produces many side branches. Resistant to seeds falling out of the pods. It is suitable for growing in all types of soil, with all sowing technologies.<\/p>\n<p><strong>Seed quality<\/strong><\/p>\n<p>Oiliness about 50 percent.<\/p>\n<p><img loading=\"lazy\" decoding=\"async\" class=\"alignnone size-full wp-image-1037\" src=\"https:\/\/dotnuvaseeds.lt\/wp-content\/uploads\/2024\/01\/InV1310-grafikas.jpg\" alt=\"\" width=\"539\" height=\"416\" \/><\/p>","protected":false},"excerpt":{"rendered":"<p>BASF, Vokietija Lietuvoje registruota\u00a0nuo 2023\u00a0m. Hibridin\u0117 veisl\u0117 Branda vidutinio v\u0117lyvumo Augalai auk\u0161ti Geras atsparumas i\u0161gulimui Aliejingumas apie 50\u00a0proc. 1000 s\u0117kl\u0173 mas\u0117 \u2013 4,9 g Geras \u017eiemkenti\u0161kumas Veisl\u0117s savyb\u0117s Tyrim\u0173 metais buvo antras pagal derlingum\u0105 hibridas. 2020 &#8211; 2022 m. buvo tirtas Kauno, Plung\u0117s ir Pasvalio AVTS. Vidutinis derlingumas buvo 120 proc., lyginant su standartin\u0117mis veisl\u0117mis. [&hellip;]<\/p>\n","protected":false},"featured_media":1635,"template":"","meta":{"_acf_changed":false,"inline_featured_image":false,"slim_seo":{"title":"InV1310 - Dotnuva Seeds","description":"BASF, Germany has been registered in Lithuania since 2023. Hybrid variety Maturity medium late Plants tall Good resistance to lodging Oiliness about 50%"}},"product_brand":[],"product_cat":[67,55],"product_tag":[],"paskirtis":[],"sezonas":[],"class_list":{"0":"post-1036","1":"product","2":"type-product","3":"status-publish","4":"has-post-thumbnail","6":"product_cat-zieminiai-rapsai","7":"product_cat-zieminiu-augalu-veisles","8":"post-wrapper","9":"thrv_wrapper","11":"first","12":"instock","13":"taxable","14":"shipping-taxable","15":"product-type-simple"},"acf":[],"vidinis_prekes_pavadinimas":"","ax_sandelis":"","_links":{"self":[{"href":"https:\/\/dotnuvaseeds.lt\/en\/wp-json\/wp\/v2\/product\/1036","targetHints":{"allow":["GET"]}}],"collection":[{"href":"https:\/\/dotnuvaseeds.lt\/en\/wp-json\/wp\/v2\/product"}],"about":[{"href":"https:\/\/dotnuvaseeds.lt\/en\/wp-json\/wp\/v2\/types\/product"}],"wp:featuredmedia":[{"embeddable":true,"href":"https:\/\/dotnuvaseeds.lt\/en\/wp-json\/wp\/v2\/media\/1635"}],"wp:attachment":[{"href":"https:\/\/dotnuvaseeds.lt\/en\/wp-json\/wp\/v2\/media?parent=1036"}],"wp:term":[{"taxonomy":"product_brand","embeddable":true,"href":"https:\/\/dotnuvaseeds.lt\/en\/wp-json\/wp\/v2\/product_brand?post=1036"},{"taxonomy":"product_cat","embeddable":true,"href":"https:\/\/dotnuvaseeds.lt\/en\/wp-json\/wp\/v2\/product_cat?post=1036"},{"taxonomy":"product_tag","embeddable":true,"href":"https:\/\/dotnuvaseeds.lt\/en\/wp-json\/wp\/v2\/product_tag?post=1036"},{"taxonomy":"paskirtis","embeddable":true,"href":"https:\/\/dotnuvaseeds.lt\/en\/wp-json\/wp\/v2\/paskirtis?post=1036"},{"taxonomy":"sezonas","embeddable":true,"href":"https:\/\/dotnuvaseeds.lt\/en\/wp-json\/wp\/v2\/sezonas?post=1036"}],"curies":[{"name":"wp","href":"https:\/\/api.w.org\/{rel}","templated":true}]}}