{"id":1040,"date":"2024-01-30T16:34:36","date_gmt":"2024-01-30T14:34:36","guid":{"rendered":"https:\/\/dotnuvaseeds.lt\/?post_type=product&#038;p=1040"},"modified":"2025-06-05T14:18:43","modified_gmt":"2025-06-05T11:18:43","slug":"feliciano-kws","status":"publish","type":"product","link":"https:\/\/dotnuvaseeds.lt\/en\/product\/feliciano-kws\/","title":{"rendered":"Feliciano KWS"},"content":{"rendered":"<ul>\n<li>KWS SAAT AG, Germany<\/li>\n<li>It is being studied in Lithuania from 2021.<\/li>\n<li>Hybrid<\/li>\n<li>Medium early<\/li>\n<li>Seed quality: average oil content about 46.8 percent.<\/li>\n<li>Weight of 1000 seeds - 5.2 g<\/li>\n<li>Ziemkentishka<\/li>\n<li>Plants of medium height<\/li>\n<li>Resistant to lodging<\/li>\n<li>Resistant to seed shedding<\/li>\n<\/ul>\n<h3><strong>Breed characteristics<\/strong><\/h3>\n<p>High yield potential, 2021. The yield of Kaunas AVTS was 104.7 percent compared to standard varieties. The variety is resistant to fomosis (has RLMs gene), turnip yellows virus (has TuYV), tolerant to verticillosis. Plants develop intensively both in autumn and spring.<\/p>\n<h3><strong>Seed quality<\/strong><\/h3>\n<p>Oiliness about 46.8 percent.<\/p>\n<p><img loading=\"lazy\" decoding=\"async\" class=\"alignnone  wp-image-1895\" src=\"https:\/\/dotnuvaseeds.lt\/wp-content\/uploads\/2024\/01\/Feliciano-KWS-grafikas-2025-m.jpg\" alt=\"Feliciano kws grafikas 2025 m.\" width=\"589\" height=\"472\" srcset=\"https:\/\/dotnuvaseeds.lt\/wp-content\/uploads\/2024\/01\/Feliciano-KWS-grafikas-2025-m.jpg 477w, https:\/\/dotnuvaseeds.lt\/wp-content\/uploads\/2024\/01\/Feliciano-KWS-grafikas-2025-m-15x12.jpg 15w\" sizes=\"auto, (max-width: 589px) 100vw, 589px\" \/><\/p>","protected":false},"excerpt":{"rendered":"<p>KWS SAAT AG, Vokietija Lietuvoje tiriama nuo 2021 m. Hibridin\u0117 Vidutinio ankstyvumo S\u0117kl\u0173 kokyb\u0117: vidutinis aliejaus kiekis apie 46,8 proc. 1000 s\u0117kl\u0173 mas\u0117 \u2013 5,2 g \u017diemkenti\u0161ka Augalai vidutinio auk\u0161\u010dio Atspari i\u0161gulimui Atspari s\u0117kl\u0173 i\u0161byr\u0117jimui Veisl\u0117s savyb\u0117s Auk\u0161to derliaus potencialo, 2021 m. Kauno AVTS derlingumas buvo 104,7 proc., lyginant su standartin\u0117mis veisl\u0117mis. Veisl\u0117 atspari fomozei [&hellip;]<\/p>\n","protected":false},"featured_media":1638,"template":"","meta":{"_acf_changed":false,"inline_featured_image":false,"slim_seo":{"title":"Feliciano KWS - Dotnuva Seeds","description":"KWS SAAT AG, Germany is being studied in Lithuania from 2021. Hybrid Medium early Seed quality: average oil content about 46.8 percent. Weight of 1000 seeds - 5,"}},"product_brand":[],"product_cat":[67,55],"product_tag":[],"paskirtis":[],"sezonas":[],"class_list":{"0":"post-1040","1":"product","2":"type-product","3":"status-publish","4":"has-post-thumbnail","6":"product_cat-zieminiai-rapsai","7":"product_cat-zieminiu-augalu-veisles","8":"post-wrapper","9":"thrv_wrapper","11":"first","12":"instock","13":"taxable","14":"shipping-taxable","15":"product-type-simple"},"acf":[],"vidinis_prekes_pavadinimas":"","ax_sandelis":"","_links":{"self":[{"href":"https:\/\/dotnuvaseeds.lt\/en\/wp-json\/wp\/v2\/product\/1040","targetHints":{"allow":["GET"]}}],"collection":[{"href":"https:\/\/dotnuvaseeds.lt\/en\/wp-json\/wp\/v2\/product"}],"about":[{"href":"https:\/\/dotnuvaseeds.lt\/en\/wp-json\/wp\/v2\/types\/product"}],"wp:featuredmedia":[{"embeddable":true,"href":"https:\/\/dotnuvaseeds.lt\/en\/wp-json\/wp\/v2\/media\/1638"}],"wp:attachment":[{"href":"https:\/\/dotnuvaseeds.lt\/en\/wp-json\/wp\/v2\/media?parent=1040"}],"wp:term":[{"taxonomy":"product_brand","embeddable":true,"href":"https:\/\/dotnuvaseeds.lt\/en\/wp-json\/wp\/v2\/product_brand?post=1040"},{"taxonomy":"product_cat","embeddable":true,"href":"https:\/\/dotnuvaseeds.lt\/en\/wp-json\/wp\/v2\/product_cat?post=1040"},{"taxonomy":"product_tag","embeddable":true,"href":"https:\/\/dotnuvaseeds.lt\/en\/wp-json\/wp\/v2\/product_tag?post=1040"},{"taxonomy":"paskirtis","embeddable":true,"href":"https:\/\/dotnuvaseeds.lt\/en\/wp-json\/wp\/v2\/paskirtis?post=1040"},{"taxonomy":"sezonas","embeddable":true,"href":"https:\/\/dotnuvaseeds.lt\/en\/wp-json\/wp\/v2\/sezonas?post=1040"}],"curies":[{"name":"wp","href":"https:\/\/api.w.org\/{rel}","templated":true}]}}