{"id":1049,"date":"2024-01-30T16:45:29","date_gmt":"2024-01-30T14:45:29","guid":{"rendered":"https:\/\/dotnuvaseeds.lt\/?post_type=product&#038;p=1049"},"modified":"2026-01-27T10:47:30","modified_gmt":"2026-01-27T08:47:30","slug":"dk-expectation","status":"publish","type":"product","link":"https:\/\/dotnuvaseeds.lt\/en\/product\/dk-expectation\/","title":{"rendered":"DK Expectation"},"content":{"rendered":"<ul>\n<li>hybrid,<\/li>\n<li>breeder, Bayer Seeds SA, Germany,<\/li>\n<li>medium early,<\/li>\n<li>plants of medium height,<\/li>\n<li>moderately resistant to lodging,<\/li>\n<li>very good resistance to seed shedding,<\/li>\n<li>very good winter resistance.<\/li>\n<\/ul>\n<h3><strong>Breed characteristics<\/strong><\/h3>\n<p>High yield potential. Recommended for medium and late sowing time. Suitable for growing in various types of soil. The hybrid is resistant to turnip yellow virus, has the TuYV gene, and has good resistance to pod opening, which is provided by the soil radish gene. Dual protection against phomosis by the Rlm7 gene. The use of growth regulators is recommended.<\/p>\n<h3><strong>Seed quality<\/strong><\/h3>\n<p>High oil content.<\/p>\n<p><img loading=\"lazy\" decoding=\"async\" class=\"alignnone  wp-image-2214\" src=\"https:\/\/dotnuvaseeds.lt\/wp-content\/uploads\/2024\/01\/DK-Expectation-grafikas-2025.jpg\" alt=\"DK Expectation grafikas\" width=\"476\" height=\"340\" srcset=\"https:\/\/dotnuvaseeds.lt\/wp-content\/uploads\/2024\/01\/DK-Expectation-grafikas-2025.jpg 428w, https:\/\/dotnuvaseeds.lt\/wp-content\/uploads\/2024\/01\/DK-Expectation-grafikas-2025-18x12.jpg 18w\" sizes=\"auto, (max-width: 476px) 100vw, 476px\" \/><\/p>","protected":false},"excerpt":{"rendered":"<p>Hibridin\u0117, selekcininkas, \u201eBayer Seeds SA\u201c, Vokietija, vidutinio ankstyvumo, augalai vidutinio auk\u0161\u010dio, vidutini\u0161kai atspari i\u0161gulimui, labai geras atsparumas s\u0117kl\u0173 i\u0161byr\u0117jimui, labai geras \u017eiemkenti\u0161kumas. Veisl\u0117s savyb\u0117s Auk\u0161tas derliaus potencialas. Rekomenduojama vidutiniam ir v\u0117lyvam s\u0117jos laikui. Tinka auginti \u012fvairiuose dirvo\u017eemio tipuose. Hibridas atsparus ropi\u0173 geltos virusui, turi TuYV gen\u0105, turi ger\u0105 atsparum\u0105 ank\u0161tar\u0173 atsidarymui, kur\u012f suteikia dirvinio ridiko [&hellip;]<\/p>\n","protected":false},"featured_media":1629,"template":"","meta":{"_acf_changed":false,"inline_featured_image":false,"slim_seo":{"title":"DK Expectation - Dotnuva Seeds","description":"Hybrid, breeder, Bayer Seeds SA, Germany, medium early, plants medium height, medium lodging resistance, very good resistance to s"}},"product_brand":[],"product_cat":[67,55],"product_tag":[],"paskirtis":[],"sezonas":[],"class_list":{"0":"post-1049","1":"product","2":"type-product","3":"status-publish","4":"has-post-thumbnail","6":"product_cat-zieminiai-rapsai","7":"product_cat-zieminiu-augalu-veisles","8":"post-wrapper","9":"thrv_wrapper","11":"first","12":"instock","13":"taxable","14":"shipping-taxable","15":"product-type-simple"},"acf":[],"vidinis_prekes_pavadinimas":"","ax_sandelis":"","_links":{"self":[{"href":"https:\/\/dotnuvaseeds.lt\/en\/wp-json\/wp\/v2\/product\/1049","targetHints":{"allow":["GET"]}}],"collection":[{"href":"https:\/\/dotnuvaseeds.lt\/en\/wp-json\/wp\/v2\/product"}],"about":[{"href":"https:\/\/dotnuvaseeds.lt\/en\/wp-json\/wp\/v2\/types\/product"}],"wp:featuredmedia":[{"embeddable":true,"href":"https:\/\/dotnuvaseeds.lt\/en\/wp-json\/wp\/v2\/media\/1629"}],"wp:attachment":[{"href":"https:\/\/dotnuvaseeds.lt\/en\/wp-json\/wp\/v2\/media?parent=1049"}],"wp:term":[{"taxonomy":"product_brand","embeddable":true,"href":"https:\/\/dotnuvaseeds.lt\/en\/wp-json\/wp\/v2\/product_brand?post=1049"},{"taxonomy":"product_cat","embeddable":true,"href":"https:\/\/dotnuvaseeds.lt\/en\/wp-json\/wp\/v2\/product_cat?post=1049"},{"taxonomy":"product_tag","embeddable":true,"href":"https:\/\/dotnuvaseeds.lt\/en\/wp-json\/wp\/v2\/product_tag?post=1049"},{"taxonomy":"paskirtis","embeddable":true,"href":"https:\/\/dotnuvaseeds.lt\/en\/wp-json\/wp\/v2\/paskirtis?post=1049"},{"taxonomy":"sezonas","embeddable":true,"href":"https:\/\/dotnuvaseeds.lt\/en\/wp-json\/wp\/v2\/sezonas?post=1049"}],"curies":[{"name":"wp","href":"https:\/\/api.w.org\/{rel}","templated":true}]}}