{"id":1057,"date":"2024-01-31T16:23:59","date_gmt":"2024-01-31T14:23:59","guid":{"rendered":"https:\/\/dotnuvaseeds.lt\/?post_type=product&#038;p=1057"},"modified":"2025-04-24T19:25:44","modified_gmt":"2025-04-24T16:25:44","slug":"pagriovys-2-be-ankstiniu","status":"publish","type":"product","link":"https:\/\/dotnuvaseeds.lt\/en\/product\/trench-2-without-previous\/","title":{"rendered":"Trench 2 (Without Legumes)"},"content":{"rendered":"<p>This mixture is composed of low, densely maturing bell grass species. Red fescue forms a dense turf and ensures longevity, fescue and perennial sedges ensure rapid germination and weed suppression in the year of sowing.<\/p>\n<p>The purpose of the mixture is for the installation of protection zones of surface water bodies, coastal protection or perennial grass strips.<\/p>\n<table>\n<tbody>\n<tr>\n<td><strong>Purpose<\/strong><\/td>\n<td><strong>The soil<\/strong><\/td>\n<td><strong>Name of the mixture<\/strong><\/td>\n<td><strong>Seed rate, kg\/ha<\/strong><\/td>\n<td><strong>Duration of use in years<\/strong><\/td>\n<\/tr>\n<tr>\n<td>For landscaping<\/td>\n<td>Various<\/td>\n<td>SUBSTANCE 2 (Without legumes)<\/td>\n<td>25-30<\/td>\n<td>4+<\/td>\n<\/tr>\n<\/tbody>\n<\/table>\n<p>&nbsp;<\/p>","protected":false},"excerpt":{"rendered":"<p>\u0160is mi\u0161inys sudarytas i\u0161 \u017eem\u0173, \u012f tank\u0173 kilim\u0105 suaugan\u010di\u0173 varpini\u0173 \u017eoli\u0173 r\u016b\u0161i\u0173. Raudonieji erai\u010dinai suformuoja tanki\u0105 vel\u0117n\u0105 ir u\u017etikrina ilgaam\u017ei\u0161kum\u0105, erai\u010dinsvidr\u0117s ir daugiamet\u0117s svidr\u0117s u\u017etikrina greit\u0105 sudygim\u0105 ir pikt\u017eoli\u0173 stelbim\u0105 s\u0117jos metais. Mi\u0161inio paskirtis \u2013\u00a0 pavir\u0161ini\u0173 vandens telkini\u0173 apsaugos zon\u0173, pakran\u010di\u0173 apsaugos ar daugiame\u010di\u0173 \u017eoli\u0173 juost\u0173 \u012frengimui. Paskirtis Dirvo\u017eemis Mi\u0161inio pavadinimas S\u0117kl\u0173 norma, kg\/ha Naudojimo [&hellip;]<\/p>\n","protected":false},"featured_media":1862,"template":"","meta":{"_acf_changed":false,"inline_featured_image":false,"slim_seo":{"title":"Pagriovys 2 (Be ank\u0161tini\u0173) - Dotnuva Seeds","description":"This mixture is composed of low, densely maturing bell grass species. Red fescue forms dense turf and ensures longevity, fescue"}},"product_brand":[],"product_cat":[69],"product_tag":[],"paskirtis":[],"sezonas":[],"class_list":{"0":"post-1057","1":"product","2":"type-product","3":"status-publish","4":"has-post-thumbnail","6":"product_cat-pasariniu-zoliu-misiniai","7":"post-wrapper","8":"thrv_wrapper","10":"first","11":"instock","12":"taxable","13":"shipping-taxable","14":"product-type-simple"},"acf":[],"vidinis_prekes_pavadinimas":"","ax_sandelis":"","_links":{"self":[{"href":"https:\/\/dotnuvaseeds.lt\/en\/wp-json\/wp\/v2\/product\/1057","targetHints":{"allow":["GET"]}}],"collection":[{"href":"https:\/\/dotnuvaseeds.lt\/en\/wp-json\/wp\/v2\/product"}],"about":[{"href":"https:\/\/dotnuvaseeds.lt\/en\/wp-json\/wp\/v2\/types\/product"}],"wp:featuredmedia":[{"embeddable":true,"href":"https:\/\/dotnuvaseeds.lt\/en\/wp-json\/wp\/v2\/media\/1862"}],"wp:attachment":[{"href":"https:\/\/dotnuvaseeds.lt\/en\/wp-json\/wp\/v2\/media?parent=1057"}],"wp:term":[{"taxonomy":"product_brand","embeddable":true,"href":"https:\/\/dotnuvaseeds.lt\/en\/wp-json\/wp\/v2\/product_brand?post=1057"},{"taxonomy":"product_cat","embeddable":true,"href":"https:\/\/dotnuvaseeds.lt\/en\/wp-json\/wp\/v2\/product_cat?post=1057"},{"taxonomy":"product_tag","embeddable":true,"href":"https:\/\/dotnuvaseeds.lt\/en\/wp-json\/wp\/v2\/product_tag?post=1057"},{"taxonomy":"paskirtis","embeddable":true,"href":"https:\/\/dotnuvaseeds.lt\/en\/wp-json\/wp\/v2\/paskirtis?post=1057"},{"taxonomy":"sezonas","embeddable":true,"href":"https:\/\/dotnuvaseeds.lt\/en\/wp-json\/wp\/v2\/sezonas?post=1057"}],"curies":[{"name":"wp","href":"https:\/\/api.w.org\/{rel}","templated":true}]}}