{"id":1064,"date":"2024-02-01T08:21:46","date_gmt":"2024-02-01T06:21:46","guid":{"rendered":"https:\/\/dotnuvaseeds.lt\/?post_type=product&#038;p=1064"},"modified":"2025-04-24T19:19:06","modified_gmt":"2025-04-24T16:19:06","slug":"dotnuva-1","status":"publish","type":"product","link":"https:\/\/dotnuvaseeds.lt\/en\/product\/dotnuva-1\/","title":{"rendered":"Dotnuva 1"},"content":{"rendered":"<p>Mixture of fodder grass seeds DOTNUVA 1 (20 kg)<\/p>\n<p>These mixes consist of white clover and low bell grasses such as perennial sedges. Such pastures are high-quality and fertile throughout the grazing season.<\/p>\n<p>A mixture of grasses of Lithuanian and Danish varieties, based on winter-resistant perennial sedges. It is intended not only for grazing, but also for the renewal of pastures. This grass mixture can be sown not only in fertile, but also in less fertile soils.<\/p>\n<p>Seed rate: 25 kg\/ha<br \/>\nFor renewal of grasslands: 18 kg\/ha<\/p>\n<table>\n<tbody>\n<tr>\n<td><strong>Purpose<\/strong><\/td>\n<td><strong>The soil<\/strong><\/td>\n<td><strong>Name of the mixture<\/strong><\/td>\n<td><strong>Seed rate, kg\/ha<\/strong><\/td>\n<td><strong>Duration of use in years<\/strong><\/td>\n<\/tr>\n<tr>\n<td>For leaving<\/td>\n<td>Various<\/td>\n<td>Dotnuva 1<\/td>\n<td>18-25<\/td>\n<td>1-2<\/td>\n<\/tr>\n<\/tbody>\n<\/table>","protected":false},"excerpt":{"rendered":"<p>Pa\u0161arini\u0173 \u017eoli\u0173 s\u0117kl\u0173 mi\u0161inys DOTNUVA 1 (20 kg) \u0160ie mi\u0161iniai sudaryti i\u0161 balt\u0173j\u0173 dobil\u0173 ir \u017eem\u0173j\u0173 varpini\u0173 \u017eoli\u0173, toki\u0173 kaip daugiamet\u0117s svidr\u0117s. Tokios ganyklos b\u016bna kokybi\u0161kos ir derlingos vis\u0105 ganymo sezon\u0105. Lietuvi\u0161k\u0173 ir dani\u0161k\u0173 veisli\u0173 \u017eoli\u0173 mi\u0161inys, kurio pagrind\u0105 sudaro \u017eiemojimui atsparios daugiamet\u0117s svidr\u0117s. Skirtas ne tik ganymui, bet ir ganykl\u0173 atnaujinimui. \u0160\u012f \u017eoli\u0173 mi\u0161in\u012f [&hellip;]<\/p>\n","protected":false},"featured_media":1862,"template":"","meta":{"_acf_changed":false,"inline_featured_image":false,"slim_seo":{"title":"Dotnuva 1 - Dotnuva Seeds","description":"Forage grass seed mix DOTNUVA 1 (20 kg) These mixes consist of white clover and low bell grasses such as perennial sedges. Such a pasture"}},"product_brand":[],"product_cat":[69],"product_tag":[],"paskirtis":[],"sezonas":[],"class_list":{"0":"post-1064","1":"product","2":"type-product","3":"status-publish","4":"has-post-thumbnail","6":"product_cat-pasariniu-zoliu-misiniai","7":"post-wrapper","8":"thrv_wrapper","10":"first","11":"instock","12":"taxable","13":"shipping-taxable","14":"product-type-simple"},"acf":[],"vidinis_prekes_pavadinimas":"","ax_sandelis":"","_links":{"self":[{"href":"https:\/\/dotnuvaseeds.lt\/en\/wp-json\/wp\/v2\/product\/1064","targetHints":{"allow":["GET"]}}],"collection":[{"href":"https:\/\/dotnuvaseeds.lt\/en\/wp-json\/wp\/v2\/product"}],"about":[{"href":"https:\/\/dotnuvaseeds.lt\/en\/wp-json\/wp\/v2\/types\/product"}],"wp:featuredmedia":[{"embeddable":true,"href":"https:\/\/dotnuvaseeds.lt\/en\/wp-json\/wp\/v2\/media\/1862"}],"wp:attachment":[{"href":"https:\/\/dotnuvaseeds.lt\/en\/wp-json\/wp\/v2\/media?parent=1064"}],"wp:term":[{"taxonomy":"product_brand","embeddable":true,"href":"https:\/\/dotnuvaseeds.lt\/en\/wp-json\/wp\/v2\/product_brand?post=1064"},{"taxonomy":"product_cat","embeddable":true,"href":"https:\/\/dotnuvaseeds.lt\/en\/wp-json\/wp\/v2\/product_cat?post=1064"},{"taxonomy":"product_tag","embeddable":true,"href":"https:\/\/dotnuvaseeds.lt\/en\/wp-json\/wp\/v2\/product_tag?post=1064"},{"taxonomy":"paskirtis","embeddable":true,"href":"https:\/\/dotnuvaseeds.lt\/en\/wp-json\/wp\/v2\/paskirtis?post=1064"},{"taxonomy":"sezonas","embeddable":true,"href":"https:\/\/dotnuvaseeds.lt\/en\/wp-json\/wp\/v2\/sezonas?post=1064"}],"curies":[{"name":"wp","href":"https:\/\/api.w.org\/{rel}","templated":true}]}}