{"id":1072,"date":"2024-02-01T09:19:34","date_gmt":"2024-02-01T07:19:34","guid":{"rendered":"https:\/\/dotnuvaseeds.lt\/?post_type=product&#038;p=1072"},"modified":"2025-04-24T19:23:22","modified_gmt":"2025-04-24T16:23:22","slug":"durpe-1","status":"publish","type":"product","link":"https:\/\/dotnuvaseeds.lt\/en\/product\/peat-1\/","title":{"rendered":"Peat 1"},"content":{"rendered":"<p>Forage grass seed mixture Peat 1 (20 kg)<\/p>\n<p>Traditional mixtures are not always suitable for specific soils, such as flooded meadows, peaty and acidic soils, sandy soils. Special purpose mixes have been created for such places, which are able to form grass and grow crops even under unfavorable conditions.<\/p>\n<p>A mixture of Lithuanian and Danish varieties of herbs, based on two types of fescue. Intended for sowing in drained peaty soils.<\/p>\n<table>\n<tbody>\n<tr>\n<td><strong>Purpose<\/strong><\/td>\n<td><strong>The soil<\/strong><\/td>\n<td><strong>Name of the mixture<\/strong><\/td>\n<td><strong>Seed rate, kg\/ha<\/strong><\/td>\n<td><strong>Duration of use years<\/strong>s<\/td>\n<\/tr>\n<tr>\n<td>Special purpose<\/td>\n<td>Sand\/dry peat<\/td>\n<td>Peat 1<\/td>\n<td>25<\/td>\n<td>4-6<\/td>\n<\/tr>\n<\/tbody>\n<\/table>","protected":false},"excerpt":{"rendered":"<p>Pa\u0161arini\u0173 \u017eoli\u0173 s\u0117kl\u0173 mi\u0161inys Durp\u0117 1 (20 kg) Tradiciniai mi\u0161iniai ne visada tinka specifin\u0117ms dirvoms, pavyzd\u017eiui u\u017eliejamoms pievoms, durpingiems bei r\u016bg\u0161tiems dirvo\u017eemiams, sm\u0117lio dirvoms. Tokioms vietoms sukurti specialios paskirties mi\u0161iniai, sugebantys suformuoti \u017eolyn\u0105 ir u\u017eauginti derli\u0173 net ir esant nepalankioms s\u0105lygoms. Lietuvi\u0161k\u0173 ir dani\u0161k\u0173 veisli\u0173 \u017eoli\u0173 mi\u0161inys, kurio pagrind\u0105 sudaro dviej\u0173 r\u016b\u0161i\u0173 erai\u010dinai. Skirtas s\u0117ti [&hellip;]<\/p>\n","protected":false},"featured_media":1862,"template":"","meta":{"_acf_changed":false,"inline_featured_image":false,"slim_seo":{"title":"Durp\u0117 1 - Dotnuva Seeds","description":"Forage grass seed mixture Peat 1 (20 kg) Traditional mixtures are not always suitable for specific soils, such as flooded meadows, peaty and acidic"}},"product_brand":[],"product_cat":[69],"product_tag":[],"paskirtis":[],"sezonas":[],"class_list":{"0":"post-1072","1":"product","2":"type-product","3":"status-publish","4":"has-post-thumbnail","6":"product_cat-pasariniu-zoliu-misiniai","7":"post-wrapper","8":"thrv_wrapper","10":"first","11":"instock","12":"taxable","13":"shipping-taxable","14":"product-type-simple"},"acf":[],"vidinis_prekes_pavadinimas":"","ax_sandelis":"","_links":{"self":[{"href":"https:\/\/dotnuvaseeds.lt\/en\/wp-json\/wp\/v2\/product\/1072","targetHints":{"allow":["GET"]}}],"collection":[{"href":"https:\/\/dotnuvaseeds.lt\/en\/wp-json\/wp\/v2\/product"}],"about":[{"href":"https:\/\/dotnuvaseeds.lt\/en\/wp-json\/wp\/v2\/types\/product"}],"wp:featuredmedia":[{"embeddable":true,"href":"https:\/\/dotnuvaseeds.lt\/en\/wp-json\/wp\/v2\/media\/1862"}],"wp:attachment":[{"href":"https:\/\/dotnuvaseeds.lt\/en\/wp-json\/wp\/v2\/media?parent=1072"}],"wp:term":[{"taxonomy":"product_brand","embeddable":true,"href":"https:\/\/dotnuvaseeds.lt\/en\/wp-json\/wp\/v2\/product_brand?post=1072"},{"taxonomy":"product_cat","embeddable":true,"href":"https:\/\/dotnuvaseeds.lt\/en\/wp-json\/wp\/v2\/product_cat?post=1072"},{"taxonomy":"product_tag","embeddable":true,"href":"https:\/\/dotnuvaseeds.lt\/en\/wp-json\/wp\/v2\/product_tag?post=1072"},{"taxonomy":"paskirtis","embeddable":true,"href":"https:\/\/dotnuvaseeds.lt\/en\/wp-json\/wp\/v2\/paskirtis?post=1072"},{"taxonomy":"sezonas","embeddable":true,"href":"https:\/\/dotnuvaseeds.lt\/en\/wp-json\/wp\/v2\/sezonas?post=1072"}],"curies":[{"name":"wp","href":"https:\/\/api.w.org\/{rel}","templated":true}]}}