{"id":1076,"date":"2024-02-01T09:51:23","date_gmt":"2024-02-01T07:51:23","guid":{"rendered":"https:\/\/dotnuvaseeds.lt\/?post_type=product&#038;p=1076"},"modified":"2025-04-24T19:21:37","modified_gmt":"2025-04-24T16:21:37","slug":"pjovimui-2","status":"publish","type":"product","link":"https:\/\/dotnuvaseeds.lt\/en\/product\/for-cutting-2\/","title":{"rendered":"For cutting 2"},"content":{"rendered":"<p>Forage grass seed mix for Cutting 2 (20 kg)<\/p>\n<p>The mixtures consist of bell and leguminous grasses. Herbs are recommended to be sown in crop rotation fields and cut 3-4 times per season. We will get a large crop of high-quality grass, suitable for making hay, haylage or silage or for supplemental animal feeding. In order to maintain the productivity of the grass, it should be renewed every 3-4 years.<\/p>\n<p>A mixture of Lithuanian varieties of grasses, the basis of which is red clover, true fescue, fodder sedge, fescue and perennial sedges. Grows well in various non-acidic soils. Even in dry years, it produces abundant harvests.<\/p>\n<p>Seed rate: 25 kg\/ha<\/p>\n<table>\n<tbody>\n<tr>\n<td><strong>Purpose<\/strong><\/td>\n<td><strong>The soil<\/strong><\/td>\n<td><strong>Name of the mixture<\/strong><\/td>\n<td><strong>Seed rate, kg\/ha<\/strong><\/td>\n<td><strong>Duration of use in years<\/strong><\/td>\n<\/tr>\n<tr>\n<td>For mowing\/hay\/silage production<\/td>\n<td>Normal \/ Dry \/ Soaking<\/td>\n<td>For cutting 2<\/td>\n<td>27<\/td>\n<td>4+<\/td>\n<\/tr>\n<\/tbody>\n<\/table>","protected":false},"excerpt":{"rendered":"<p>Pa\u0161arini\u0173 \u017eoli\u0173 s\u0117kl\u0173 mi\u0161inys Pjovimui 2 (20 kg) Mi\u0161iniai sudaryti i\u0161 varpini\u0173 ir ank\u0161tini\u0173 \u017eoli\u0173. \u017dolynus rekomenduojama s\u0117ti s\u0117jomain\u0173 laukuose ir pjauti 3-4 kartus per sezon\u0105. Gausime didel\u012f auk\u0161tos kokyb\u0117s \u017eoli\u0173 derli\u0173, tinkam\u0105 \u0161ienui, \u0161ienainiui ar silosui gaminti arba papildomam gyvuli\u0173 \u0161\u0117rimui. Norint i\u0161laikyti \u017eolyno produktyvum\u0105, reik\u0117t\u0173 j\u012f atnaujinti kas 3-4 metus. Lietuvi\u0161k\u0173 veisli\u0173 \u017eoli\u0173 [&hellip;]<\/p>\n","protected":false},"featured_media":1862,"template":"","meta":{"_acf_changed":false,"inline_featured_image":false,"slim_seo":{"title":"Pjovimui 2 - Dotnuva Seeds","description":"Forage grass seed mix For cutting 2 (20 kg) Mixes consist of bell and leguminous grasses. Herbs are recommended to be sown in crop rotation fields and cut 3-4 times"}},"product_brand":[],"product_cat":[69],"product_tag":[],"paskirtis":[],"sezonas":[],"class_list":{"0":"post-1076","1":"product","2":"type-product","3":"status-publish","4":"has-post-thumbnail","6":"product_cat-pasariniu-zoliu-misiniai","7":"post-wrapper","8":"thrv_wrapper","10":"first","11":"instock","12":"taxable","13":"shipping-taxable","14":"product-type-simple"},"acf":[],"vidinis_prekes_pavadinimas":"","ax_sandelis":"","_links":{"self":[{"href":"https:\/\/dotnuvaseeds.lt\/en\/wp-json\/wp\/v2\/product\/1076","targetHints":{"allow":["GET"]}}],"collection":[{"href":"https:\/\/dotnuvaseeds.lt\/en\/wp-json\/wp\/v2\/product"}],"about":[{"href":"https:\/\/dotnuvaseeds.lt\/en\/wp-json\/wp\/v2\/types\/product"}],"wp:featuredmedia":[{"embeddable":true,"href":"https:\/\/dotnuvaseeds.lt\/en\/wp-json\/wp\/v2\/media\/1862"}],"wp:attachment":[{"href":"https:\/\/dotnuvaseeds.lt\/en\/wp-json\/wp\/v2\/media?parent=1076"}],"wp:term":[{"taxonomy":"product_brand","embeddable":true,"href":"https:\/\/dotnuvaseeds.lt\/en\/wp-json\/wp\/v2\/product_brand?post=1076"},{"taxonomy":"product_cat","embeddable":true,"href":"https:\/\/dotnuvaseeds.lt\/en\/wp-json\/wp\/v2\/product_cat?post=1076"},{"taxonomy":"product_tag","embeddable":true,"href":"https:\/\/dotnuvaseeds.lt\/en\/wp-json\/wp\/v2\/product_tag?post=1076"},{"taxonomy":"paskirtis","embeddable":true,"href":"https:\/\/dotnuvaseeds.lt\/en\/wp-json\/wp\/v2\/paskirtis?post=1076"},{"taxonomy":"sezonas","embeddable":true,"href":"https:\/\/dotnuvaseeds.lt\/en\/wp-json\/wp\/v2\/sezonas?post=1076"}],"curies":[{"name":"wp","href":"https:\/\/api.w.org\/{rel}","templated":true}]}}