{"id":1080,"date":"2024-02-01T10:20:31","date_gmt":"2024-02-01T08:20:31","guid":{"rendered":"https:\/\/dotnuvaseeds.lt\/?post_type=product&#038;p=1080"},"modified":"2025-04-24T19:20:11","modified_gmt":"2025-04-24T16:20:11","slug":"pjovimui-4","status":"publish","type":"product","link":"https:\/\/dotnuvaseeds.lt\/en\/product\/for-cutting-4\/","title":{"rendered":"For cutting 4"},"content":{"rendered":"<p>Forage grass seed mix for Cutting 4 (25 kg)<\/p>\n<p>The mixtures consist of bell and leguminous grasses. Herbs are recommended to be sown in crop rotation fields and cut 3-4 times per season. We will get a large crop of high-quality grass, suitable for making hay, haylage or silage or for supplemental animal feeding. In order to maintain the productivity of the grass, it should be renewed every 2-4 years.<\/p>\n<p>A mixture of Lithuanian and Danish varieties of grass, based on alfalfa, true fescue and fescue. It grows well in various non-acidic soils. Intended for intensive use in crop rotation fields. It produces abundant crops even in very dry years. Before sowing, it is recommended to cover alfalfa seeds with Rhizobium bacteria - this will ensure the successful establishment and longevity of the grass.<\/p>\n<p>Seed rate: 27-30 kg\/ha<\/p>\n<table>\n<tbody>\n<tr>\n<td><strong>Purpose<\/strong><\/td>\n<td><strong>The soil<\/strong><\/td>\n<td><strong>Name of the mixture<\/strong><\/td>\n<td><strong>Seed rate, kg\/ha<\/strong><\/td>\n<td><strong>Duration of use in years<\/strong><\/td>\n<\/tr>\n<tr>\n<td>For cutting\/silage production<\/td>\n<td>Normal<\/td>\n<td>For cutting 4<\/td>\n<td>27-30<\/td>\n<td>4+<\/td>\n<\/tr>\n<\/tbody>\n<\/table>","protected":false},"excerpt":{"rendered":"<p>Pa\u0161arini\u0173 \u017eoli\u0173 s\u0117kl\u0173 mi\u0161inys Pjovimui 4 (25 kg) Mi\u0161iniai sudaryti i\u0161 varpini\u0173 ir ank\u0161tini\u0173 \u017eoli\u0173. \u017dolynus rekomenduojama s\u0117ti s\u0117jomain\u0173 laukuose ir pjauti 3-4 kartus per sezon\u0105. Gausime didel\u012f auk\u0161tos kokyb\u0117s \u017eoli\u0173 derli\u0173, tinkam\u0105 \u0161ienui, \u0161ienainiui ar silosui gaminti arba papildomam gyvuli\u0173 \u0161\u0117rimui. Norint i\u0161laikyti \u017eolyno produktyvum\u0105, reik\u0117t\u0173 j\u012f atnaujinti kas 2-4 metus. Lietuvi\u0161k\u0173 ir dani\u0161k\u0173 [&hellip;]<\/p>\n","protected":false},"featured_media":1862,"template":"","meta":{"_acf_changed":false,"inline_featured_image":false,"slim_seo":{"title":"Pjovimui 4 - Dotnuva Seeds","description":"Forage grass seed mixture For cutting 4 (25 kg) The mixtures consist of bell and leguminous grasses. Herbs are recommended to be sown in crop rotation fields and cut 3-4 times"}},"product_brand":[],"product_cat":[69],"product_tag":[],"paskirtis":[],"sezonas":[],"class_list":{"0":"post-1080","1":"product","2":"type-product","3":"status-publish","4":"has-post-thumbnail","6":"product_cat-pasariniu-zoliu-misiniai","7":"post-wrapper","8":"thrv_wrapper","10":"first","11":"instock","12":"taxable","13":"shipping-taxable","14":"product-type-simple"},"acf":[],"vidinis_prekes_pavadinimas":"","ax_sandelis":"","_links":{"self":[{"href":"https:\/\/dotnuvaseeds.lt\/en\/wp-json\/wp\/v2\/product\/1080","targetHints":{"allow":["GET"]}}],"collection":[{"href":"https:\/\/dotnuvaseeds.lt\/en\/wp-json\/wp\/v2\/product"}],"about":[{"href":"https:\/\/dotnuvaseeds.lt\/en\/wp-json\/wp\/v2\/types\/product"}],"wp:featuredmedia":[{"embeddable":true,"href":"https:\/\/dotnuvaseeds.lt\/en\/wp-json\/wp\/v2\/media\/1862"}],"wp:attachment":[{"href":"https:\/\/dotnuvaseeds.lt\/en\/wp-json\/wp\/v2\/media?parent=1080"}],"wp:term":[{"taxonomy":"product_brand","embeddable":true,"href":"https:\/\/dotnuvaseeds.lt\/en\/wp-json\/wp\/v2\/product_brand?post=1080"},{"taxonomy":"product_cat","embeddable":true,"href":"https:\/\/dotnuvaseeds.lt\/en\/wp-json\/wp\/v2\/product_cat?post=1080"},{"taxonomy":"product_tag","embeddable":true,"href":"https:\/\/dotnuvaseeds.lt\/en\/wp-json\/wp\/v2\/product_tag?post=1080"},{"taxonomy":"paskirtis","embeddable":true,"href":"https:\/\/dotnuvaseeds.lt\/en\/wp-json\/wp\/v2\/paskirtis?post=1080"},{"taxonomy":"sezonas","embeddable":true,"href":"https:\/\/dotnuvaseeds.lt\/en\/wp-json\/wp\/v2\/sezonas?post=1080"}],"curies":[{"name":"wp","href":"https:\/\/api.w.org\/{rel}","templated":true}]}}