{"id":1167,"date":"2024-02-14T20:37:00","date_gmt":"2024-02-14T18:37:00","guid":{"rendered":"https:\/\/dotnuvaseeds.lt\/?post_type=product&#038;p=1167"},"modified":"2025-04-12T09:30:50","modified_gmt":"2025-04-12T06:30:50","slug":"dotnuva-green-2","status":"publish","type":"product","link":"https:\/\/dotnuvaseeds.lt\/en\/product\/dotnuva-green-2\/","title":{"rendered":"Dotnuva Green 2"},"content":{"rendered":"<p>Mixture of sidereal plants Dotnuva GREEN 2<\/p>\n<ul>\n<li>Intended for use in crops or intermediate crops during the winter, in medium and heavier soils.<\/li>\n<li>If left over winter, the recommended sowing time is late August\/early September.<\/li>\n<li>Fast growing, good at suppressing weeds.<\/li>\n<li>Having phytocidal properties.<\/li>\n<\/ul>\n<p><a href=\"https:\/\/dotnuvaseeds.lt\/wp-content\/uploads\/2024\/02\/Dotnuva-GREEN-2.png\"><img loading=\"lazy\" decoding=\"async\" class=\"alignnone size-full wp-image-1163\" src=\"https:\/\/dotnuvaseeds.lt\/wp-content\/uploads\/2024\/02\/Dotnuva-GREEN-2.png\" alt=\"\" width=\"684\" height=\"186\" srcset=\"https:\/\/dotnuvaseeds.lt\/wp-content\/uploads\/2024\/02\/Dotnuva-GREEN-2.png 684w, https:\/\/dotnuvaseeds.lt\/wp-content\/uploads\/2024\/02\/Dotnuva-GREEN-2-600x163.png 600w\" sizes=\"auto, (max-width: 684px) 100vw, 684px\" \/><\/a><\/p>\n<h3><strong>SIDERALS<\/strong> <strong>PLANTS<\/strong> <strong>BENEFIT<\/strong><\/h3>\n<p>By purposefully growing sidereal plants, we improve the yield and quality of main crops, maintain and improve soil fertility in the long term, and have many other positive properties of sidereal plants.<\/p>\n<p>Roots loosen the soil and form the soil structure;<\/p>\n<ul>\n<li>Improves outdoor moisture volume and increases rainwater infiltration;<\/li>\n<li>Good soil cover reduces soil weediness and protects the beneficial topsoil from erosion;<\/li>\n<li>Improves the phytosanitary condition of the soil;<\/li>\n<li>Improves soil fertility and promotes humus formation;<\/li>\n<li>Promotes beneficial soil life, e.g. earthworm activity;<\/li>\n<li>Legumes in sidereal mixes fix atmospheric nitrogen;<\/li>\n<li>Sidereal plants left in the winter conserve nitrogen in the soil and stop nitrogen leaching in the winter;<\/li>\n<li>Frozen cover crops are easy to incorporate in the spring;<\/li>\n<li>Flowering plants provide nectar for bees and other insects;<\/li>\n<li>Provides habitat and grazing for wildlife;<\/li>\n<li>Ensures biodiversity.<\/li>\n<\/ul>","protected":false},"excerpt":{"rendered":"<p>Sideralini\u0173 augal\u0173 mi\u0161inys Dotnuva GREEN 2 Skirtas naudoti pos\u0117liams ar tarpinis pas\u0117liams per \u017eiem\u0105, vidutinio sunkumo ir sunkesn\u0117se dirvose. Paliekant per \u017eiem\u0105, rekomenduojamas s\u0117jos laikas rugpj\u016b\u010dio pabaiga\/rugs\u0117jo prad\u017eia. Greitai augantis, gerai stelbia pikt\u017eoles. Turintis fitocidini\u0173 savybi\u0173. SIDERALINI\u0172 AUGAL\u0172 NAUDA Tikslingai augindami sideralinius augalus pageriname pagrindini\u0173 pas\u0117li\u0173 derli\u0173 ir kokyb\u0119, ilgalaik\u0117je perspektyvoje i\u0161laikome ir geriname dirvo\u017eemio [&hellip;]<\/p>\n","protected":false},"featured_media":1496,"template":"","meta":{"_acf_changed":false,"inline_featured_image":false,"slim_seo":{"title":"Dotnuva Green 2 - Dotnuva Seeds","description":"Mixture of sidereal plants Dotnuva GREEN 2 Intended for use in crops or intermediate crops during the winter, in medium and heavier soils. By leaving it here"}},"product_brand":[],"product_cat":[72,57],"product_tag":[],"paskirtis":[],"sezonas":[],"class_list":{"0":"post-1167","1":"product","2":"type-product","3":"status-publish","4":"has-post-thumbnail","6":"product_cat-sideraliniu-augalu-misiniai","7":"product_cat-sideraliniu-augalu-seklos","8":"post-wrapper","9":"thrv_wrapper","11":"first","12":"instock","13":"taxable","14":"shipping-taxable","15":"product-type-simple"},"acf":[],"vidinis_prekes_pavadinimas":"","ax_sandelis":"","_links":{"self":[{"href":"https:\/\/dotnuvaseeds.lt\/en\/wp-json\/wp\/v2\/product\/1167","targetHints":{"allow":["GET"]}}],"collection":[{"href":"https:\/\/dotnuvaseeds.lt\/en\/wp-json\/wp\/v2\/product"}],"about":[{"href":"https:\/\/dotnuvaseeds.lt\/en\/wp-json\/wp\/v2\/types\/product"}],"wp:featuredmedia":[{"embeddable":true,"href":"https:\/\/dotnuvaseeds.lt\/en\/wp-json\/wp\/v2\/media\/1496"}],"wp:attachment":[{"href":"https:\/\/dotnuvaseeds.lt\/en\/wp-json\/wp\/v2\/media?parent=1167"}],"wp:term":[{"taxonomy":"product_brand","embeddable":true,"href":"https:\/\/dotnuvaseeds.lt\/en\/wp-json\/wp\/v2\/product_brand?post=1167"},{"taxonomy":"product_cat","embeddable":true,"href":"https:\/\/dotnuvaseeds.lt\/en\/wp-json\/wp\/v2\/product_cat?post=1167"},{"taxonomy":"product_tag","embeddable":true,"href":"https:\/\/dotnuvaseeds.lt\/en\/wp-json\/wp\/v2\/product_tag?post=1167"},{"taxonomy":"paskirtis","embeddable":true,"href":"https:\/\/dotnuvaseeds.lt\/en\/wp-json\/wp\/v2\/paskirtis?post=1167"},{"taxonomy":"sezonas","embeddable":true,"href":"https:\/\/dotnuvaseeds.lt\/en\/wp-json\/wp\/v2\/sezonas?post=1167"}],"curies":[{"name":"wp","href":"https:\/\/api.w.org\/{rel}","templated":true}]}}