{"id":1169,"date":"2024-02-14T20:56:25","date_gmt":"2024-02-14T18:56:25","guid":{"rendered":"https:\/\/dotnuvaseeds.lt\/?post_type=product&#038;p=1169"},"modified":"2025-04-12T04:57:24","modified_gmt":"2025-04-12T01:57:24","slug":"dotnuva-green-raps","status":"publish","type":"product","link":"https:\/\/dotnuvaseeds.lt\/en\/product\/dotnuva-green-raps\/","title":{"rendered":"Dotnuva Green Raps"},"content":{"rendered":"<p>Mixture of sidereal plants Dotnuva GREEN Raps<\/p>\n<ul>\n<li>Intended for use in green fallow or catch crops during the winter, on all soils.<\/li>\n<li>If left over winter, the recommended sowing time is until August 15.<\/li>\n<li>Perfect for crop rotation with rapeseed (does not contain bast plants).<\/li>\n<li>Accumulates a high yield of biomass, both leaves and roots.<\/li>\n<li>Legumes store nitrogen, which will be used by crops planted after them.<\/li>\n<\/ul>\n<p><a href=\"https:\/\/dotnuvaseeds.lt\/wp-content\/uploads\/2024\/02\/Dotnuva-GREEN-Raps.png\"><img loading=\"lazy\" decoding=\"async\" class=\"alignnone size-full wp-image-1165\" src=\"https:\/\/dotnuvaseeds.lt\/wp-content\/uploads\/2024\/02\/Dotnuva-GREEN-Raps.png\" alt=\"\" width=\"685\" height=\"245\" srcset=\"https:\/\/dotnuvaseeds.lt\/wp-content\/uploads\/2024\/02\/Dotnuva-GREEN-Raps.png 685w, https:\/\/dotnuvaseeds.lt\/wp-content\/uploads\/2024\/02\/Dotnuva-GREEN-Raps-600x215.png 600w\" sizes=\"auto, (max-width: 685px) 100vw, 685px\" \/><\/a><\/p>\n<p><strong>SIDERALS<\/strong> <strong>PLANTS<\/strong> <strong>BENEFIT<\/strong><\/p>\n<p><strong>By purposefully growing sidereal plants, we improve the yield and quality of main crops, maintain and improve soil fertility in the long term, and have many other positive properties of sidereal plants.<\/strong><\/p>\n<p><strong>Roots loosen the soil and form the soil structure;<\/strong><\/p>\n<p>oh <strong>Improves<\/strong> <strong>outdoor<\/strong> <strong>humidity<\/strong> <strong>volume<\/strong> <strong>and<\/strong> <strong>increases<\/strong> <strong>rain<\/strong><strong> water infiltration;<\/strong><\/p>\n<p>oh <strong>Good soil cover reduces soil weediness and protects the beneficial topsoil from erosion;<\/strong><\/p>\n<p>oh <strong>Improves<\/strong><b> phytosanitary condition of the soil;<\/b><\/p>\n<p>oh <strong>Improves soil fertility and promotes humus formation;<\/strong><\/p>\n<p>oh <strong>Encourages<\/strong> <strong>useful<\/strong> <strong>soil<\/strong> <strong>life,<\/strong> <strong>e.g.<\/strong> <strong>slime<\/strong><strong>activity;<\/strong><\/p>\n<p>oh <strong>Legumes in sidereal mixes fix atmospheric nitrogen;<\/strong><\/p>\n<p>oh <strong>Sidereal plants left in the winter conserve nitrogen in the soil and stop nitrogen leaching in the winter;<\/strong><\/p>\n<p>oh <strong>Frozen cover crops are easy to incorporate in the spring;<\/strong><\/p>\n<p>oh <strong>Flowering plants provide nectar for bees and other insects;<\/strong><\/p>\n<p>oh <strong>Provides habitat and grazing for wildlife;<\/strong><\/p>\n<p>oh <strong>Ensures<\/strong> <strong>biological<\/strong> <strong>diversity.<\/strong><\/p>","protected":false},"excerpt":{"rendered":"<p>Sideralini\u0173 augal\u0173 mi\u0161inys Dotnuva GREEN Raps Skirtas naudoti \u017ealiajam p\u016bdymui ar tarpinis pas\u0117liams per \u017eiem\u0105, visose dirvose. Paliekant per \u017eiem\u0105, rekomenduojamas s\u0117jos laikas iki rugpj\u016b\u010dio 15 d. Puikiai tinka s\u0117jomainoje su rapsais (neturi bastutini\u0173 augal\u0173 sud\u0117tyje). Kaupia didel\u012f biomas\u0117s derli\u0173, tiek lap\u0173, tiek \u0161akn\u0173. Ank\u0161tiniai augalai kaupia azot\u0105, kur\u012f panaudos po j\u0173 pas\u0117ti augalai. SIDERALINI\u0172 [&hellip;]<\/p>\n","protected":false},"featured_media":1495,"template":"","meta":{"_acf_changed":false,"inline_featured_image":false,"slim_seo":{"description":"Dotnuva-green-bio-mass","title":"Dotnuva Green Raps - Dotnuva Seeds"}},"product_brand":[],"product_cat":[72,57],"product_tag":[],"paskirtis":[],"sezonas":[],"class_list":{"0":"post-1169","1":"product","2":"type-product","3":"status-publish","4":"has-post-thumbnail","6":"product_cat-sideraliniu-augalu-misiniai","7":"product_cat-sideraliniu-augalu-seklos","8":"post-wrapper","9":"thrv_wrapper","11":"first","12":"instock","13":"taxable","14":"shipping-taxable","15":"product-type-simple"},"acf":[],"vidinis_prekes_pavadinimas":"","ax_sandelis":"","_links":{"self":[{"href":"https:\/\/dotnuvaseeds.lt\/en\/wp-json\/wp\/v2\/product\/1169","targetHints":{"allow":["GET"]}}],"collection":[{"href":"https:\/\/dotnuvaseeds.lt\/en\/wp-json\/wp\/v2\/product"}],"about":[{"href":"https:\/\/dotnuvaseeds.lt\/en\/wp-json\/wp\/v2\/types\/product"}],"wp:featuredmedia":[{"embeddable":true,"href":"https:\/\/dotnuvaseeds.lt\/en\/wp-json\/wp\/v2\/media\/1495"}],"wp:attachment":[{"href":"https:\/\/dotnuvaseeds.lt\/en\/wp-json\/wp\/v2\/media?parent=1169"}],"wp:term":[{"taxonomy":"product_brand","embeddable":true,"href":"https:\/\/dotnuvaseeds.lt\/en\/wp-json\/wp\/v2\/product_brand?post=1169"},{"taxonomy":"product_cat","embeddable":true,"href":"https:\/\/dotnuvaseeds.lt\/en\/wp-json\/wp\/v2\/product_cat?post=1169"},{"taxonomy":"product_tag","embeddable":true,"href":"https:\/\/dotnuvaseeds.lt\/en\/wp-json\/wp\/v2\/product_tag?post=1169"},{"taxonomy":"paskirtis","embeddable":true,"href":"https:\/\/dotnuvaseeds.lt\/en\/wp-json\/wp\/v2\/paskirtis?post=1169"},{"taxonomy":"sezonas","embeddable":true,"href":"https:\/\/dotnuvaseeds.lt\/en\/wp-json\/wp\/v2\/sezonas?post=1169"}],"curies":[{"name":"wp","href":"https:\/\/api.w.org\/{rel}","templated":true}]}}