{"id":1171,"date":"2024-02-14T21:06:06","date_gmt":"2024-02-14T19:06:06","guid":{"rendered":"https:\/\/dotnuvaseeds.lt\/?post_type=product&#038;p=1171"},"modified":"2025-04-12T09:25:59","modified_gmt":"2025-04-12T06:25:59","slug":"dotnuva-n-fix","status":"publish","type":"product","link":"https:\/\/dotnuvaseeds.lt\/en\/product\/dotnuva-n-fix\/","title":{"rendered":"Dotnuva Green N-Fix"},"content":{"rendered":"<p>Mixture of sidereal plants Dotnuva GREEN N-Fix<\/p>\n<ul>\n<li>Intended for use in green fallow or catch crops during the winter, on all soils.<\/li>\n<li>After sowing, the plants develop more slowly, so it is perfect for sowing green fallow in spring. This reduces the risk that the plants will quickly overgrow and need to be transplanted into the soil early.<\/li>\n<li>If left over winter, the recommended sowing time is until August 15.<\/li>\n<li>Perfect for crop rotation with rapeseed (does not contain bast plants).<\/li>\n<li>Accumulates a high yield of nitrogen and biomass, suppresses weeds well.<\/li>\n<li>Legumes store nitrogen, which will be used by crops planted after them.<\/li>\n<\/ul>\n<p><a href=\"https:\/\/dotnuvaseeds.lt\/wp-content\/uploads\/2024\/02\/Dotnuva-GREEN-N-fix.png\"><img loading=\"lazy\" decoding=\"async\" class=\"alignnone size-full wp-image-1164\" src=\"https:\/\/dotnuvaseeds.lt\/wp-content\/uploads\/2024\/02\/Dotnuva-GREEN-N-fix.png\" alt=\"\" width=\"685\" height=\"192\" srcset=\"https:\/\/dotnuvaseeds.lt\/wp-content\/uploads\/2024\/02\/Dotnuva-GREEN-N-fix.png 685w, https:\/\/dotnuvaseeds.lt\/wp-content\/uploads\/2024\/02\/Dotnuva-GREEN-N-fix-600x168.png 600w\" sizes=\"auto, (max-width: 685px) 100vw, 685px\" \/><\/a><\/p>\n<h3><strong>SIDERALS<\/strong> <strong>PLANTS<\/strong> <strong>BENEFIT<\/strong><\/h3>\n<p>By purposefully growing sidereal plants, we improve the yield and quality of main crops, maintain and improve soil fertility in the long term, and have many other positive properties of sidereal plants.<\/p>\n<p>Roots loosen the soil and form the soil structure;<\/p>\n<ul>\n<li>Improves outdoor moisture volume and increases rainwater infiltration;<\/li>\n<li>Good soil cover reduces soil weediness and protects the beneficial topsoil from erosion;<\/li>\n<li>Improves the phytosanitary condition of the soil;<\/li>\n<li>Improves soil fertility and promotes humus formation;<\/li>\n<li>Promotes beneficial soil life, e.g. earthworm activity;<\/li>\n<li>Legumes in sidereal mixes fix atmospheric nitrogen;<\/li>\n<li>Sidereal plants left in the winter conserve nitrogen in the soil and stop nitrogen leaching in the winter;<\/li>\n<li>Frozen cover crops are easy to incorporate in the spring;<\/li>\n<li>Flowering plants provide nectar for bees and other insects;<\/li>\n<li>Provides habitat and grazing for wildlife;<\/li>\n<li>Ensures biodiversity.<\/li>\n<\/ul>","protected":false},"excerpt":{"rendered":"<p>Sideralini\u0173 augal\u0173 mi\u0161inys Dotnuva GREEN N-Fix Skirtas naudoti \u017ealiajam p\u016bdymui ar tarpinis pas\u0117liams per \u017eiem\u0105, visose dirvose. Po s\u0117jos, augalai vystosi l\u0117\u010diau, tod\u0117l puikiai tinka s\u0117jant \u017ealiajam p\u016bdymui pavasar\u012f. Suma\u017e\u0117ja rizika, kad augalai greitai peraugs ir juos reik\u0117s anksti \u012fterpti \u012f dirv\u0105. Paliekant per \u017eiem\u0105, rekomenduojamas s\u0117jos laikas iki rugpj\u016b\u010dio 15 d. Puikiai tinka s\u0117jomainoje [&hellip;]<\/p>\n","protected":false},"featured_media":1492,"template":"","meta":{"_acf_changed":false,"inline_featured_image":false,"slim_seo":{"title":"Dotnuva Green N-Fix - Dotnuva Seeds","description":"Mixture of sidereal plants Dotnuva GREEN N-Fix Intended for use in green fallow or intermediate crops during the winter, in all soils. After sowing, the plants develop slowly"}},"product_brand":[],"product_cat":[72,57],"product_tag":[],"paskirtis":[],"sezonas":[],"class_list":{"0":"post-1171","1":"product","2":"type-product","3":"status-publish","4":"has-post-thumbnail","6":"product_cat-sideraliniu-augalu-misiniai","7":"product_cat-sideraliniu-augalu-seklos","8":"post-wrapper","9":"thrv_wrapper","11":"first","12":"instock","13":"taxable","14":"shipping-taxable","15":"product-type-simple"},"acf":[],"vidinis_prekes_pavadinimas":"","ax_sandelis":"","_links":{"self":[{"href":"https:\/\/dotnuvaseeds.lt\/en\/wp-json\/wp\/v2\/product\/1171","targetHints":{"allow":["GET"]}}],"collection":[{"href":"https:\/\/dotnuvaseeds.lt\/en\/wp-json\/wp\/v2\/product"}],"about":[{"href":"https:\/\/dotnuvaseeds.lt\/en\/wp-json\/wp\/v2\/types\/product"}],"wp:featuredmedia":[{"embeddable":true,"href":"https:\/\/dotnuvaseeds.lt\/en\/wp-json\/wp\/v2\/media\/1492"}],"wp:attachment":[{"href":"https:\/\/dotnuvaseeds.lt\/en\/wp-json\/wp\/v2\/media?parent=1171"}],"wp:term":[{"taxonomy":"product_brand","embeddable":true,"href":"https:\/\/dotnuvaseeds.lt\/en\/wp-json\/wp\/v2\/product_brand?post=1171"},{"taxonomy":"product_cat","embeddable":true,"href":"https:\/\/dotnuvaseeds.lt\/en\/wp-json\/wp\/v2\/product_cat?post=1171"},{"taxonomy":"product_tag","embeddable":true,"href":"https:\/\/dotnuvaseeds.lt\/en\/wp-json\/wp\/v2\/product_tag?post=1171"},{"taxonomy":"paskirtis","embeddable":true,"href":"https:\/\/dotnuvaseeds.lt\/en\/wp-json\/wp\/v2\/paskirtis?post=1171"},{"taxonomy":"sezonas","embeddable":true,"href":"https:\/\/dotnuvaseeds.lt\/en\/wp-json\/wp\/v2\/sezonas?post=1171"}],"curies":[{"name":"wp","href":"https:\/\/api.w.org\/{rel}","templated":true}]}}