{"id":1214,"date":"2024-02-17T16:04:49","date_gmt":"2024-02-17T14:04:49","guid":{"rendered":"https:\/\/dotnuvaseeds.lt\/?post_type=product&#038;p=1214"},"modified":"2025-04-11T15:18:27","modified_gmt":"2025-04-11T12:18:27","slug":"sportmaster","status":"publish","type":"product","link":"https:\/\/dotnuvaseeds.lt\/en\/product\/sportmaster\/","title":{"rendered":"SPORTMASTER"},"content":{"rendered":"<p><strong>Description<\/strong><\/p>\n<p>Masterline\u00ae is the professional choice.<\/p>\n<p>Masterline\u00ae grass seed mixes are comprised of extremely high quality grass varieties that are carefully selected to create a low and dense lawn. Due to the properly selected composition, &quot;Masterline\u00ae&quot; mixtures perfectly adapt to various climatic conditions and the lawn remains a rich green color throughout the growing season.<\/p>\n<p>All Masterline\u00ae mixes usually contain at least two varieties of each species.<br \/>\nAll Masterline\u00ae mixes are supplied in 10 kg bags.<\/p>\n<p>A wonderful mixture for professional sports fields - professionals choose quality! The most trampled-resistant lawn, which regenerates itself very easily after trampling.<\/p>\n<p>\u2022 Maximum resistance to trampling<br \/>\n\u2022 Best ability to recover from being crushed<br \/>\n\u2022 An exclusive mix of sports fields for champions<\/p>\n<h3>COMPOSITION:<\/h3>\n<ul>\n<li>10 % Perennial grasses<\/li>\n<li>15 % Perennial Turf (4turf\u00ae)<\/li>\n<li>25 % Red tufted fescue<\/li>\n<li>50 % Meadow mist<\/li>\n<\/ul>\n<p>Sowing rate: about 3 kg\/100 m2<\/p>\n<p>*the composition of the mixture may change<\/p>","protected":false},"excerpt":{"rendered":"<p>Apra\u0161ymas \u201eMasterline\u00ae\u201c \u2013 profesionalus pasirinkimas. \u201eMasterline\u00ae\u201c \u017eoli\u0173 s\u0117kl\u0173 mi\u0161inius sudaro itin auk\u0161tos kokyb\u0117s \u017eoli\u0173 veisl\u0117s, kurios r\u016bpestingai atrenkamos, kad veja b\u016bt\u0173 \u017eema ir itin tanki. D\u0117l tinkamai parinktos sud\u0117ties \u201eMasterline\u00ae\u201c mi\u0161iniai puikiai prisitaiko prie \u012fvairi\u0173 klimato s\u0105lyg\u0173 ir vis\u0105 vegetacijos laikotarp\u012f veja i\u0161lieka sodriai \u017ealios spalvos. Visuose \u201eMasterline\u00ae\u201c mi\u0161iniuose da\u017eniausiai yra bent po dvi kiekvienos [&hellip;]<\/p>\n","protected":false},"featured_media":1218,"template":"","meta":{"_acf_changed":false,"inline_featured_image":false,"slim_seo":{"description":"Robustica-dp-dotnuva","title":"SPORTMASTER - Dotnuva Seeds"}},"product_brand":[],"product_cat":[94,60],"product_tag":[],"paskirtis":[],"sezonas":[],"class_list":{"0":"post-1214","1":"product","2":"type-product","3":"status-publish","4":"has-post-thumbnail","6":"product_cat-masterline","7":"product_cat-veju-zoliu-misiniai","8":"post-wrapper","9":"thrv_wrapper","11":"first","12":"instock","13":"taxable","14":"shipping-taxable","15":"product-type-simple"},"acf":[],"vidinis_prekes_pavadinimas":"","ax_sandelis":"","_links":{"self":[{"href":"https:\/\/dotnuvaseeds.lt\/en\/wp-json\/wp\/v2\/product\/1214","targetHints":{"allow":["GET"]}}],"collection":[{"href":"https:\/\/dotnuvaseeds.lt\/en\/wp-json\/wp\/v2\/product"}],"about":[{"href":"https:\/\/dotnuvaseeds.lt\/en\/wp-json\/wp\/v2\/types\/product"}],"wp:featuredmedia":[{"embeddable":true,"href":"https:\/\/dotnuvaseeds.lt\/en\/wp-json\/wp\/v2\/media\/1218"}],"wp:attachment":[{"href":"https:\/\/dotnuvaseeds.lt\/en\/wp-json\/wp\/v2\/media?parent=1214"}],"wp:term":[{"taxonomy":"product_brand","embeddable":true,"href":"https:\/\/dotnuvaseeds.lt\/en\/wp-json\/wp\/v2\/product_brand?post=1214"},{"taxonomy":"product_cat","embeddable":true,"href":"https:\/\/dotnuvaseeds.lt\/en\/wp-json\/wp\/v2\/product_cat?post=1214"},{"taxonomy":"product_tag","embeddable":true,"href":"https:\/\/dotnuvaseeds.lt\/en\/wp-json\/wp\/v2\/product_tag?post=1214"},{"taxonomy":"paskirtis","embeddable":true,"href":"https:\/\/dotnuvaseeds.lt\/en\/wp-json\/wp\/v2\/paskirtis?post=1214"},{"taxonomy":"sezonas","embeddable":true,"href":"https:\/\/dotnuvaseeds.lt\/en\/wp-json\/wp\/v2\/sezonas?post=1214"}],"curies":[{"name":"wp","href":"https:\/\/api.w.org\/{rel}","templated":true}]}}