{"id":1225,"date":"2024-02-18T10:02:20","date_gmt":"2024-02-18T08:02:20","guid":{"rendered":"https:\/\/dotnuvaseeds.lt\/?post_type=product&#038;p=1225"},"modified":"2025-07-14T14:12:54","modified_gmt":"2025-07-14T11:12:54","slug":"expressmaster","status":"publish","type":"product","link":"https:\/\/dotnuvaseeds.lt\/en\/product\/expressmaster\/","title":{"rendered":"EXPRESSMASTER"},"content":{"rendered":"<p><strong>Description<\/strong><\/p>\n<p>Masterline\u00ae is the professional choice.<\/p>\n<p>Masterline\u00ae grass seed mixes are comprised of extremely high quality grass varieties that are carefully selected to create a low and dense lawn. Due to the properly selected composition, &quot;Masterline\u00ae&quot; mixtures perfectly adapt to various climatic conditions and the lawn remains a rich green color throughout the growing season.<\/p>\n<p>All Masterline\u00ae mixes usually contain at least two varieties of each species.<br \/>\nAll Masterline\u00ae mixes are supplied in 10 kg bags.<\/p>\n<p>EXPRESSMASTER the best mixture for renewing Masterline\u00ae lawns. With intensive use of grasses, they &quot;wear out&quot;, so they need to be compacted constantly. This blend is made specifically for that purpose.<\/p>\n<ul>\n<li>It sets well at low temperatures.<\/li>\n<li>Quickly establishes and turns green<\/li>\n<li>Good stress resistance throughout the year<\/li>\n<\/ul>\n<h4>Designed to refresh lawns<\/h4>\n<p>Most sporting events last until late fall and start very early in spring. This doesn&#039;t always work well with the grass growing seasons. Expressmaster is the right choice for transplanting at low temperatures. Fast setting at low temperatures, Expressmaster provides high wear and stress resistance all year round.<\/p>\n<h4>COMPOSITION:<\/h4>\n<p>25 % mix consists of unique 4turf\u00a9 perennial turf. This DLF product excels in stressful summer conditions and has the best winter disease tolerance (snow mold, etc.) and low temperature establishment. The remaining 75 %s consist of three top-ranked diploid perennials.<\/p>\n<p>Sowing rate for lawn renewal: from 1 to 3 kg\/100 m2 (depending on lawn thinning).<\/p>\n<p>*the composition of the mixture may change<\/p>","protected":false},"excerpt":{"rendered":"<p>Apra\u0161ymas \u201eMasterline\u00ae\u201c \u2013 profesionalus pasirinkimas. \u201eMasterline\u00ae\u201c \u017eoli\u0173 s\u0117kl\u0173 mi\u0161inius sudaro itin auk\u0161tos kokyb\u0117s \u017eoli\u0173 veisl\u0117s, kurios r\u016bpestingai atrenkamos, kad veja b\u016bt\u0173 \u017eema ir itin tanki. D\u0117l tinkamai parinktos sud\u0117ties \u201eMasterline\u00ae\u201c mi\u0161iniai puikiai prisitaiko prie \u012fvairi\u0173 klimato s\u0105lyg\u0173 ir vis\u0105 vegetacijos laikotarp\u012f veja i\u0161lieka sodriai \u017ealios spalvos. Visuose \u201eMasterline\u00ae\u201c mi\u0161iniuose da\u017eniausiai yra bent po dvi kiekvienos [&hellip;]<\/p>\n","protected":false},"featured_media":1875,"template":"","meta":{"_acf_changed":false,"inline_featured_image":false,"slim_seo":{"description":"Robustica-dp-dotnuva","title":"EXPRESSMASTER - Dotnuva Seeds"}},"product_brand":[],"product_cat":[94,60],"product_tag":[],"paskirtis":[],"sezonas":[],"class_list":{"0":"post-1225","1":"product","2":"type-product","3":"status-publish","4":"has-post-thumbnail","6":"product_cat-masterline","7":"product_cat-veju-zoliu-misiniai","8":"post-wrapper","9":"thrv_wrapper","11":"first","12":"instock","13":"taxable","14":"shipping-taxable","15":"product-type-simple"},"acf":[],"vidinis_prekes_pavadinimas":"","ax_sandelis":"","_links":{"self":[{"href":"https:\/\/dotnuvaseeds.lt\/en\/wp-json\/wp\/v2\/product\/1225","targetHints":{"allow":["GET"]}}],"collection":[{"href":"https:\/\/dotnuvaseeds.lt\/en\/wp-json\/wp\/v2\/product"}],"about":[{"href":"https:\/\/dotnuvaseeds.lt\/en\/wp-json\/wp\/v2\/types\/product"}],"wp:featuredmedia":[{"embeddable":true,"href":"https:\/\/dotnuvaseeds.lt\/en\/wp-json\/wp\/v2\/media\/1875"}],"wp:attachment":[{"href":"https:\/\/dotnuvaseeds.lt\/en\/wp-json\/wp\/v2\/media?parent=1225"}],"wp:term":[{"taxonomy":"product_brand","embeddable":true,"href":"https:\/\/dotnuvaseeds.lt\/en\/wp-json\/wp\/v2\/product_brand?post=1225"},{"taxonomy":"product_cat","embeddable":true,"href":"https:\/\/dotnuvaseeds.lt\/en\/wp-json\/wp\/v2\/product_cat?post=1225"},{"taxonomy":"product_tag","embeddable":true,"href":"https:\/\/dotnuvaseeds.lt\/en\/wp-json\/wp\/v2\/product_tag?post=1225"},{"taxonomy":"paskirtis","embeddable":true,"href":"https:\/\/dotnuvaseeds.lt\/en\/wp-json\/wp\/v2\/paskirtis?post=1225"},{"taxonomy":"sezonas","embeddable":true,"href":"https:\/\/dotnuvaseeds.lt\/en\/wp-json\/wp\/v2\/sezonas?post=1225"}],"curies":[{"name":"wp","href":"https:\/\/api.w.org\/{rel}","templated":true}]}}