{"id":1226,"date":"2024-02-18T10:51:41","date_gmt":"2024-02-18T08:51:41","guid":{"rendered":"https:\/\/dotnuvaseeds.lt\/?post_type=product&#038;p=1226"},"modified":"2025-04-11T14:58:07","modified_gmt":"2025-04-11T11:58:07","slug":"ornamental","status":"publish","type":"product","link":"https:\/\/dotnuvaseeds.lt\/en\/product\/ornamental\/","title":{"rendered":"ORNAMENTAL"},"content":{"rendered":"<p><strong><a href=\"https:\/\/dotnuvaseeds.lt\/wp-content\/uploads\/2024\/04\/DLF-TURFLINE-veju-zoliu-naudotojo-vadovas-2024.pdf\">DLF TURFLINE Turf Grass User Guide 2024<\/a><\/strong><\/p>\n<p><strong>Description<\/strong><\/p>\n<p>Turfline\u00ae is a gardener&#039;s favorite<\/p>\n<p>Turfline\u00ae mixes are supplied in 1 kg cartons, 7.5 kg and 20 kg bags.<\/p>\n<p>ORNAMENTAL mixture consisting of narrow-leaved grasses forming a dense and low carpet. This mixture grows well both in the sun and in the shade. Thanks to the constantly growing rhizomes, the beaten lawn regenerates well. For heavy and medium soils.<\/p>\n<ul>\n<li>Grows well both in the sun and in the shade<\/li>\n<li>Winters well<\/li>\n<li>Quick recovery from heatstroke or drought<\/li>\n<\/ul>\n<h3>COMPOSITION:<\/h3>\n<ul>\n<li>40 % Perennial grasses<\/li>\n<li>15 % Red tufted fescues<\/li>\n<li>35 % Red long-stemmed fescues<\/li>\n<li>5 % Rough fescue<\/li>\n<li>5 % Meadow mist<\/li>\n<\/ul>\n<p>Sowing rate: about 3 kg\/100 m2<\/p>\n<p>*the composition of the mixture may change<\/p>","protected":false},"excerpt":{"rendered":"<p>DLF TURFLINE vej\u0173 \u017eoli\u0173 naudotojo vadovas 2024 Apra\u0161ymas \u201eTurfline\u00ae\u201c \u2013 sodinink\u0173 m\u0117gstamiausias \u201eTurfline\u00ae\u201c mi\u0161iniai tiekiami 1 kg kartonin\u0117se d\u0117\u017eut\u0117se, 7,5kg ir 20kg mai\u0161uose. ORNAMENTAL mi\u0161inys, sudarytas i\u0161 siauralapi\u0173 \u017eoli\u0173, suformuojan\u010di\u0173 tank\u0173 ir \u017eem\u0105 kilim\u0105. \u0160is mi\u0161inys puikiai auga tiek saul\u0117toje vietoje, tiek pav\u0117syje. D\u0117l nuolat ataugan\u010di\u0173 \u0161akniastiebi\u0173, i\u0161mindyta veja gerai atsinaujina. Sunkaus ir vidutinio sunkumo [&hellip;]<\/p>\n","protected":false},"featured_media":1229,"template":"","meta":{"_acf_changed":false,"inline_featured_image":false,"slim_seo":{"description":"Robustica-dp-dotnuva","title":"ORNAMENTAL - Dotnuva Seeds"}},"product_brand":[],"product_cat":[93,60],"product_tag":[],"paskirtis":[],"sezonas":[],"class_list":{"0":"post-1226","1":"product","2":"type-product","3":"status-publish","4":"has-post-thumbnail","6":"product_cat-turfline","7":"product_cat-veju-zoliu-misiniai","8":"post-wrapper","9":"thrv_wrapper","11":"first","12":"instock","13":"taxable","14":"shipping-taxable","15":"product-type-simple"},"acf":[],"vidinis_prekes_pavadinimas":"","ax_sandelis":"","_links":{"self":[{"href":"https:\/\/dotnuvaseeds.lt\/en\/wp-json\/wp\/v2\/product\/1226","targetHints":{"allow":["GET"]}}],"collection":[{"href":"https:\/\/dotnuvaseeds.lt\/en\/wp-json\/wp\/v2\/product"}],"about":[{"href":"https:\/\/dotnuvaseeds.lt\/en\/wp-json\/wp\/v2\/types\/product"}],"wp:featuredmedia":[{"embeddable":true,"href":"https:\/\/dotnuvaseeds.lt\/en\/wp-json\/wp\/v2\/media\/1229"}],"wp:attachment":[{"href":"https:\/\/dotnuvaseeds.lt\/en\/wp-json\/wp\/v2\/media?parent=1226"}],"wp:term":[{"taxonomy":"product_brand","embeddable":true,"href":"https:\/\/dotnuvaseeds.lt\/en\/wp-json\/wp\/v2\/product_brand?post=1226"},{"taxonomy":"product_cat","embeddable":true,"href":"https:\/\/dotnuvaseeds.lt\/en\/wp-json\/wp\/v2\/product_cat?post=1226"},{"taxonomy":"product_tag","embeddable":true,"href":"https:\/\/dotnuvaseeds.lt\/en\/wp-json\/wp\/v2\/product_tag?post=1226"},{"taxonomy":"paskirtis","embeddable":true,"href":"https:\/\/dotnuvaseeds.lt\/en\/wp-json\/wp\/v2\/paskirtis?post=1226"},{"taxonomy":"sezonas","embeddable":true,"href":"https:\/\/dotnuvaseeds.lt\/en\/wp-json\/wp\/v2\/sezonas?post=1226"}],"curies":[{"name":"wp","href":"https:\/\/api.w.org\/{rel}","templated":true}]}}