{"id":1231,"date":"2024-02-18T12:03:25","date_gmt":"2024-02-18T10:03:25","guid":{"rendered":"https:\/\/dotnuvaseeds.lt\/?post_type=product&#038;p=1231"},"modified":"2025-04-11T15:11:02","modified_gmt":"2025-04-11T12:11:02","slug":"sport","status":"publish","type":"product","link":"https:\/\/dotnuvaseeds.lt\/en\/product\/sports\/","title":{"rendered":"SPORTS"},"content":{"rendered":"<p><strong>Description<\/strong><\/p>\n<p>Turfline\u00ae is a gardener&#039;s favorite<\/p>\n<p>Turfline\u00ae mixes are supplied in 1 kg cartons, 7.5 kg and 20 kg bags.<\/p>\n<p>Perennial grasses Quick Action\u00a9 in the SPORT mixture ensure quick germination and establishment. They grow densely and compactly, and recover quickly after damage.<\/p>\n<h4>Improved play in tight conditions with Quick Action \u00a9<\/h4>\n<p>The Turfline Sport compound has been updated with the unique Quick Action \u00a9 perennial turf. This resilient perennial is only available from DLF. Quick Action \u00a9 has much better disease and drought resistance. Especially in the autumn and winter seasons, resistance to diseases such as snow mold is significantly improved. This, combined with rapid establishment and better growth at lower temperatures, improves the quality of the grass cover for sports activities in late autumn and early spring. Resistance to the disease red streak is also improved.<\/p>\n<p>The improved drought resistance due to the deeper rooting of Quick Action \u00a9 perennial sedges makes it a unique partner in mixtures for dry soils.<\/p>\n<p>Turf damage heals quickly thanks to meadow mists, which form underground rhizomes, binding the turf and increasing the potential for rapid recovery.<\/p>\n<ul>\n<li>Grows well both in the sun and in the shade<\/li>\n<li>Winters well<\/li>\n<li>Quick recovery from heatstroke or drought<\/li>\n<\/ul>\n<h3>COMPOSITION:<\/h3>\n<ul>\n<li>40 % Perennial Squirrels (Quick Action \u00a9)<\/li>\n<li>10 % Red tufted fescue<\/li>\n<li>35 % Red long-stemmed fescues<\/li>\n<li>5 % Rough fescue<\/li>\n<li>10 % Meadow mist<\/li>\n<\/ul>\n<p>Sowing rate: about 3 kg\/100 m2<\/p>\n<p>*the composition of the mixture may change<\/p>","protected":false},"excerpt":{"rendered":"<p>Apra\u0161ymas \u201eTurfline\u00ae\u201c \u2013 sodinink\u0173 m\u0117gstamiausias \u201eTurfline\u00ae\u201c mi\u0161iniai tiekiami 1 kg kartonin\u0117se d\u0117\u017eut\u0117se, 7,5kg ir 20kg mai\u0161uose. SPORT mi\u0161inyje esan\u010dios daugiamet\u0117s svidr\u0117s Quick Action\u00a9, u\u017etikrina greit\u0105 sudygim\u0105 ir \u012fsitvirtinim\u0105. Jos auga tankiai ir kompakti\u0161kai, o po pa\u017eeidimo greitai atsistato. Patobulintas \u017eaidimas \u012ftemptomis s\u0105lygomis naudojant Quick Action\u00a0\u00a9 Turfline Sport mi\u0161inys buvo atnaujintas su unikaliomis Quick Action \u00a9 [&hellip;]<\/p>\n","protected":false},"featured_media":1230,"template":"","meta":{"_acf_changed":false,"inline_featured_image":false,"slim_seo":{"description":"Robustica-dp-dotnuva","title":"SPORT - Dotnuva Seeds"}},"product_brand":[],"product_cat":[93,60],"product_tag":[],"paskirtis":[],"sezonas":[],"class_list":{"0":"post-1231","1":"product","2":"type-product","3":"status-publish","4":"has-post-thumbnail","6":"product_cat-turfline","7":"product_cat-veju-zoliu-misiniai","8":"post-wrapper","9":"thrv_wrapper","11":"first","12":"instock","13":"taxable","14":"shipping-taxable","15":"product-type-simple"},"acf":[],"vidinis_prekes_pavadinimas":"","ax_sandelis":"","_links":{"self":[{"href":"https:\/\/dotnuvaseeds.lt\/en\/wp-json\/wp\/v2\/product\/1231","targetHints":{"allow":["GET"]}}],"collection":[{"href":"https:\/\/dotnuvaseeds.lt\/en\/wp-json\/wp\/v2\/product"}],"about":[{"href":"https:\/\/dotnuvaseeds.lt\/en\/wp-json\/wp\/v2\/types\/product"}],"wp:featuredmedia":[{"embeddable":true,"href":"https:\/\/dotnuvaseeds.lt\/en\/wp-json\/wp\/v2\/media\/1230"}],"wp:attachment":[{"href":"https:\/\/dotnuvaseeds.lt\/en\/wp-json\/wp\/v2\/media?parent=1231"}],"wp:term":[{"taxonomy":"product_brand","embeddable":true,"href":"https:\/\/dotnuvaseeds.lt\/en\/wp-json\/wp\/v2\/product_brand?post=1231"},{"taxonomy":"product_cat","embeddable":true,"href":"https:\/\/dotnuvaseeds.lt\/en\/wp-json\/wp\/v2\/product_cat?post=1231"},{"taxonomy":"product_tag","embeddable":true,"href":"https:\/\/dotnuvaseeds.lt\/en\/wp-json\/wp\/v2\/product_tag?post=1231"},{"taxonomy":"paskirtis","embeddable":true,"href":"https:\/\/dotnuvaseeds.lt\/en\/wp-json\/wp\/v2\/paskirtis?post=1231"},{"taxonomy":"sezonas","embeddable":true,"href":"https:\/\/dotnuvaseeds.lt\/en\/wp-json\/wp\/v2\/sezonas?post=1231"}],"curies":[{"name":"wp","href":"https:\/\/api.w.org\/{rel}","templated":true}]}}