{"id":1234,"date":"2024-02-18T14:02:15","date_gmt":"2024-02-18T12:02:15","guid":{"rendered":"https:\/\/dotnuvaseeds.lt\/?post_type=product&#038;p=1234"},"modified":"2025-04-11T15:14:13","modified_gmt":"2025-04-11T12:14:13","slug":"turbo","status":"publish","type":"product","link":"https:\/\/dotnuvaseeds.lt\/en\/product\/turbo\/","title":{"rendered":"TURBO"},"content":{"rendered":"<p><strong>Description<\/strong><\/p>\n<p>Turfline\u00ae is a gardener&#039;s favorite<\/p>\n<p>Turfline\u00ae mixes are supplied in 1 kg cartons, 7.5 kg and 20 kg bags.<\/p>\n<p>Quick Action\u00a9 perennial grasses in the TURBO mixture ensure quick germination and establishment. They grow densely and compactly, and recover quickly after damage.<\/p>\n<p><strong>Quick Action \u00a9<\/strong>\u00a0 - much better disease and drought resistance. Especially in the autumn and winter seasons, resistance to diseases such as snow mold is significantly improved. This, combined with rapid establishment and better growth at lower temperatures, improves the quality of the grass cover for sports activities in late autumn and early spring. Resistance to the disease red streak is also improved. The improved drought resistance due to the deeper rooting of Quick Action \u00a9 perennial sedges makes it a unique partner in mixtures for dry soils.<\/p>\n<p><strong>Only the TURBO mixture uses the ACCELERATOR\u00ae seed coating\u00a0<\/strong><\/p>\n<p><strong>Accelerator\u00ae\u00a0<\/strong> \u2013 the seed coat contains humectants and biostimulants. This allows for quick establishment and provides a richer green color and additional trampling resistance. Accelerator\u00ae has proven its advantages in areas and situations where irrigation during the growing stage is limited or where rapid germination is critical. Accelerator\u00ae is perfect even where lawns need to be reseeded or repaired as it strengthens and improves the growth of new plants and their ability to compete with weeds in the old lawn.<br \/>\nAccelerator\u00ae is only used in Turfline\u00ae mixes TURBO.<\/p>\n<p><strong>A quick lawn - now even faster with Accelerator\u00a0<\/strong><\/p>\n<p>Turbo contains a unique annual ryegrass that is the fastest growing grass. The use of Accelerator\u00ae promotes faster seed germination. As a result, the seeds need 1\/3 less water in the first stages of germination. At the same time, perennial sedges &quot;Quick Action\u00a9&quot; provide the best establishment and growth and germinate well even at low temperatures in early spring or late autumn.<\/p>\n<p>Fast establishment means fewer weeds and a job well done!<\/p>\n<p>The speed at which your lawn establishes is very important. Fast establishment reduces weeds. Turfline\u00a9 Turbo will quickly create a dense turf that will provide less space and opportunities for weeds during the seed germination stage.<br \/>\nThe annual turfgrass in Turfline\u00a9 Turbo mix is the fastest germinating and establishing grass you can find. It germinates and greens up quickly while other types of grasses are emerging and bushy, giving you the desired beautiful, dense and weed-free lawn. Quick Action\u00a9 sedges can also germinate and establish in low temperatures, allowing early spring and later fall reseeding and lawn maintenance, extending the opportunity to create a beautiful lawn.<\/p>\n<ul>\n<li>Fast germination and greening Germination also takes place at low temperatures<\/li>\n<li>Minimal color difference from the old lawn<\/li>\n<li>Good resistance to trampling<\/li>\n<li>Less water in the early stages of development<\/li>\n<li>TURBO is intended for renewing or compacting lawns.<\/li>\n<\/ul>\n<h3>COMPOSITION:<\/h3>\n<ul>\n<li>30 % Perennial Squirrels (Quick Action \u00a9)<\/li>\n<li>20 % Annual lawn grasses<\/li>\n<li>45 % Red long-stemmed fescues<\/li>\n<li>5 % Meadow mist<\/li>\n<\/ul>\n<p>Sowing rate: about 3 kg\/100 m2 (when seeding or compacting the lawn 1-2 kg\/100 m2)<\/p>\n<p>*the composition of the mixture may change<\/p>","protected":false},"excerpt":{"rendered":"<p>Apra\u0161ymas \u201eTurfline\u00ae\u201c \u2013 sodinink\u0173 m\u0117gstamiausias \u201eTurfline\u00ae\u201c mi\u0161iniai tiekiami 1 kg kartonin\u0117se d\u0117\u017eut\u0117se, 7,5kg ir 20kg mai\u0161uose. TURBO mi\u0161inyje esan\u010dios daugiamet\u0117s svidr\u0117s Quick Action\u00a9, u\u017etikrina greit\u0105 sudygim\u0105 ir \u012fsitvirtinim\u0105. Jos auga tankiai ir kompakti\u0161kai, o po pa\u017eeidimo greitai atsistato. \u201eQuick Action \u00a9\u201c\u00a0 &#8211; daug geresnis atsparumas ligoms ir sausrai. Ypa\u010d rudens ir \u017eiemos sezonais gerokai pager\u0117ja [&hellip;]<\/p>\n","protected":false},"featured_media":1235,"template":"","meta":{"_acf_changed":false,"inline_featured_image":false,"slim_seo":{"description":"Robustica-dp-dotnuva","title":"TURBO - Dotnuva Seeds"}},"product_brand":[],"product_cat":[93,60],"product_tag":[],"paskirtis":[],"sezonas":[],"class_list":{"0":"post-1234","1":"product","2":"type-product","3":"status-publish","4":"has-post-thumbnail","6":"product_cat-turfline","7":"product_cat-veju-zoliu-misiniai","8":"post-wrapper","9":"thrv_wrapper","11":"first","12":"instock","13":"taxable","14":"shipping-taxable","15":"product-type-simple"},"acf":[],"vidinis_prekes_pavadinimas":"","ax_sandelis":"","_links":{"self":[{"href":"https:\/\/dotnuvaseeds.lt\/en\/wp-json\/wp\/v2\/product\/1234","targetHints":{"allow":["GET"]}}],"collection":[{"href":"https:\/\/dotnuvaseeds.lt\/en\/wp-json\/wp\/v2\/product"}],"about":[{"href":"https:\/\/dotnuvaseeds.lt\/en\/wp-json\/wp\/v2\/types\/product"}],"wp:featuredmedia":[{"embeddable":true,"href":"https:\/\/dotnuvaseeds.lt\/en\/wp-json\/wp\/v2\/media\/1235"}],"wp:attachment":[{"href":"https:\/\/dotnuvaseeds.lt\/en\/wp-json\/wp\/v2\/media?parent=1234"}],"wp:term":[{"taxonomy":"product_brand","embeddable":true,"href":"https:\/\/dotnuvaseeds.lt\/en\/wp-json\/wp\/v2\/product_brand?post=1234"},{"taxonomy":"product_cat","embeddable":true,"href":"https:\/\/dotnuvaseeds.lt\/en\/wp-json\/wp\/v2\/product_cat?post=1234"},{"taxonomy":"product_tag","embeddable":true,"href":"https:\/\/dotnuvaseeds.lt\/en\/wp-json\/wp\/v2\/product_tag?post=1234"},{"taxonomy":"paskirtis","embeddable":true,"href":"https:\/\/dotnuvaseeds.lt\/en\/wp-json\/wp\/v2\/paskirtis?post=1234"},{"taxonomy":"sezonas","embeddable":true,"href":"https:\/\/dotnuvaseeds.lt\/en\/wp-json\/wp\/v2\/sezonas?post=1234"}],"curies":[{"name":"wp","href":"https:\/\/api.w.org\/{rel}","templated":true}]}}