{"id":1238,"date":"2024-02-18T19:12:06","date_gmt":"2024-02-18T17:12:06","guid":{"rendered":"https:\/\/dotnuvaseeds.lt\/?post_type=product&#038;p=1238"},"modified":"2025-06-12T21:50:30","modified_gmt":"2025-06-12T18:50:30","slug":"eco-lawn","status":"publish","type":"product","link":"https:\/\/dotnuvaseeds.lt\/en\/product\/eco-lawn\/","title":{"rendered":"Eco Lawn"},"content":{"rendered":"<p>Turfline\u00ae is a gardener&#039;s favorite<\/p>\n<p>Turfline\u00ae mixes are supplied in 1 kg cartons, 7.5 kg and 20 kg bags.<\/p>\n<h4>Organic lawn<\/h4>\n<p>The unique white lawn clover Microclover\u00ae is a component of the Eco Lawn mix. Allowing Turfline\u00ae in the lawn reduces fertilization and irrigation needs, resulting in a greener and denser lawn. Microclover\u00ae is a breakthrough in environmentally friendly lawns, as clover feeds the grass with nitrogen. Microclover\u00ae lawn is resistant to trampling and at the same time green, easy to maintain.<\/p>\n<ul>\n<li>Organic lawn<\/li>\n<li>Less water<\/li>\n<li>Less fertilizer<\/li>\n<li>With Microclover\u00a9 (micro white clover)<\/li>\n<\/ul>\n<h3>COMPOSITION:<\/h3>\n<ul>\n<li>35 % Perennial Squirrels (Quick Action \u00a9)<\/li>\n<li>10 % Raudon\u0173j\u0173 trumpa\u0161akniastiebini\u0173 erai\u010din\u0173<\/li>\n<li>45 % Red long-stemmed fescues<\/li>\n<li>5 % Meadow mist<\/li>\n<li>5 % Baltieji vejiniai dobilai Microclover\u00a9<\/li>\n<\/ul>\n<p>Sowing rate: about 3 kg\/100 m2<\/p>\n<p>*the composition of the mixture may change<\/p>","protected":false},"excerpt":{"rendered":"<p>\u201eTurfline\u00ae\u201c \u2013 sodinink\u0173 m\u0117gstamiausias \u201eTurfline\u00ae\u201c mi\u0161iniai tiekiami 1 kg kartonin\u0117se d\u0117\u017eut\u0117se, 7,5kg ir 20kg mai\u0161uose. Ekologi\u0161ka veja Unikal\u016bs baltieji vejiniai dobilai Microclover\u00ae yra Eco Lawn mi\u0161inio komponentas. Leid\u017eiantis Turfline\u00ae vejoje suma\u017einti tr\u0119\u0161imo ir dr\u0117kinimo poreikius, o veja tampa \u017ealesn\u0117 ir tankesn\u0117. Microclover\u00ae yra prover\u017eis aplinkai nekenksmingose \u200b\u200bvejose, nes dobilai maitina \u017eol\u0119 azotu. Microclover\u00ae veja yra [&hellip;]<\/p>\n","protected":false},"featured_media":1239,"template":"","meta":{"_acf_changed":false,"inline_featured_image":false,"slim_seo":{"title":"Eco Lawn - Dotnuva Seeds","description":"Turfline\u00ae - a gardener&#039;s favorite Turfline\u00ae mixes are available in 1kg cartons, 7.5kg and 20kg bags. Organic lawn Unique white lawns"}},"product_brand":[],"product_cat":[93,60],"product_tag":[],"paskirtis":[],"sezonas":[],"class_list":{"0":"post-1238","1":"product","2":"type-product","3":"status-publish","4":"has-post-thumbnail","6":"product_cat-turfline","7":"product_cat-veju-zoliu-misiniai","8":"post-wrapper","9":"thrv_wrapper","11":"first","12":"instock","13":"taxable","14":"shipping-taxable","15":"product-type-simple"},"acf":[],"vidinis_prekes_pavadinimas":"","ax_sandelis":"","_links":{"self":[{"href":"https:\/\/dotnuvaseeds.lt\/en\/wp-json\/wp\/v2\/product\/1238","targetHints":{"allow":["GET"]}}],"collection":[{"href":"https:\/\/dotnuvaseeds.lt\/en\/wp-json\/wp\/v2\/product"}],"about":[{"href":"https:\/\/dotnuvaseeds.lt\/en\/wp-json\/wp\/v2\/types\/product"}],"wp:featuredmedia":[{"embeddable":true,"href":"https:\/\/dotnuvaseeds.lt\/en\/wp-json\/wp\/v2\/media\/1239"}],"wp:attachment":[{"href":"https:\/\/dotnuvaseeds.lt\/en\/wp-json\/wp\/v2\/media?parent=1238"}],"wp:term":[{"taxonomy":"product_brand","embeddable":true,"href":"https:\/\/dotnuvaseeds.lt\/en\/wp-json\/wp\/v2\/product_brand?post=1238"},{"taxonomy":"product_cat","embeddable":true,"href":"https:\/\/dotnuvaseeds.lt\/en\/wp-json\/wp\/v2\/product_cat?post=1238"},{"taxonomy":"product_tag","embeddable":true,"href":"https:\/\/dotnuvaseeds.lt\/en\/wp-json\/wp\/v2\/product_tag?post=1238"},{"taxonomy":"paskirtis","embeddable":true,"href":"https:\/\/dotnuvaseeds.lt\/en\/wp-json\/wp\/v2\/paskirtis?post=1238"},{"taxonomy":"sezonas","embeddable":true,"href":"https:\/\/dotnuvaseeds.lt\/en\/wp-json\/wp\/v2\/sezonas?post=1238"}],"curies":[{"name":"wp","href":"https:\/\/api.w.org\/{rel}","templated":true}]}}