{"id":1244,"date":"2024-02-18T19:43:18","date_gmt":"2024-02-18T17:43:18","guid":{"rendered":"https:\/\/dotnuvaseeds.lt\/?post_type=product&#038;p=1244"},"modified":"2025-04-11T15:20:19","modified_gmt":"2025-04-11T12:20:19","slug":"robustica","status":"publish","type":"product","link":"https:\/\/dotnuvaseeds.lt\/en\/product\/robustica\/","title":{"rendered":"ROBUSTICA"},"content":{"rendered":"<p><strong>Description<\/strong><\/p>\n<p>A mixture for greening open spaces, gardens, parks or other large areas that does not require special care. By mowing 2-3 times a month, a beautiful meadow with firm turf is formed.<\/p>\n<p>For all types of soil.<br \/>\nRequired seed rate: about 2-3 kg\/100 m2.<\/p>\n<h3>*COMPOSITION:<\/h3>\n<ul>\n<li>50 % Perennial grasses<\/li>\n<li>45 % Red long-stemmed fescue<\/li>\n<li>\u00a0 5 % Meadow mist<\/li>\n<\/ul>\n<p>*the composition may change<\/p>","protected":false},"excerpt":{"rendered":"<p>Apra\u0161ymas Atvir\u0173 viet\u0173, sod\u0173, park\u0173 ar kit\u0173 dideli\u0173 plot\u0173 ap\u017eeldinimui skirtas mi\u0161inys, nereikalaujantis ypatingos prie\u017ei\u016bros. Pjaunant 2-3 kartus per m\u0117nes\u012f suformuojama gra\u017ei, tvirt\u0105 vel\u0117n\u0105 turinti pieva. Vis\u0173 tip\u0173 dirvoms. Reikalinga s\u0117kl\u0173 norma: apie 2-3 kg\/100 m2. *SUD\u0116TIS: 50 % \u00a0 Daugiamet\u0117s svidr\u0117s 45 % \u00a0 Raudonieji ilga\u0161akniastiebiai erai\u010dinai \u00a0 5 % \u00a0 Pievin\u0117s migl\u0117s *sud\u0117tis [&hellip;]<\/p>\n","protected":false},"featured_media":1245,"template":"","meta":{"_acf_changed":false,"inline_featured_image":false,"slim_seo":{"description":"Robustica-dp-dotnuva","title":"ROBUSTICA - Dotnuva Seeds"}},"product_brand":[],"product_cat":[95,60],"product_tag":[],"paskirtis":[],"sezonas":[],"class_list":{"0":"post-1244","1":"product","2":"type-product","3":"status-publish","4":"has-post-thumbnail","6":"product_cat-universal","7":"product_cat-veju-zoliu-misiniai","8":"post-wrapper","9":"thrv_wrapper","11":"first","12":"instock","13":"taxable","14":"shipping-taxable","15":"product-type-simple"},"acf":[],"vidinis_prekes_pavadinimas":"","ax_sandelis":"","_links":{"self":[{"href":"https:\/\/dotnuvaseeds.lt\/en\/wp-json\/wp\/v2\/product\/1244","targetHints":{"allow":["GET"]}}],"collection":[{"href":"https:\/\/dotnuvaseeds.lt\/en\/wp-json\/wp\/v2\/product"}],"about":[{"href":"https:\/\/dotnuvaseeds.lt\/en\/wp-json\/wp\/v2\/types\/product"}],"wp:featuredmedia":[{"embeddable":true,"href":"https:\/\/dotnuvaseeds.lt\/en\/wp-json\/wp\/v2\/media\/1245"}],"wp:attachment":[{"href":"https:\/\/dotnuvaseeds.lt\/en\/wp-json\/wp\/v2\/media?parent=1244"}],"wp:term":[{"taxonomy":"product_brand","embeddable":true,"href":"https:\/\/dotnuvaseeds.lt\/en\/wp-json\/wp\/v2\/product_brand?post=1244"},{"taxonomy":"product_cat","embeddable":true,"href":"https:\/\/dotnuvaseeds.lt\/en\/wp-json\/wp\/v2\/product_cat?post=1244"},{"taxonomy":"product_tag","embeddable":true,"href":"https:\/\/dotnuvaseeds.lt\/en\/wp-json\/wp\/v2\/product_tag?post=1244"},{"taxonomy":"paskirtis","embeddable":true,"href":"https:\/\/dotnuvaseeds.lt\/en\/wp-json\/wp\/v2\/paskirtis?post=1244"},{"taxonomy":"sezonas","embeddable":true,"href":"https:\/\/dotnuvaseeds.lt\/en\/wp-json\/wp\/v2\/sezonas?post=1244"}],"curies":[{"name":"wp","href":"https:\/\/api.w.org\/{rel}","templated":true}]}}