{"id":1249,"date":"2024-02-18T19:59:26","date_gmt":"2024-02-18T17:59:26","guid":{"rendered":"https:\/\/dotnuvaseeds.lt\/?post_type=product&#038;p=1249"},"modified":"2025-04-24T19:26:55","modified_gmt":"2025-04-24T16:26:55","slug":"road-dp","status":"publish","type":"product","link":"https:\/\/dotnuvaseeds.lt\/en\/product\/road-dp\/","title":{"rendered":"ROAD DP"},"content":{"rendered":"<p><strong><a href=\"https:\/\/dotnuvaseeds.lt\/wp-content\/uploads\/2024\/04\/DLF-TURFLINE-veju-zoliu-naudotojo-vadovas-2024.pdf\">DLF TURFLINE Turf Grass User Guide 2024<\/a><\/strong><\/p>\n<p><strong>Description<\/strong><\/p>\n<p>These mixtures are intended for greening large massifs, parks, paths, slopes, lakesides and other less maintained areas. However, regular mowing produces good-looking lawns with firm turf.<\/p>\n<p>Mixture for greening slopes, footpaths and lakesides. Resistant to acids and salts falling on the grass from the roads.<\/p>\n<p>For all types of soil.<br \/>\nRequired seed rate: about 3 kg\/100 m2.<\/p>\n<h3>*COMPOSITION:<\/h3>\n<ul>\n<li>20 % Perennial grasses<\/li>\n<li>30 % Red long-stemmed fescue<\/li>\n<li>35 % Erai\u010dinsvidres<\/li>\n<li>\u00a0 5 % Meadow mist<\/li>\n<li>10 % Gausiaziedes squirrels<\/li>\n<\/ul>\n<p>*the composition may change<\/p>","protected":false},"excerpt":{"rendered":"<p>DLF TURFLINE vej\u0173 \u017eoli\u0173 naudotojo vadovas 2024 Apra\u0161ymas \u0160ie mi\u0161iniai skirti ap\u017eeldinti dideliems masyvams, parkams, pakel\u0117ms, \u0161laitams, pae\u017eer\u0117ms ir kitiems ma\u017eiau pri\u017ei\u016brimiems plotams. Ta\u010diau reguliariai pjaunant suformuojamos gra\u017eiai atrodan\u010dios, tvirt\u0105 vel\u0117n\u0105 turin\u010dios vejos. Mi\u0161inys, skirtas ap\u017eeldinti \u0161laitus, pakeles ir pae\u017eeres. Atsparus nuo keli\u0173 ant \u017eolyn\u0173 patenkan\u010dioms r\u016bg\u0161tims bei druskoms. Vis\u0173 tip\u0173 dirvoms. Reikalinga s\u0117kl\u0173 norma: [&hellip;]<\/p>\n","protected":false},"featured_media":1862,"template":"","meta":{"_acf_changed":false,"inline_featured_image":false,"slim_seo":{"title":"ROAD DP - Dotnuva Seeds","description":"DLF TURFLINE Lawn Grass User Manual 2024 Description These mixes are designed for greening large fields, parks, paths, slopes, lakesides and other ma"}},"product_brand":[],"product_cat":[95,60],"product_tag":[],"paskirtis":[],"sezonas":[],"class_list":{"0":"post-1249","1":"product","2":"type-product","3":"status-publish","4":"has-post-thumbnail","6":"product_cat-universal","7":"product_cat-veju-zoliu-misiniai","8":"post-wrapper","9":"thrv_wrapper","11":"first","12":"instock","13":"taxable","14":"shipping-taxable","15":"product-type-simple"},"acf":[],"vidinis_prekes_pavadinimas":"","ax_sandelis":"","_links":{"self":[{"href":"https:\/\/dotnuvaseeds.lt\/en\/wp-json\/wp\/v2\/product\/1249","targetHints":{"allow":["GET"]}}],"collection":[{"href":"https:\/\/dotnuvaseeds.lt\/en\/wp-json\/wp\/v2\/product"}],"about":[{"href":"https:\/\/dotnuvaseeds.lt\/en\/wp-json\/wp\/v2\/types\/product"}],"wp:featuredmedia":[{"embeddable":true,"href":"https:\/\/dotnuvaseeds.lt\/en\/wp-json\/wp\/v2\/media\/1862"}],"wp:attachment":[{"href":"https:\/\/dotnuvaseeds.lt\/en\/wp-json\/wp\/v2\/media?parent=1249"}],"wp:term":[{"taxonomy":"product_brand","embeddable":true,"href":"https:\/\/dotnuvaseeds.lt\/en\/wp-json\/wp\/v2\/product_brand?post=1249"},{"taxonomy":"product_cat","embeddable":true,"href":"https:\/\/dotnuvaseeds.lt\/en\/wp-json\/wp\/v2\/product_cat?post=1249"},{"taxonomy":"product_tag","embeddable":true,"href":"https:\/\/dotnuvaseeds.lt\/en\/wp-json\/wp\/v2\/product_tag?post=1249"},{"taxonomy":"paskirtis","embeddable":true,"href":"https:\/\/dotnuvaseeds.lt\/en\/wp-json\/wp\/v2\/paskirtis?post=1249"},{"taxonomy":"sezonas","embeddable":true,"href":"https:\/\/dotnuvaseeds.lt\/en\/wp-json\/wp\/v2\/sezonas?post=1249"}],"curies":[{"name":"wp","href":"https:\/\/api.w.org\/{rel}","templated":true}]}}