{"id":2193,"date":"2026-01-15T15:56:36","date_gmt":"2026-01-15T13:56:36","guid":{"rendered":"https:\/\/dotnuvaseeds.lt\/?post_type=product&#038;p=2193"},"modified":"2026-01-15T16:02:41","modified_gmt":"2026-01-15T14:02:41","slug":"adessa","status":"publish","type":"product","link":"https:\/\/dotnuvaseeds.lt\/en\/product\/ambella\/","title":{"rendered":"Adessa"},"content":{"rendered":"<p>&nbsp;<\/p>\n<ul>\n<li>\u00a0Saatzucht Donau, Austria<\/li>\n<li>Registered in Lithuania in 2021.<\/li>\n<li>vidutinio ansktyvumo brandos<\/li>\n<li>vidutinis augal\u0173 auk\u0161tis 86 cm<\/li>\n<li>labai atspari i\u0161gulimui, 8,4 balai<\/li>\n<li>very resistant to seeds falling out of the pods - 9 points<\/li>\n<li>1000 s\u0117kl\u0173 mas\u0117 183 g<\/li>\n<\/ul>\n<h3>Breed characteristics<\/h3>\n<p>Lietuvoje sojos ADESSA buvo tirtos Kauno ir Pasvalio AVT skyriuose 2019 ir 2020 m. Bandymuose gautas vidutinis 3,11 t ha<sup>-1<\/sup> soj\u0173 derlius. Did\u017eiausias derlius buvo gautas 2020 m. Pasvalio AVT skyriuje \u2013 3,91 t ha<sup>-1<\/sup>.<\/p>\n<h3>Grain quality<\/h3>\n<p>Auk\u0161tas baltym\u0173 ir riebal\u0173 kiekis. Gr\u016bduose vidutini\u0161kai buvo nustatyta 36 proc. bantym\u0173 ir 22,6 proc. riebal\u0173.<\/p>","protected":false},"excerpt":{"rendered":"<p>&nbsp; \u00a0Saatzucht Donau, Austrija Lietuvoje registruota\u00a02021 m. vidutinio ansktyvumo brandos vidutinis augal\u0173 auk\u0161tis 86 cm labai atspari i\u0161gulimui, 8,4 balai labai atspari s\u0117kl\u0173 i\u0161byr\u0117jimui i\u0161 ank\u0161\u010di\u0173 &#8211;\u00a09 balai 1000 s\u0117kl\u0173 mas\u0117 183 g Veisl\u0117s savyb\u0117s Lietuvoje sojos ADESSA buvo tirtos Kauno ir Pasvalio AVT skyriuose 2019 ir 2020 m. Bandymuose gautas vidutinis 3,11 t ha-1 [&hellip;]<\/p>\n","protected":false},"featured_media":2194,"template":"","meta":{"_acf_changed":false,"inline_featured_image":false,"slim_seo":{"title":"Adessa - Dotnuva Seeds","description":"&nbsp; \u00a0Saatzucht Donau, Austrija Lietuvoje registruota\u00a02021 m. vidutinio ansktyvumo brandos vidutinis augal\u0173 auk\u0161tis 86 cm labai atspari i\u0161gulimui, 8,4 balai l"}},"product_brand":[],"product_cat":[53,45],"product_tag":[96],"paskirtis":[],"sezonas":[],"class_list":{"0":"post-2193","1":"product","2":"type-product","3":"status-publish","4":"has-post-thumbnail","6":"product_cat-sojos","7":"product_cat-vasariniu-augalu-veisles","8":"product_tag-nauja","9":"post-wrapper","10":"thrv_wrapper","12":"first","13":"instock","14":"taxable","15":"shipping-taxable","16":"product-type-simple"},"acf":[],"vidinis_prekes_pavadinimas":"","ax_sandelis":"","_links":{"self":[{"href":"https:\/\/dotnuvaseeds.lt\/en\/wp-json\/wp\/v2\/product\/2193","targetHints":{"allow":["GET"]}}],"collection":[{"href":"https:\/\/dotnuvaseeds.lt\/en\/wp-json\/wp\/v2\/product"}],"about":[{"href":"https:\/\/dotnuvaseeds.lt\/en\/wp-json\/wp\/v2\/types\/product"}],"wp:featuredmedia":[{"embeddable":true,"href":"https:\/\/dotnuvaseeds.lt\/en\/wp-json\/wp\/v2\/media\/2194"}],"wp:attachment":[{"href":"https:\/\/dotnuvaseeds.lt\/en\/wp-json\/wp\/v2\/media?parent=2193"}],"wp:term":[{"taxonomy":"product_brand","embeddable":true,"href":"https:\/\/dotnuvaseeds.lt\/en\/wp-json\/wp\/v2\/product_brand?post=2193"},{"taxonomy":"product_cat","embeddable":true,"href":"https:\/\/dotnuvaseeds.lt\/en\/wp-json\/wp\/v2\/product_cat?post=2193"},{"taxonomy":"product_tag","embeddable":true,"href":"https:\/\/dotnuvaseeds.lt\/en\/wp-json\/wp\/v2\/product_tag?post=2193"},{"taxonomy":"paskirtis","embeddable":true,"href":"https:\/\/dotnuvaseeds.lt\/en\/wp-json\/wp\/v2\/paskirtis?post=2193"},{"taxonomy":"sezonas","embeddable":true,"href":"https:\/\/dotnuvaseeds.lt\/en\/wp-json\/wp\/v2\/sezonas?post=2193"}],"curies":[{"name":"wp","href":"https:\/\/api.w.org\/{rel}","templated":true}]}}