{"id":423,"date":"2023-04-04T23:54:56","date_gmt":"2023-04-04T20:54:56","guid":{"rendered":"https:\/\/dotnuvaseeds.lt\/?post_type=product&#038;p=423"},"modified":"2025-02-06T14:20:34","modified_gmt":"2025-02-06T12:20:34","slug":"clone-of-baltieji-dobilai-3","status":"publish","type":"product","link":"https:\/\/dotnuvaseeds.lt\/en\/product\/clone-of-white-clover-3\/","title":{"rendered":"Amidala"},"content":{"rendered":"<ul>\n<li>Nordsaat Saatzucht, Germany<\/li>\n<li>Registered in Lithuania in 2022.<\/li>\n<li>malty type,<\/li>\n<li>medium early<\/li>\n<li>resistant to lodging 6.9 points,<\/li>\n<li>average plant height 64 cm<\/li>\n<li>Weight of 1000 grains 54 g.<\/li>\n<\/ul>\n<h3>Characteristics of the breed:<\/h3>\n<p>Research on the economic value of the breed, carried out in 2020 and 2021. In Plunge, Kaunas, Pasvalis and Utena AVT departments. Average yield of 8.08 t ha was obtained in the year of the variety research<sup>-1<\/sup> grain harvest. The largest crop of &#039;Amidala&#039; was grown in 2020. In Pasvalis AVT section - 10.6 t ha<sup>-1<\/sup>. Viena i\u0161 nedaugelio salyklini\u0173 mie\u017ei\u0173 veisli\u0173, turin\u010di\u0173 auk\u0161t\u0105 salyklo \u012fvertinim\u0105 tiek Vokietijos \u201eBerlin Program\u201c tiek \u201eCBMO\u201c Pranc\u016bzijos salyklini\u0173 mie\u017ei\u0173 augintoj\u0173 komiteto. 2023\u20132024 m. Vokietijoje did\u017eiausi s\u0117klini\u0173 mie\u017ei\u0173 plotai buvo aps\u0117ti \u2018Amidala\u2019 veisl\u0117s s\u0117klomis. Labai stamb\u016bs gr\u016bdai. Veisl\u0117 labai atspari miltligei, atspari tinkli\u0161kajai dry\u017eligei, r\u016bdims, rinchosporiozei, vidutini\u0161kai<br \/>\natspari ramularijai. Jautresn\u0117 sausroms. \u012era\u0161yta \u012f UAB \u201eViking Malt\u201c superkam\u0173 veisli\u0173 s\u0105ra\u0161\u0105.<\/p>\n<h3>Grain quality:<\/h3>\n<p>The average content of protein was 10.9%, starch - from 64.4%, coarse grains on a mesh sieve with a diameter of 2.5 mm - 93.9%.<\/p>\n<p><img loading=\"lazy\" decoding=\"async\" class=\"alignnone size-full wp-image-956\" src=\"https:\/\/dotnuvaseeds.lt\/wp-content\/uploads\/2023\/04\/Amidala-grafikas.jpg\" alt=\"\" width=\"474\" height=\"442\" \/><\/p>","protected":false},"excerpt":{"rendered":"<p>Nordsaat Saatzucht, Vokietija Lietuvoje registruota 2022 m. salyklinio tipo, vidutinio ankstyvumo atspari i\u0161gulimui\u00a06,9 balo, vidutinis augal\u0173 auk\u0161tis 64 cm 1000 gr\u016bd\u0173 mas\u0117 54 g. Veisl\u0117s savyb\u0117s: Veisl\u0117s \u016bkinio vertingumo tyrimai, atlikti 2020 ir 2021 m. Plung\u0117s, Kauno, Pasvalio ir Utenos AVT skyriuose. Veisl\u0117s tyrimo metais gautas vidutinis 8,08 t ha-1 gr\u016bd\u0173 derlius. Did\u017eiausias \u2018Amidala\u2019 derlius [&hellip;]<\/p>\n","protected":false},"featured_media":1611,"template":"","meta":{"_acf_changed":false,"inline_featured_image":false,"slim_seo":{"description":"Nordsaat Saatzucht, Germany registered in Lithuania in 2022. malt type, medium early lodging resistance 6.9 points, average plant height 64 cm 100","title":"Amidala - Dotnuva Seeds"}},"product_brand":[],"product_cat":[48,45],"product_tag":[],"paskirtis":[],"sezonas":[],"class_list":{"0":"post-423","1":"product","2":"type-product","3":"status-publish","4":"has-post-thumbnail","6":"product_cat-vsariniai-mieziai","7":"product_cat-vasariniu-augalu-veisles","8":"post-wrapper","9":"thrv_wrapper","11":"first","12":"instock","13":"taxable","14":"shipping-taxable","15":"product-type-simple"},"acf":[],"vidinis_prekes_pavadinimas":"","ax_sandelis":"","_links":{"self":[{"href":"https:\/\/dotnuvaseeds.lt\/en\/wp-json\/wp\/v2\/product\/423","targetHints":{"allow":["GET"]}}],"collection":[{"href":"https:\/\/dotnuvaseeds.lt\/en\/wp-json\/wp\/v2\/product"}],"about":[{"href":"https:\/\/dotnuvaseeds.lt\/en\/wp-json\/wp\/v2\/types\/product"}],"wp:featuredmedia":[{"embeddable":true,"href":"https:\/\/dotnuvaseeds.lt\/en\/wp-json\/wp\/v2\/media\/1611"}],"wp:attachment":[{"href":"https:\/\/dotnuvaseeds.lt\/en\/wp-json\/wp\/v2\/media?parent=423"}],"wp:term":[{"taxonomy":"product_brand","embeddable":true,"href":"https:\/\/dotnuvaseeds.lt\/en\/wp-json\/wp\/v2\/product_brand?post=423"},{"taxonomy":"product_cat","embeddable":true,"href":"https:\/\/dotnuvaseeds.lt\/en\/wp-json\/wp\/v2\/product_cat?post=423"},{"taxonomy":"product_tag","embeddable":true,"href":"https:\/\/dotnuvaseeds.lt\/en\/wp-json\/wp\/v2\/product_tag?post=423"},{"taxonomy":"paskirtis","embeddable":true,"href":"https:\/\/dotnuvaseeds.lt\/en\/wp-json\/wp\/v2\/paskirtis?post=423"},{"taxonomy":"sezonas","embeddable":true,"href":"https:\/\/dotnuvaseeds.lt\/en\/wp-json\/wp\/v2\/sezonas?post=423"}],"curies":[{"name":"wp","href":"https:\/\/api.w.org\/{rel}","templated":true}]}}