{"id":429,"date":"2023-04-05T23:03:56","date_gmt":"2023-04-05T20:03:56","guid":{"rendered":"https:\/\/dotnuvaseeds.lt\/?post_type=product&#038;p=429"},"modified":"2026-01-15T14:43:36","modified_gmt":"2026-01-15T12:43:36","slug":"winx","status":"publish","type":"product","link":"https:\/\/dotnuvaseeds.lt\/en\/product\/winx\/","title":{"rendered":"Winx"},"content":{"rendered":"<ul>\n<li>Secobra Saatzucht, Germany<\/li>\n<li>Registered in Lithuania in 2022,<\/li>\n<li>food type, the grain meets the requirements of the Extra-2 quality class,<\/li>\n<li>medium early,<\/li>\n<li>very resistant to lodging 9 points,<\/li>\n<li>average plant height 88 cm,<\/li>\n<li>The average weight of 1000 grains is 43 g.<\/li>\n<\/ul>\n<h3><strong>Breed characteristics<\/strong><\/h3>\n<p>Veisl\u0117s \u016bkinio vertingumo tyrimuose, atliktuose 2020 ir 2021 m. Plung\u0117s, Kauno ir Utenos AVT skyriuose, gautas vidutinis 6,59 t ha-1 gr\u016bd\u0173 derlius, arba 104 proc. lyginant su standartini\u0173 veisli\u0173 derliaus vidurkiu. 2021\u20132025 m. Kauno AVTS Winx derlingumas buvo 112 proc. lyginant su standartin\u0117mis veisl\u0117mis. 2020\u20132025 m. priva\u010diuose v. kvie\u010di\u0173 veisli\u0173 bandymuose derlingumas buvo 7,26 t ha<sup>-1<\/sup> arba 107 proc. lyginant su standartin\u0117mis veisl\u0117mis. Veisl\u0117 vidutini\u0161kai atspari miltligei, lap\u0173 septoriozei, r\u016bdims ir varp\u0173 fuzariozei. Toleranti\u0161ka sausroms.<\/p>\n<h3><strong>Grain quality<\/strong><\/h3>\n<p>the average protein content was 13.0%, the number of drops was 301 s, the average hectoliter weight was 79.5 kg hl<sup>-1<\/sup>. The amount of gluten in grains varied from 26.0%, starch - from 65.2 to 69.7%, coarse grains on a mesh sieve with a diameter of 2.5 mm - 98%.<\/p>\n<p><img loading=\"lazy\" decoding=\"async\" class=\"alignnone  wp-image-2181\" src=\"https:\/\/dotnuvaseeds.lt\/wp-content\/uploads\/2023\/04\/Winx-2026.jpg\" alt=\"Winx\" width=\"710\" height=\"458\" srcset=\"https:\/\/dotnuvaseeds.lt\/wp-content\/uploads\/2023\/04\/Winx-2026.jpg 653w, https:\/\/dotnuvaseeds.lt\/wp-content\/uploads\/2023\/04\/Winx-2026-600x387.jpg 600w, https:\/\/dotnuvaseeds.lt\/wp-content\/uploads\/2023\/04\/Winx-2026-18x12.jpg 18w\" sizes=\"auto, (max-width: 710px) 100vw, 710px\" \/><\/p>\n<p>&nbsp;<\/p>","protected":false},"excerpt":{"rendered":"<p>Secobra Saatzucht, Vokietija Lietuvoje registruota 2022 m., maistinio tipo, gr\u016bdai atitinka Extra- 2 kokyb\u0117s klas\u0117s reikalavimus, vidutinio ankstyvumo, labai atspari i\u0161gulimui 9 balai, vidutinis augal\u0173 auk\u0161tis 88 cm, 1000 gr\u016bd\u0173 vidutin\u0117 mas\u0117 \u2013 43 g. Veisl\u0117s savyb\u0117s Veisl\u0117s \u016bkinio vertingumo tyrimuose, atliktuose 2020 ir 2021 m. Plung\u0117s, Kauno ir Utenos AVT skyriuose, gautas vidutinis 6,59 [&hellip;]<\/p>\n","protected":false},"featured_media":1658,"template":"","meta":{"_acf_changed":false,"inline_featured_image":false,"slim_seo":{"title":"Winx - Dotnuva Seeds","description":"Secobra Saatzucht, Germany, registered in Lithuania in 2022, food type, grain meets Extra-2 quality class requirements, medium early, very"}},"product_brand":[],"product_cat":[46,45],"product_tag":[96],"paskirtis":[],"sezonas":[],"class_list":{"0":"post-429","1":"product","2":"type-product","3":"status-publish","4":"has-post-thumbnail","6":"product_cat-vasariniai-kvieciai","7":"product_cat-vasariniu-augalu-veisles","8":"product_tag-nauja","9":"post-wrapper","10":"thrv_wrapper","12":"first","13":"instock","14":"taxable","15":"shipping-taxable","16":"product-type-simple"},"acf":[],"vidinis_prekes_pavadinimas":"","ax_sandelis":"","_links":{"self":[{"href":"https:\/\/dotnuvaseeds.lt\/en\/wp-json\/wp\/v2\/product\/429","targetHints":{"allow":["GET"]}}],"collection":[{"href":"https:\/\/dotnuvaseeds.lt\/en\/wp-json\/wp\/v2\/product"}],"about":[{"href":"https:\/\/dotnuvaseeds.lt\/en\/wp-json\/wp\/v2\/types\/product"}],"wp:featuredmedia":[{"embeddable":true,"href":"https:\/\/dotnuvaseeds.lt\/en\/wp-json\/wp\/v2\/media\/1658"}],"wp:attachment":[{"href":"https:\/\/dotnuvaseeds.lt\/en\/wp-json\/wp\/v2\/media?parent=429"}],"wp:term":[{"taxonomy":"product_brand","embeddable":true,"href":"https:\/\/dotnuvaseeds.lt\/en\/wp-json\/wp\/v2\/product_brand?post=429"},{"taxonomy":"product_cat","embeddable":true,"href":"https:\/\/dotnuvaseeds.lt\/en\/wp-json\/wp\/v2\/product_cat?post=429"},{"taxonomy":"product_tag","embeddable":true,"href":"https:\/\/dotnuvaseeds.lt\/en\/wp-json\/wp\/v2\/product_tag?post=429"},{"taxonomy":"paskirtis","embeddable":true,"href":"https:\/\/dotnuvaseeds.lt\/en\/wp-json\/wp\/v2\/paskirtis?post=429"},{"taxonomy":"sezonas","embeddable":true,"href":"https:\/\/dotnuvaseeds.lt\/en\/wp-json\/wp\/v2\/sezonas?post=429"}],"curies":[{"name":"wp","href":"https:\/\/api.w.org\/{rel}","templated":true}]}}