{"id":777,"date":"2024-01-02T14:29:59","date_gmt":"2024-01-02T12:29:59","guid":{"rendered":"https:\/\/dotnuvaseeds.lt\/?post_type=product&#038;p=777"},"modified":"2026-01-15T15:35:54","modified_gmt":"2026-01-15T13:35:54","slug":"ingrid-2","status":"publish","type":"product","link":"https:\/\/dotnuvaseeds.lt\/en\/product\/ingrid-2\/","title":{"rendered":"Ingrid"},"content":{"rendered":"<ul>\n<li>Lantm\u00e4nnen, Sweden<\/li>\n<li>Registered in Lithuania in 2014, standard breed AVTS<\/li>\n<li>early<\/li>\n<li>average plant height 94 cm<\/li>\n<li>very resistant to lodging,<\/li>\n<li>very resistant to seeds falling out of the pods - 8.8 points<\/li>\n<li>The weight of 1000 seeds is 299 g<\/li>\n<\/ul>\n<h3>Breed characteristics<\/h3>\n<p>Gr\u016bdai geltoni. Vidutinis AVT skyriuose 2012-2013 tyrim\u0173 metais gautas derlingumas buvo 4,46 t\u00a0ha<sup>-1<\/sup> or 104.5 percent. compared to standard varieties. in Sweden in 2010-2014 - 114 percent compared to standard cultivars. in Estonia in 2015 the yield compared to the standards was 103 percent. Peas of this variety are resistant to diseases. The resistance to ascochitosis of peas of the &#039;Ingrid&#039; variety in separate years was evaluated with 6 and 9 points, respectively (disease resistance is evaluated with points from 1 to 9, with 9 points being a very disease-resistant variety).<\/p>\n<h3>Grain quality<\/h3>\n<p>According to the average research data of 2012-2013, 20 percent of grains were found. proteins.<\/p>\n<p><img loading=\"lazy\" decoding=\"async\" class=\"alignnone size-full wp-image-2186\" src=\"https:\/\/dotnuvaseeds.lt\/wp-content\/uploads\/2024\/01\/Ingrid-2026.jpg\" alt=\"Ingrid\" width=\"581\" height=\"372\" srcset=\"https:\/\/dotnuvaseeds.lt\/wp-content\/uploads\/2024\/01\/Ingrid-2026.jpg 581w, https:\/\/dotnuvaseeds.lt\/wp-content\/uploads\/2024\/01\/Ingrid-2026-18x12.jpg 18w\" sizes=\"auto, (max-width: 581px) 100vw, 581px\" \/><\/p>\n<p>&nbsp;<\/p>","protected":false},"excerpt":{"rendered":"<p>Lantm\u00e4nnen, \u0160vedija Lietuvoje registruota 2014 m., standartin\u0117 veisl\u0117 AVTS ankstyva vidutinis augal\u0173 auk\u0161tis 94 cm labai atspari i\u0161gulimui, labai atspari s\u0117kl\u0173 i\u0161byr\u0117jimui i\u0161 ank\u0161\u010di\u0173- 8,8 balai 1000 s\u0117kl\u0173 svoris 299 g Veisl\u0117s savyb\u0117s Gr\u016bdai geltoni. Vidutinis AVT skyriuose 2012-2013 tyrim\u0173 metais gautas derlingumas buvo 4,46 t\u00a0ha-1 arba 104,5 proc. lyginant su standartin\u0117mis veisl\u0117mis. \u0160vedijoje 2010-2014 [&hellip;]<\/p>\n","protected":false},"featured_media":1308,"template":"","meta":{"_acf_changed":false,"inline_featured_image":false,"slim_seo":{"description":"Peas Ingrid","title":"Ingrid - Dotnuva Seeds"}},"product_brand":[],"product_cat":[45,50],"product_tag":[],"paskirtis":[],"sezonas":[],"class_list":{"0":"post-777","1":"product","2":"type-product","3":"status-publish","4":"has-post-thumbnail","6":"product_cat-vasariniu-augalu-veisles","7":"product_cat-zirniai","8":"post-wrapper","9":"thrv_wrapper","11":"first","12":"instock","13":"taxable","14":"shipping-taxable","15":"product-type-simple"},"acf":[],"vidinis_prekes_pavadinimas":"","ax_sandelis":"","_links":{"self":[{"href":"https:\/\/dotnuvaseeds.lt\/en\/wp-json\/wp\/v2\/product\/777","targetHints":{"allow":["GET"]}}],"collection":[{"href":"https:\/\/dotnuvaseeds.lt\/en\/wp-json\/wp\/v2\/product"}],"about":[{"href":"https:\/\/dotnuvaseeds.lt\/en\/wp-json\/wp\/v2\/types\/product"}],"wp:featuredmedia":[{"embeddable":true,"href":"https:\/\/dotnuvaseeds.lt\/en\/wp-json\/wp\/v2\/media\/1308"}],"wp:attachment":[{"href":"https:\/\/dotnuvaseeds.lt\/en\/wp-json\/wp\/v2\/media?parent=777"}],"wp:term":[{"taxonomy":"product_brand","embeddable":true,"href":"https:\/\/dotnuvaseeds.lt\/en\/wp-json\/wp\/v2\/product_brand?post=777"},{"taxonomy":"product_cat","embeddable":true,"href":"https:\/\/dotnuvaseeds.lt\/en\/wp-json\/wp\/v2\/product_cat?post=777"},{"taxonomy":"product_tag","embeddable":true,"href":"https:\/\/dotnuvaseeds.lt\/en\/wp-json\/wp\/v2\/product_tag?post=777"},{"taxonomy":"paskirtis","embeddable":true,"href":"https:\/\/dotnuvaseeds.lt\/en\/wp-json\/wp\/v2\/paskirtis?post=777"},{"taxonomy":"sezonas","embeddable":true,"href":"https:\/\/dotnuvaseeds.lt\/en\/wp-json\/wp\/v2\/sezonas?post=777"}],"curies":[{"name":"wp","href":"https:\/\/api.w.org\/{rel}","templated":true}]}}