{"id":779,"date":"2024-01-02T15:14:17","date_gmt":"2024-01-02T13:14:17","guid":{"rendered":"https:\/\/dotnuvaseeds.lt\/?post_type=product&#038;p=779"},"modified":"2024-10-15T10:38:23","modified_gmt":"2024-10-15T07:38:23","slug":"mhr-korona","status":"publish","type":"product","link":"https:\/\/dotnuvaseeds.lt\/en\/product\/mhr-corona\/","title":{"rendered":"MHR Korona"},"content":{"rendered":"<ul>\n<li>Malopolska Hodowla Roslin, Poland<\/li>\n<li>Registered in Lithuania in 2022.<\/li>\n<li>medium early<\/li>\n<li>average plant height 100-125 cm<\/li>\n<li>very resistant to lodging, 6.5 points<\/li>\n<li>Weight of 1000 seeds 26 g<\/li>\n<\/ul>\n<h3>Breed characteristics<\/h3>\n<p>Research on the economic value of the breed, carried out in 2020 and 2021. In the AVT department of Kaisiadori. An average of 129.8 percent was obtained in the year of the breed research. compared to standard varieties buckwheat yield. According to the data provided by the breeder, the potential of the crop is 1.5-2.7 t ha-1. Plants have good resistance to temporary droughts.<\/p>\n<h3>Grain quality<\/h3>\n<p>The average protein content is 13.6%, starch \u2013 62.5%, shell content \u2013 27.2%.<\/p>","protected":false},"excerpt":{"rendered":"<p>Malopolska Hodowla Roslin, Lenkija Lietuvoje registruota\u00a02022 m. vidutinio ankstyvumo vidutinis augal\u0173 auk\u0161tis 100-125 cm labai atspari i\u0161gulimui 6,5 balo 1000 s\u0117kl\u0173 mas\u0117 26 g Veisl\u0117s savyb\u0117s Veisl\u0117s \u016bkinio vertingumo tyrimai, atlikti 2020 ir 2021 m. Kai\u0161iadori\u0173 AVT skyriuje. Veisl\u0117s tyrimo metais gautas vidutinis\u00a0 129,8 proc. lyginant su standartin\u0117mis veisl\u0117mis griki\u0173 derlius. Deraliaus potencialias pagal selekcininko [&hellip;]<\/p>\n","protected":false},"featured_media":1311,"template":"","meta":{"_acf_changed":false,"inline_featured_image":false,"slim_seo":{"title":"MHR Korona - Dotnuva Seeds","description":"Malopolska Hodowla Roslin, Poland registered in Lithuania in 2022. medium early average plant height 100-125 cm very resistant to lodging 6.5 points 1000"}},"product_brand":[],"product_cat":[52,45],"product_tag":[],"paskirtis":[],"sezonas":[],"class_list":{"0":"post-779","1":"product","2":"type-product","3":"status-publish","4":"has-post-thumbnail","6":"product_cat-grikiai","7":"product_cat-vasariniu-augalu-veisles","8":"post-wrapper","9":"thrv_wrapper","11":"first","12":"instock","13":"taxable","14":"shipping-taxable","15":"product-type-simple"},"acf":[],"vidinis_prekes_pavadinimas":"","ax_sandelis":"","_links":{"self":[{"href":"https:\/\/dotnuvaseeds.lt\/en\/wp-json\/wp\/v2\/product\/779","targetHints":{"allow":["GET"]}}],"collection":[{"href":"https:\/\/dotnuvaseeds.lt\/en\/wp-json\/wp\/v2\/product"}],"about":[{"href":"https:\/\/dotnuvaseeds.lt\/en\/wp-json\/wp\/v2\/types\/product"}],"wp:featuredmedia":[{"embeddable":true,"href":"https:\/\/dotnuvaseeds.lt\/en\/wp-json\/wp\/v2\/media\/1311"}],"wp:attachment":[{"href":"https:\/\/dotnuvaseeds.lt\/en\/wp-json\/wp\/v2\/media?parent=779"}],"wp:term":[{"taxonomy":"product_brand","embeddable":true,"href":"https:\/\/dotnuvaseeds.lt\/en\/wp-json\/wp\/v2\/product_brand?post=779"},{"taxonomy":"product_cat","embeddable":true,"href":"https:\/\/dotnuvaseeds.lt\/en\/wp-json\/wp\/v2\/product_cat?post=779"},{"taxonomy":"product_tag","embeddable":true,"href":"https:\/\/dotnuvaseeds.lt\/en\/wp-json\/wp\/v2\/product_tag?post=779"},{"taxonomy":"paskirtis","embeddable":true,"href":"https:\/\/dotnuvaseeds.lt\/en\/wp-json\/wp\/v2\/paskirtis?post=779"},{"taxonomy":"sezonas","embeddable":true,"href":"https:\/\/dotnuvaseeds.lt\/en\/wp-json\/wp\/v2\/sezonas?post=779"}],"curies":[{"name":"wp","href":"https:\/\/api.w.org\/{rel}","templated":true}]}}