{"id":781,"date":"2024-01-02T15:31:24","date_gmt":"2024-01-02T13:31:24","guid":{"rendered":"https:\/\/dotnuvaseeds.lt\/?post_type=product&#038;p=781"},"modified":"2026-01-15T16:21:57","modified_gmt":"2026-01-15T14:21:57","slug":"contra-cl","status":"publish","type":"product","link":"https:\/\/dotnuvaseeds.lt\/en\/product\/contra-cl\/","title":{"rendered":"Contra CL"},"content":{"rendered":"<ul>\n<li>Rapool, Germany<\/li>\n<li>hybrid, spring rapeseed variety of clearfield\u00ae technology.<\/li>\n<li>Registered in Lithuania in 2018.<\/li>\n<li>medium early<\/li>\n<li>average plant height 113 cm,<\/li>\n<li>resistance to recumbency 7.1 points<\/li>\n<li>resistance to seed shedding 8.6 points<\/li>\n<li>The weight of 1000 seeds is 4.16 g<\/li>\n<\/ul>\n<h3>Breed characteristics<\/h3>\n<p>Economic value studies were conducted in 2016. and in 2017 In Kaunas, Plunge and Pasvalis AVT departments. In the research year, the average seed yield of the &#039;ContraCL&#039; variety was 3.14 t\/ha, or 106.4 percent. compared to standard varieties. Seeds contain an average of 45.4 percent. oil.<\/p>\n<p><img loading=\"lazy\" decoding=\"async\" class=\"alignnone size-full wp-image-975\" src=\"https:\/\/dotnuvaseeds.lt\/wp-content\/uploads\/2024\/01\/Contra-CL-grafikas.jpg\" alt=\"\" width=\"475\" height=\"412\" \/><\/p>\n<p>&nbsp;<\/p>","protected":false},"excerpt":{"rendered":"<p>Rapool, Vokietija hibridin\u0117, \u0161varaus lauko (clearfield\u00ae) technologijos vasarini\u0173 raps\u0173 veisl\u0117. Lietuvoje registruota 2018 m. vidutinio ankstyvumo vidutinis augal\u0173 auk\u0161tis 113 cm, atsparumas i\u0161gulimui 7,1 balo atsparumas s\u0117kl\u0173 i\u0161byr\u0117jimui 8,6 balai 1000 s\u0117kl\u0173 svoris 4,16 g Veisl\u0117s savyb\u0117s \u016akinio vertingumo tyrimai atlikti 2016 m. ir 2017 m. Kauno, Plung\u0117s ir Pasvalio AVT skyriuose. Tyrimo metais \u2018ContraCL\u2019 [&hellip;]<\/p>\n","protected":false},"featured_media":1262,"template":"","meta":{"_acf_changed":false,"inline_featured_image":false,"slim_seo":{"title":"Contra CL - Dotnuva Seeds","description":"Rapool, Vokietija hibridin\u0117, \u0161varaus lauko (clearfield\u00ae) technologijos vasarini\u0173 raps\u0173 veisl\u0117. Lietuvoje registruota 2018 m. vidutinio ankstyvumo vidutinis auga"}},"product_brand":[],"product_cat":[54,45],"product_tag":[],"paskirtis":[],"sezonas":[],"class_list":{"0":"post-781","1":"product","2":"type-product","3":"status-publish","4":"has-post-thumbnail","6":"product_cat-vasariniai-rapsai","7":"product_cat-vasariniu-augalu-veisles","8":"post-wrapper","9":"thrv_wrapper","11":"first","12":"instock","13":"taxable","14":"shipping-taxable","15":"product-type-simple"},"acf":[],"vidinis_prekes_pavadinimas":"","ax_sandelis":"","_links":{"self":[{"href":"https:\/\/dotnuvaseeds.lt\/en\/wp-json\/wp\/v2\/product\/781","targetHints":{"allow":["GET"]}}],"collection":[{"href":"https:\/\/dotnuvaseeds.lt\/en\/wp-json\/wp\/v2\/product"}],"about":[{"href":"https:\/\/dotnuvaseeds.lt\/en\/wp-json\/wp\/v2\/types\/product"}],"wp:featuredmedia":[{"embeddable":true,"href":"https:\/\/dotnuvaseeds.lt\/en\/wp-json\/wp\/v2\/media\/1262"}],"wp:attachment":[{"href":"https:\/\/dotnuvaseeds.lt\/en\/wp-json\/wp\/v2\/media?parent=781"}],"wp:term":[{"taxonomy":"product_brand","embeddable":true,"href":"https:\/\/dotnuvaseeds.lt\/en\/wp-json\/wp\/v2\/product_brand?post=781"},{"taxonomy":"product_cat","embeddable":true,"href":"https:\/\/dotnuvaseeds.lt\/en\/wp-json\/wp\/v2\/product_cat?post=781"},{"taxonomy":"product_tag","embeddable":true,"href":"https:\/\/dotnuvaseeds.lt\/en\/wp-json\/wp\/v2\/product_tag?post=781"},{"taxonomy":"paskirtis","embeddable":true,"href":"https:\/\/dotnuvaseeds.lt\/en\/wp-json\/wp\/v2\/paskirtis?post=781"},{"taxonomy":"sezonas","embeddable":true,"href":"https:\/\/dotnuvaseeds.lt\/en\/wp-json\/wp\/v2\/sezonas?post=781"}],"curies":[{"name":"wp","href":"https:\/\/api.w.org\/{rel}","templated":true}]}}