{"id":783,"date":"2024-01-02T15:49:56","date_gmt":"2024-01-02T13:49:56","guid":{"rendered":"https:\/\/dotnuvaseeds.lt\/?post_type=product&#038;p=783"},"modified":"2025-06-05T13:40:41","modified_gmt":"2025-06-05T10:40:41","slug":"cappricia","status":"publish","type":"product","link":"https:\/\/dotnuvaseeds.lt\/en\/product\/capriccio\/","title":{"rendered":"SU Klaus"},"content":{"rendered":"<ul>\n<li>selekcininkas\u00a0 \u201eNORDSAAT SAATZUCHT GmbH\u201c Vokietija,<\/li>\n<li>Lietuvoje tiriama nuo 2023 m.<\/li>\n<li>medium late<\/li>\n<li>augalai \u017eemi,<\/li>\n<li>resistant to lodging,<\/li>\n<li>1000 gr\u016bd\u0173 vidutin\u0117 mas\u0117 45 g,<\/li>\n<li>wintry<\/li>\n<\/ul>\n<p><strong>Breed characteristics<\/strong><\/p>\n<p>Auk\u0161to derlingumo, 2024 m. Dotnuva Seeds priva\u010diuose bandymuose derlingumas buvo 10,72 t ha<sup>-1<\/sup>. Geras atsparumas ligoms, ypa\u010d miltligei ir rudosioms r\u016bdims, geras atsparumas fuzariozei. Neauk\u0161ti, atspar\u016bs i\u0161gulimui augalai.<\/p>\n<p><strong>Grain quality<\/strong><\/p>\n<p>baltym\u0173 13 proc., saiko svoris 76 kg hl<sup>-1<\/sup><\/p>\n<p>&nbsp;<\/p>\n<p><img loading=\"lazy\" decoding=\"async\" class=\"alignnone size-full wp-image-1883\" src=\"https:\/\/dotnuvaseeds.lt\/wp-content\/uploads\/2024\/01\/SU-Klaus-grafikas-2025-m.jpg\" alt=\"Su klaus grafikas 2025 m.\" width=\"506\" height=\"364\" srcset=\"https:\/\/dotnuvaseeds.lt\/wp-content\/uploads\/2024\/01\/SU-Klaus-grafikas-2025-m.jpg 506w, https:\/\/dotnuvaseeds.lt\/wp-content\/uploads\/2024\/01\/SU-Klaus-grafikas-2025-m-18x12.jpg 18w\" sizes=\"auto, (max-width: 506px) 100vw, 506px\" \/><\/p>\n<p>&nbsp;<\/p>","protected":false},"excerpt":{"rendered":"<p>selekcininkas\u00a0 \u201eNORDSAAT SAATZUCHT GmbH\u201c Vokietija, Lietuvoje tiriama nuo 2023 m. vidutinio v\u0117lyvumo augalai \u017eemi, atspari i\u0161gulimui, 1000 gr\u016bd\u0173 vidutin\u0117 mas\u0117 45 g, \u017eiemkenti\u0161ka Veisl\u0117s savyb\u0117s Auk\u0161to derlingumo, 2024 m. Dotnuva Seeds priva\u010diuose bandymuose derlingumas buvo 10,72 t ha-1. Geras atsparumas ligoms, ypa\u010d miltligei ir rudosioms r\u016bdims, geras atsparumas fuzariozei. Neauk\u0161ti, atspar\u016bs i\u0161gulimui augalai. Gr\u016bd\u0173 kokyb\u0117 [&hellip;]<\/p>\n","protected":false},"featured_media":1672,"template":"","meta":{"_acf_changed":false,"inline_featured_image":false,"slim_seo":{"title":"SU Klaus - Dotnuva Seeds","description":"selekcininkas\u00a0 \u201eNORDSAAT SAATZUCHT GmbH\u201c Vokietija, Lietuvoje tiriama nuo 2023 m. vidutinio v\u0117lyvumo augalai \u017eemi, atspari i\u0161gulimui, 1000 gr\u016bd\u0173 vidutin\u0117 mas\u0117 4"}},"product_brand":[],"product_cat":[63,55],"product_tag":[96],"paskirtis":[],"sezonas":[],"class_list":{"0":"post-783","1":"product","2":"type-product","3":"status-publish","4":"has-post-thumbnail","6":"product_cat-zieminiai-kvietrugiai","7":"product_cat-zieminiu-augalu-veisles","8":"product_tag-nauja","9":"post-wrapper","10":"thrv_wrapper","12":"first","13":"instock","14":"taxable","15":"shipping-taxable","16":"product-type-simple"},"acf":[],"vidinis_prekes_pavadinimas":"","ax_sandelis":"","_links":{"self":[{"href":"https:\/\/dotnuvaseeds.lt\/en\/wp-json\/wp\/v2\/product\/783","targetHints":{"allow":["GET"]}}],"collection":[{"href":"https:\/\/dotnuvaseeds.lt\/en\/wp-json\/wp\/v2\/product"}],"about":[{"href":"https:\/\/dotnuvaseeds.lt\/en\/wp-json\/wp\/v2\/types\/product"}],"wp:featuredmedia":[{"embeddable":true,"href":"https:\/\/dotnuvaseeds.lt\/en\/wp-json\/wp\/v2\/media\/1672"}],"wp:attachment":[{"href":"https:\/\/dotnuvaseeds.lt\/en\/wp-json\/wp\/v2\/media?parent=783"}],"wp:term":[{"taxonomy":"product_brand","embeddable":true,"href":"https:\/\/dotnuvaseeds.lt\/en\/wp-json\/wp\/v2\/product_brand?post=783"},{"taxonomy":"product_cat","embeddable":true,"href":"https:\/\/dotnuvaseeds.lt\/en\/wp-json\/wp\/v2\/product_cat?post=783"},{"taxonomy":"product_tag","embeddable":true,"href":"https:\/\/dotnuvaseeds.lt\/en\/wp-json\/wp\/v2\/product_tag?post=783"},{"taxonomy":"paskirtis","embeddable":true,"href":"https:\/\/dotnuvaseeds.lt\/en\/wp-json\/wp\/v2\/paskirtis?post=783"},{"taxonomy":"sezonas","embeddable":true,"href":"https:\/\/dotnuvaseeds.lt\/en\/wp-json\/wp\/v2\/sezonas?post=783"}],"curies":[{"name":"wp","href":"https:\/\/api.w.org\/{rel}","templated":true}]}}