{"id":785,"date":"2024-01-02T16:01:02","date_gmt":"2024-01-02T14:01:02","guid":{"rendered":"https:\/\/dotnuvaseeds.lt\/?post_type=product&#038;p=785"},"modified":"2025-06-05T16:18:12","modified_gmt":"2025-06-05T13:18:12","slug":"jakubus","status":"publish","type":"product","link":"https:\/\/dotnuvaseeds.lt\/en\/product\/jacobs\/","title":{"rendered":"Jakubus"},"content":{"rendered":"<ul>\n<li>breeder Nordsaat Saatzucht GmbH, Germany,<\/li>\n<li>Researched in Lithuania since 2020,<\/li>\n<li>medium late,<\/li>\n<li>plants of medium height,<\/li>\n<li>resistant to lodging,<\/li>\n<li>1000 grains average weight 41 g,<\/li>\n<li>very wintry.<\/li>\n<\/ul>\n<p><strong>Breed characteristics<\/strong><\/p>\n<p>\u0160e\u0161iaeili\u0173 mie\u017ei\u0173 veisl\u0117. Labai gero \u017eiemkenti\u0161kumo. Auk\u0161to derlingumo: 2017\u20132020 m. Lenkijoje \u2013 103,5; 2017\u20132019 m. Vokietijoje ir \u010cekijoje \u2013 105; 2018\u20132019 m. Anglijoje \u2013 106; Pranc\u016bzijoje \u2013 107; Estijoje \u2013 117 proc., lyginant su standartin\u0117mis veisl\u0117mis. 2022\u20132024 m. buvo derlingiausia tarp vis\u0173 tirt\u0173 \u017eiemini\u0173 mie\u017ei\u0173 veisli\u0173 Plung\u0117s, Kauno ir Utenos AVTS. Derlingumas buvo 108 proc. lyginant su standartin\u0117mis veisl\u0117mis. Geras atsparumas lap\u0173 ligoms, labai atspari miltligei, atspari rinchosporiozei ir tinkli\u0161kajai dry\u017eligei, vidutini\u0161kai atspari r\u016bdosioms r\u016bdims.<\/p>\n<p><strong>Grain quality<\/strong><\/p>\n<p>According to 2017-2019 According to German Bundessortenamt variety test data, the average protein content was 11.3%, the grain weight was 66.7 kg hl<sup>-1<\/sup><\/p>\n<p>&nbsp;<\/p>\n<p><img loading=\"lazy\" decoding=\"async\" class=\"alignnone size-full wp-image-1885\" src=\"https:\/\/dotnuvaseeds.lt\/wp-content\/uploads\/2024\/01\/Jakubus-grafikas-2025.jpg\" alt=\"Jakubus grafikas 2025\" width=\"477\" height=\"354\" srcset=\"https:\/\/dotnuvaseeds.lt\/wp-content\/uploads\/2024\/01\/Jakubus-grafikas-2025.jpg 477w, https:\/\/dotnuvaseeds.lt\/wp-content\/uploads\/2024\/01\/Jakubus-grafikas-2025-16x12.jpg 16w\" sizes=\"auto, (max-width: 477px) 100vw, 477px\" \/><\/p>","protected":false},"excerpt":{"rendered":"<p>selekcininkas\u00a0\u00a0\u201eNordsaat Saatzucht GmbH\u201c, Vokietija, Lietuvoje tiriama nuo 2020 m., vidutinio v\u0117lyvumo, augalai vidutinio auk\u0161\u010dio, atspari i\u0161gulimui, 1000 gr\u016bd\u0173 vidutin\u0117 mas\u0117 41 g, labai \u017eiemkenti\u0161ka. Veisl\u0117s savyb\u0117s \u0160e\u0161iaeili\u0173 mie\u017ei\u0173 veisl\u0117. Labai gero \u017eiemkenti\u0161kumo. Auk\u0161to derlingumo: 2017\u20132020 m. Lenkijoje \u2013 103,5; 2017\u20132019 m. Vokietijoje ir \u010cekijoje \u2013 105; 2018\u20132019 m. Anglijoje \u2013 106; Pranc\u016bzijoje \u2013 107; Estijoje [&hellip;]<\/p>\n","protected":false},"featured_media":1651,"template":"","meta":{"_acf_changed":false,"inline_featured_image":false,"slim_seo":{"title":"Jakubus - Dotnuva Seeds","description":"breeder &quot;Nordsaat Saatzucht GmbH&quot;, Germany, studied in Lithuania since 2020, medium late, plants of medium height, resistant to lodging, 1000 grains"}},"product_brand":[],"product_cat":[66,55],"product_tag":[96],"paskirtis":[],"sezonas":[],"class_list":{"0":"post-785","1":"product","2":"type-product","3":"status-publish","4":"has-post-thumbnail","6":"product_cat-zieminiai-mieziai","7":"product_cat-zieminiu-augalu-veisles","8":"product_tag-nauja","9":"post-wrapper","10":"thrv_wrapper","12":"first","13":"instock","14":"taxable","15":"shipping-taxable","16":"product-type-simple"},"acf":[],"vidinis_prekes_pavadinimas":"","ax_sandelis":"","_links":{"self":[{"href":"https:\/\/dotnuvaseeds.lt\/en\/wp-json\/wp\/v2\/product\/785","targetHints":{"allow":["GET"]}}],"collection":[{"href":"https:\/\/dotnuvaseeds.lt\/en\/wp-json\/wp\/v2\/product"}],"about":[{"href":"https:\/\/dotnuvaseeds.lt\/en\/wp-json\/wp\/v2\/types\/product"}],"wp:featuredmedia":[{"embeddable":true,"href":"https:\/\/dotnuvaseeds.lt\/en\/wp-json\/wp\/v2\/media\/1651"}],"wp:attachment":[{"href":"https:\/\/dotnuvaseeds.lt\/en\/wp-json\/wp\/v2\/media?parent=785"}],"wp:term":[{"taxonomy":"product_brand","embeddable":true,"href":"https:\/\/dotnuvaseeds.lt\/en\/wp-json\/wp\/v2\/product_brand?post=785"},{"taxonomy":"product_cat","embeddable":true,"href":"https:\/\/dotnuvaseeds.lt\/en\/wp-json\/wp\/v2\/product_cat?post=785"},{"taxonomy":"product_tag","embeddable":true,"href":"https:\/\/dotnuvaseeds.lt\/en\/wp-json\/wp\/v2\/product_tag?post=785"},{"taxonomy":"paskirtis","embeddable":true,"href":"https:\/\/dotnuvaseeds.lt\/en\/wp-json\/wp\/v2\/paskirtis?post=785"},{"taxonomy":"sezonas","embeddable":true,"href":"https:\/\/dotnuvaseeds.lt\/en\/wp-json\/wp\/v2\/sezonas?post=785"}],"curies":[{"name":"wp","href":"https:\/\/api.w.org\/{rel}","templated":true}]}}