{"id":794,"date":"2024-01-04T13:56:13","date_gmt":"2024-01-04T11:56:13","guid":{"rendered":"https:\/\/dotnuvaseeds.lt\/?post_type=product&#038;p=794"},"modified":"2025-05-16T13:28:37","modified_gmt":"2025-05-16T10:28:37","slug":"baltosios-garstycios-braco","status":"publish","type":"product","link":"https:\/\/dotnuvaseeds.lt\/en\/product\/white-mustard-braco\/","title":{"rendered":"White mustard BRACO"},"content":{"rendered":"<p><strong>Description<\/strong><\/p>\n<p>DLF Trifolium, Denmark<\/p>\n<ul>\n<li>Grows a lot of green manure<\/li>\n<li>Improves soil structure<\/li>\n<li>Reduces soil weediness<\/li>\n<li>Reduces the number of nematodes in the soil<\/li>\n<\/ul>\n<p><strong>Sowing time:<\/strong>\u00a0from early spring to mid-September<\/p>\n<p><strong>Seed rate:<\/strong>\u00a015 - 20 kg\/ha<\/p>\n<p><strong>Sowing depth:<\/strong>\u00a01-2 cm<\/p>\n<p><strong>Insertion:<\/strong>\u00a0it is recommended to prune (insert) after the plants have flowered<\/p>\n<p><strong>Purpose:<\/strong>\u00a0suitable for growing as a crop or for green fallow<\/p>\n<p>White mustard is grown as a cover crop outdoors and in greenhouses after harvesting potatoes, vegetables or annuals. They produce a lot of green manure, which is an excellent substitute for manure. White mustard can reduce the amount of nematodes in the soil by stopping the development cycle of the nematodes. However, not all varieties of mustard have an effect on nematodes. &quot;Braco&quot; mustard releases phytoncidal substances that destroy the beginnings of diseases in the soil, suppress the viability of nematodes, and the germination of some weed seeds. The roots, which can penetrate up to 2 m, thoroughly loosen not only the Armenian soil, but also the subsoil, improve the soil structure, air permeability and moisture regime, stop the leaching of mineral substances, 30-60 percent. reduces soil weediness.<\/p>\n<p><img loading=\"lazy\" decoding=\"async\" class=\"\" src=\"https:\/\/www.linasagro.lt\/image\/Baltosios-garstycios(1).jpg\" alt=\"\" width=\"899\" height=\"419\" \/><\/p>\n<p style=\"font-weight: 300\">","protected":false},"excerpt":{"rendered":"<p>Apra\u0161ymas DLF Trifolium, Danija I\u0161augina daug \u017ealiosios tr\u0105\u0161os Gerina dirvos strukt\u016br\u0105 Suma\u017eina dirvos pikt\u017eol\u0117tum\u0105 Ma\u017eina nematod\u0173 skai\u010di\u0173 dirvoje S\u0117jos laikas:\u00a0nuo ankstyvo pavasario iki rugs\u0117jo vidurio S\u0117klos norma:\u00a015 &#8211; 20 kg\/ ha S\u0117jos gylis:\u00a01-2 cm \u012eterpimas:\u00a0rekomenduojama aparti (\u012fterpti) augalams su\u017eyd\u0117jus Paskirtis:\u00a0tinkamos auginti kaip pos\u0117linis augalas arba \u017ealiajam p\u016bdymui Baltosios garsty\u010dios auginamos kaip sideraliniai augalai lauke ir [&hellip;]<\/p>\n","protected":false},"featured_media":1497,"template":"","meta":{"_acf_changed":false,"inline_featured_image":false,"slim_seo":{"title":"Baltosios garsty\u010dios BRACO - Dotnuva Seeds","description":"Description DLF Trifolium, Denmark Produces a lot of green manure Improves soil structure Reduces soil weeds Reduces the number of nematodes in the soil Sowing time"}},"product_brand":[],"product_cat":[71,57],"product_tag":[],"paskirtis":[],"sezonas":[],"class_list":{"0":"post-794","1":"product","2":"type-product","3":"status-publish","4":"has-post-thumbnail","6":"product_cat-sideraliniai-augalai","7":"product_cat-sideraliniu-augalu-seklos","8":"post-wrapper","9":"thrv_wrapper","11":"first","12":"instock","13":"taxable","14":"shipping-taxable","15":"product-type-simple"},"acf":[],"vidinis_prekes_pavadinimas":"","ax_sandelis":"","_links":{"self":[{"href":"https:\/\/dotnuvaseeds.lt\/en\/wp-json\/wp\/v2\/product\/794","targetHints":{"allow":["GET"]}}],"collection":[{"href":"https:\/\/dotnuvaseeds.lt\/en\/wp-json\/wp\/v2\/product"}],"about":[{"href":"https:\/\/dotnuvaseeds.lt\/en\/wp-json\/wp\/v2\/types\/product"}],"wp:featuredmedia":[{"embeddable":true,"href":"https:\/\/dotnuvaseeds.lt\/en\/wp-json\/wp\/v2\/media\/1497"}],"wp:attachment":[{"href":"https:\/\/dotnuvaseeds.lt\/en\/wp-json\/wp\/v2\/media?parent=794"}],"wp:term":[{"taxonomy":"product_brand","embeddable":true,"href":"https:\/\/dotnuvaseeds.lt\/en\/wp-json\/wp\/v2\/product_brand?post=794"},{"taxonomy":"product_cat","embeddable":true,"href":"https:\/\/dotnuvaseeds.lt\/en\/wp-json\/wp\/v2\/product_cat?post=794"},{"taxonomy":"product_tag","embeddable":true,"href":"https:\/\/dotnuvaseeds.lt\/en\/wp-json\/wp\/v2\/product_tag?post=794"},{"taxonomy":"paskirtis","embeddable":true,"href":"https:\/\/dotnuvaseeds.lt\/en\/wp-json\/wp\/v2\/paskirtis?post=794"},{"taxonomy":"sezonas","embeddable":true,"href":"https:\/\/dotnuvaseeds.lt\/en\/wp-json\/wp\/v2\/sezonas?post=794"}],"curies":[{"name":"wp","href":"https:\/\/api.w.org\/{rel}","templated":true}]}}