{"id":798,"date":"2024-01-04T14:41:16","date_gmt":"2024-01-04T12:41:16","guid":{"rendered":"https:\/\/dotnuvaseeds.lt\/?post_type=product&#038;p=798"},"modified":"2025-04-24T19:26:33","modified_gmt":"2025-04-24T16:26:33","slug":"robustica-dp","status":"publish","type":"product","link":"https:\/\/dotnuvaseeds.lt\/en\/product\/robustica-dp\/","title":{"rendered":"ROBUSTICA DP"},"content":{"rendered":"<p>A mixture for greening open spaces, gardens, parks or other large areas that does not require special care. By mowing 2-3 times a month, a beautiful meadow with firm turf is formed. For all types of soil.<\/p>\n<p>Required seed rate: about 2-3 kg\/100 m2.<\/p>","protected":false},"excerpt":{"rendered":"<p>Atvir\u0173 viet\u0173, sod\u0173, park\u0173 ar kit\u0173 dideli\u0173 plot\u0173 ap\u017eeldinimui skirtas mi\u0161inys, nereikalaujantis ypatingos prie\u017ei\u016bros. Pjaunant 2-3 kartus per m\u0117nes\u012f suformuojama gra\u017ei, tvirt\u0105 vel\u0117n\u0105 turinti pieva. Vis\u0173 tip\u0173 dirvoms. Reikalinga s\u0117kl\u0173 norma: apie 2-3 kg\/100 m2.<\/p>","protected":false},"featured_media":1862,"template":"","meta":{"_acf_changed":false,"inline_featured_image":false,"slim_seo":{"title":"ROBUSTICA DP - Dotnuva Seeds","description":"A mixture for greening open spaces, gardens, parks or other large areas that does not require special care. It is formed by cutting 2-3 times a month"}},"product_brand":[],"product_cat":[58,95,60],"product_tag":[],"paskirtis":[],"sezonas":[],"class_list":{"0":"post-798","1":"product","2":"type-product","3":"status-publish","4":"has-post-thumbnail","6":"product_cat-produktai-vejoms","7":"product_cat-universal","8":"product_cat-veju-zoliu-misiniai","9":"post-wrapper","10":"thrv_wrapper","12":"first","13":"instock","14":"taxable","15":"shipping-taxable","16":"product-type-simple"},"acf":[],"vidinis_prekes_pavadinimas":"","ax_sandelis":"","_links":{"self":[{"href":"https:\/\/dotnuvaseeds.lt\/en\/wp-json\/wp\/v2\/product\/798","targetHints":{"allow":["GET"]}}],"collection":[{"href":"https:\/\/dotnuvaseeds.lt\/en\/wp-json\/wp\/v2\/product"}],"about":[{"href":"https:\/\/dotnuvaseeds.lt\/en\/wp-json\/wp\/v2\/types\/product"}],"wp:featuredmedia":[{"embeddable":true,"href":"https:\/\/dotnuvaseeds.lt\/en\/wp-json\/wp\/v2\/media\/1862"}],"wp:attachment":[{"href":"https:\/\/dotnuvaseeds.lt\/en\/wp-json\/wp\/v2\/media?parent=798"}],"wp:term":[{"taxonomy":"product_brand","embeddable":true,"href":"https:\/\/dotnuvaseeds.lt\/en\/wp-json\/wp\/v2\/product_brand?post=798"},{"taxonomy":"product_cat","embeddable":true,"href":"https:\/\/dotnuvaseeds.lt\/en\/wp-json\/wp\/v2\/product_cat?post=798"},{"taxonomy":"product_tag","embeddable":true,"href":"https:\/\/dotnuvaseeds.lt\/en\/wp-json\/wp\/v2\/product_tag?post=798"},{"taxonomy":"paskirtis","embeddable":true,"href":"https:\/\/dotnuvaseeds.lt\/en\/wp-json\/wp\/v2\/paskirtis?post=798"},{"taxonomy":"sezonas","embeddable":true,"href":"https:\/\/dotnuvaseeds.lt\/en\/wp-json\/wp\/v2\/sezonas?post=798"}],"curies":[{"name":"wp","href":"https:\/\/api.w.org\/{rel}","templated":true}]}}