{"id":931,"date":"2024-01-23T16:36:09","date_gmt":"2024-01-23T14:36:09","guid":{"rendered":"https:\/\/dotnuvaseeds.lt\/?post_type=product&#038;p=931"},"modified":"2025-11-27T14:07:37","modified_gmt":"2025-11-27T12:07:37","slug":"lg-31-206-fao-190","status":"publish","type":"product","link":"https:\/\/dotnuvaseeds.lt\/en\/product\/sandias-fao-180\/","title":{"rendered":"LG 31.206 FAO 190"},"content":{"rendered":"<p>Selekcininkas : Limagrain, Pranc\u016bzija<br \/>\nVeisl\u0117s &#8211; hibrido tipas: kietojo-dantinio<br \/>\nPaskirtis: silosui, gr\u016bdainiui<br \/>\nRekomenduojamas pas\u0117lio tankis: 85 000- 90 000 augal\u0173\/ha<br \/>\nRekomenduoja dirvo\u017eemio temperat\u016bra: 8-10<sup>0 <\/sup>C<\/p>\n<p>&nbsp;<\/p>\n<p><strong>Produktyvumo rodikliai<\/strong><\/p>\n<table width=\"676\">\n<tbody>\n<tr>\n<td width=\"468\">Augal\u0173 auk\u0161tis<\/td>\n<td width=\"208\">263 cm<\/td>\n<\/tr>\n<tr>\n<td width=\"468\">Gr\u016bd\u0173 eilu\u010di\u0173 skai\u010dius<\/td>\n<td width=\"208\">13-14 vnt.<\/td>\n<\/tr>\n<tr>\n<td width=\"468\">\u017dalios mas\u0117s derlingumas<\/td>\n<td width=\"208\">36,9 t ha<sup>-1<\/sup><\/td>\n<\/tr>\n<tr>\n<td width=\"468\">Saus\u0173j\u0173 med\u017eiag\u0173 proc. derliaus nu\u0117mimo metu<\/td>\n<td width=\"208\">43,2 %<\/td>\n<\/tr>\n<tr>\n<td width=\"468\">Saus\u0173j\u0173 med\u017eiag\u0173 derlingumas<\/td>\n<td width=\"208\">15,9 t ha<sup>-1<\/sup><\/td>\n<\/tr>\n<tr>\n<td width=\"468\">Krakmolas, sausoje med\u017eiagoje<\/td>\n<td width=\"208\">45,7 %<\/td>\n<\/tr>\n<tr>\n<td width=\"468\">Krakmolo derlingumas<\/td>\n<td width=\"208\">7,26 t ha<sup>-1<\/sup><\/td>\n<\/tr>\n<tr>\n<td width=\"468\">Organini\u0173 med\u017eiag\u0173 vir\u0161kinamumas<\/td>\n<td width=\"208\">82 %<\/td>\n<\/tr>\n<\/tbody>\n<\/table>\n<p>(Pagal \u201eDotnuva Seeds\u201d 2025 m. priva\u010di\u0173 bandym\u0173 duomenis.)<\/p>\n<p>&nbsp;<\/p>\n<p><strong>Agronomin\u0117s savyb\u0117s<\/strong><\/p>\n<p>Vystymasis pavasar\u012f 9<br \/>\nTolerancija stresui 7<br \/>\nAugimas prie \u017eemesni\u0173 temperat\u016br\u0173 9<br \/>\nAtsparumas i\u0161gulimui 9<br \/>\nAtsparumas fuzariozei 8<br \/>\nStay Green savyb\u0117 5<\/p>\n<p>&nbsp;<\/p>\n<p><img loading=\"lazy\" decoding=\"async\" class=\"alignnone wp-image-2134\" src=\"https:\/\/dotnuvaseeds.lt\/wp-content\/uploads\/2024\/01\/LG31.206_2016-1200x669.png\" alt=\"Lg31.206 2016\" width=\"875\" height=\"488\" srcset=\"https:\/\/dotnuvaseeds.lt\/wp-content\/uploads\/2024\/01\/LG31.206_2016-1200x669.png 1200w, https:\/\/dotnuvaseeds.lt\/wp-content\/uploads\/2024\/01\/LG31.206_2016-1920x1070.png 1920w, https:\/\/dotnuvaseeds.lt\/wp-content\/uploads\/2024\/01\/LG31.206_2016-600x334.png 600w, https:\/\/dotnuvaseeds.lt\/wp-content\/uploads\/2024\/01\/LG31.206_2016-768x428.png 768w, https:\/\/dotnuvaseeds.lt\/wp-content\/uploads\/2024\/01\/LG31.206_2016-1536x856.png 1536w, https:\/\/dotnuvaseeds.lt\/wp-content\/uploads\/2024\/01\/LG31.206_2016-2048x1142.png 2048w, https:\/\/dotnuvaseeds.lt\/wp-content\/uploads\/2024\/01\/LG31.206_2016-18x10.png 18w\" sizes=\"auto, (max-width: 875px) 100vw, 875px\" \/><\/p>","protected":false},"excerpt":{"rendered":"<p>Selekcininkas : Limagrain, Pranc\u016bzija Veisl\u0117s &#8211; hibrido tipas: kietojo-dantinio Paskirtis: silosui, gr\u016bdainiui Rekomenduojamas pas\u0117lio tankis: 85 000- 90 000 augal\u0173\/ha Rekomenduoja dirvo\u017eemio temperat\u016bra: 8-100 C &nbsp; Produktyvumo rodikliai Augal\u0173 auk\u0161tis 263 cm Gr\u016bd\u0173 eilu\u010di\u0173 skai\u010dius 13-14 vnt. \u017dalios mas\u0117s derlingumas 36,9 t ha-1 Saus\u0173j\u0173 med\u017eiag\u0173 proc. derliaus nu\u0117mimo metu 43,2 % Saus\u0173j\u0173 med\u017eiag\u0173 derlingumas 15,9 [&hellip;]<\/p>\n","protected":false},"featured_media":2135,"template":"","meta":{"_acf_changed":false,"inline_featured_image":false,"slim_seo":{"title":"LG 31.206 FAO 190 - Dotnuva Seeds","description":"Selekcininkas : Limagrain, Pranc\u016bzija Veisl\u0117s - hibrido tipas: kietojo-dantinio Paskirtis: silosui, gr\u016bdainiui Rekomenduojamas pas\u0117lio tankis: 85 000- 90 000 au"}},"product_brand":[],"product_cat":[68],"product_tag":[96],"paskirtis":[],"sezonas":[],"class_list":{"0":"post-931","1":"product","2":"type-product","3":"status-publish","4":"has-post-thumbnail","6":"product_cat-kukuruzu-veisles","7":"product_tag-nauja","8":"post-wrapper","9":"thrv_wrapper","11":"first","12":"instock","13":"taxable","14":"shipping-taxable","15":"product-type-simple"},"acf":[],"vidinis_prekes_pavadinimas":"","ax_sandelis":"","_links":{"self":[{"href":"https:\/\/dotnuvaseeds.lt\/en\/wp-json\/wp\/v2\/product\/931","targetHints":{"allow":["GET"]}}],"collection":[{"href":"https:\/\/dotnuvaseeds.lt\/en\/wp-json\/wp\/v2\/product"}],"about":[{"href":"https:\/\/dotnuvaseeds.lt\/en\/wp-json\/wp\/v2\/types\/product"}],"wp:featuredmedia":[{"embeddable":true,"href":"https:\/\/dotnuvaseeds.lt\/en\/wp-json\/wp\/v2\/media\/2135"}],"wp:attachment":[{"href":"https:\/\/dotnuvaseeds.lt\/en\/wp-json\/wp\/v2\/media?parent=931"}],"wp:term":[{"taxonomy":"product_brand","embeddable":true,"href":"https:\/\/dotnuvaseeds.lt\/en\/wp-json\/wp\/v2\/product_brand?post=931"},{"taxonomy":"product_cat","embeddable":true,"href":"https:\/\/dotnuvaseeds.lt\/en\/wp-json\/wp\/v2\/product_cat?post=931"},{"taxonomy":"product_tag","embeddable":true,"href":"https:\/\/dotnuvaseeds.lt\/en\/wp-json\/wp\/v2\/product_tag?post=931"},{"taxonomy":"paskirtis","embeddable":true,"href":"https:\/\/dotnuvaseeds.lt\/en\/wp-json\/wp\/v2\/paskirtis?post=931"},{"taxonomy":"sezonas","embeddable":true,"href":"https:\/\/dotnuvaseeds.lt\/en\/wp-json\/wp\/v2\/sezonas?post=931"}],"curies":[{"name":"wp","href":"https:\/\/api.w.org\/{rel}","templated":true}]}}