{"id":934,"date":"2024-01-23T16:48:15","date_gmt":"2024-01-23T14:48:15","guid":{"rendered":"https:\/\/dotnuvaseeds.lt\/?post_type=product&#038;p=934"},"modified":"2025-11-27T14:07:01","modified_gmt":"2025-11-27T12:07:01","slug":"dzhekpot-ms-fao-210","status":"publish","type":"product","link":"https:\/\/dotnuvaseeds.lt\/en\/product\/dzhekpot-ms-fao-210\/","title":{"rendered":"Jackpot MS FAO 210\u00a0"},"content":{"rendered":"<p>Selekcininkas : Mais-seeds, Ukraina<br \/>\nVeisl\u0117s &#8211; hibrido tipas: dantinis<br \/>\nPaskirtis: silosui, gr\u016bdainiui<br \/>\nRekomenduojamas pas\u0117lio tankis: 85 000- 90 000 augal\u0173\/ha<br \/>\nRekomenduoja dirvo\u017eemio temperat\u016bra: 8-10<sup>0 <\/sup>C<\/p>\n<p>&nbsp;<\/p>\n<p><strong>Produktyvumo rodikliai<\/strong><\/p>\n<table width=\"865\">\n<tbody>\n<tr>\n<td width=\"468\">Augal\u0173 auk\u0161tis<\/td>\n<td width=\"397\">280 cm<\/td>\n<\/tr>\n<tr>\n<td width=\"468\">Gr\u016bd\u0173 eilu\u010di\u0173 skai\u010dius<\/td>\n<td width=\"397\">13-14 vnt.<\/td>\n<\/tr>\n<tr>\n<td width=\"468\">\u017dalios mas\u0117s derlingumas<\/td>\n<td width=\"397\">36,1 t ha<sup>-1<\/sup><\/td>\n<\/tr>\n<tr>\n<td width=\"468\">Saus\u0173j\u0173 med\u017eiag\u0173 proc. derliaus nu\u0117mimo metu<\/td>\n<td width=\"397\">36,1 %<\/td>\n<\/tr>\n<tr>\n<td width=\"468\">Saus\u0173j\u0173 med\u017eiag\u0173 derlingumas<\/td>\n<td width=\"397\">13 t ha<sup>-1<\/sup><\/td>\n<\/tr>\n<tr>\n<td width=\"468\">Krakmolas sausoje med\u017eiagoje<\/td>\n<td width=\"397\">38 %<\/td>\n<\/tr>\n<tr>\n<td width=\"468\">Krakmolo derlingumas<\/td>\n<td width=\"397\">4,94 t ha<sup>-1<\/sup><\/td>\n<\/tr>\n<tr>\n<td width=\"468\">Organini\u0173 med\u017eiag\u0173 vir\u0161kinamumas<\/td>\n<td width=\"397\">76,6 %<\/td>\n<\/tr>\n<\/tbody>\n<\/table>\n<p>(Pagal \u201eDotnuva Seeds\u201d 2025 m. priva\u010di\u0173 bandym\u0173 duomenis.)<\/p>\n<p>&nbsp;<\/p>\n<p><strong>Agronomin\u0117s savyb\u0117s<\/strong><\/p>\n<p>Vystymasis pavasar\u012f 7<br \/>\nTolerancija sausrai 7<br \/>\nAtsparumas pusl\u0117tosioms k\u016bl\u0117ms 8<br \/>\nAtsparumas kietosioms k\u016bl\u0117ms 9<br \/>\nAtsparumas i\u0161gulimui 9<br \/>\nAugimas prie \u017eemesni\u0173 temperat\u016br\u0173 7<\/p>\n<p>&nbsp;<\/p>\n<p><img loading=\"lazy\" decoding=\"async\" class=\"alignnone wp-image-2150\" src=\"https:\/\/dotnuvaseeds.lt\/wp-content\/uploads\/2024\/01\/Dzhekpot-2026-1200x566.png\" alt=\"Dzhekpot 2026\" width=\"946\" height=\"446\" srcset=\"https:\/\/dotnuvaseeds.lt\/wp-content\/uploads\/2024\/01\/Dzhekpot-2026-1200x566.png 1200w, https:\/\/dotnuvaseeds.lt\/wp-content\/uploads\/2024\/01\/Dzhekpot-2026-1920x905.png 1920w, https:\/\/dotnuvaseeds.lt\/wp-content\/uploads\/2024\/01\/Dzhekpot-2026-600x283.png 600w, https:\/\/dotnuvaseeds.lt\/wp-content\/uploads\/2024\/01\/Dzhekpot-2026-768x362.png 768w, https:\/\/dotnuvaseeds.lt\/wp-content\/uploads\/2024\/01\/Dzhekpot-2026-1536x724.png 1536w, https:\/\/dotnuvaseeds.lt\/wp-content\/uploads\/2024\/01\/Dzhekpot-2026-2048x965.png 2048w, https:\/\/dotnuvaseeds.lt\/wp-content\/uploads\/2024\/01\/Dzhekpot-2026-18x8.png 18w\" sizes=\"auto, (max-width: 946px) 100vw, 946px\" \/><\/p>","protected":false},"excerpt":{"rendered":"<p>Selekcininkas : Mais-seeds, Ukraina Veisl\u0117s &#8211; hibrido tipas: dantinis Paskirtis: silosui, gr\u016bdainiui Rekomenduojamas pas\u0117lio tankis: 85 000- 90 000 augal\u0173\/ha Rekomenduoja dirvo\u017eemio temperat\u016bra: 8-100 C &nbsp; Produktyvumo rodikliai Augal\u0173 auk\u0161tis 280 cm Gr\u016bd\u0173 eilu\u010di\u0173 skai\u010dius 13-14 vnt. \u017dalios mas\u0117s derlingumas 36,1 t ha-1 Saus\u0173j\u0173 med\u017eiag\u0173 proc. derliaus nu\u0117mimo metu 36,1 % Saus\u0173j\u0173 med\u017eiag\u0173 derlingumas 13 [&hellip;]<\/p>\n","protected":false},"featured_media":1625,"template":"","meta":{"_acf_changed":false,"inline_featured_image":false,"slim_seo":{"title":"Dzhekpot MS FAO 210\u00a0 - Dotnuva Seeds","description":"Selekcininkas : Mais-seeds, Ukraina Veisl\u0117s - hibrido tipas: dantinis Paskirtis: silosui, gr\u016bdainiui Rekomenduojamas pas\u0117lio tankis: 85 000- 90 000 augal\u0173\/ha Re"}},"product_brand":[],"product_cat":[68],"product_tag":[],"paskirtis":[],"sezonas":[],"class_list":{"0":"post-934","1":"product","2":"type-product","3":"status-publish","4":"has-post-thumbnail","6":"product_cat-kukuruzu-veisles","7":"post-wrapper","8":"thrv_wrapper","10":"first","11":"instock","12":"taxable","13":"shipping-taxable","14":"product-type-simple"},"acf":[],"vidinis_prekes_pavadinimas":"","ax_sandelis":"","_links":{"self":[{"href":"https:\/\/dotnuvaseeds.lt\/en\/wp-json\/wp\/v2\/product\/934","targetHints":{"allow":["GET"]}}],"collection":[{"href":"https:\/\/dotnuvaseeds.lt\/en\/wp-json\/wp\/v2\/product"}],"about":[{"href":"https:\/\/dotnuvaseeds.lt\/en\/wp-json\/wp\/v2\/types\/product"}],"wp:featuredmedia":[{"embeddable":true,"href":"https:\/\/dotnuvaseeds.lt\/en\/wp-json\/wp\/v2\/media\/1625"}],"wp:attachment":[{"href":"https:\/\/dotnuvaseeds.lt\/en\/wp-json\/wp\/v2\/media?parent=934"}],"wp:term":[{"taxonomy":"product_brand","embeddable":true,"href":"https:\/\/dotnuvaseeds.lt\/en\/wp-json\/wp\/v2\/product_brand?post=934"},{"taxonomy":"product_cat","embeddable":true,"href":"https:\/\/dotnuvaseeds.lt\/en\/wp-json\/wp\/v2\/product_cat?post=934"},{"taxonomy":"product_tag","embeddable":true,"href":"https:\/\/dotnuvaseeds.lt\/en\/wp-json\/wp\/v2\/product_tag?post=934"},{"taxonomy":"paskirtis","embeddable":true,"href":"https:\/\/dotnuvaseeds.lt\/en\/wp-json\/wp\/v2\/paskirtis?post=934"},{"taxonomy":"sezonas","embeddable":true,"href":"https:\/\/dotnuvaseeds.lt\/en\/wp-json\/wp\/v2\/sezonas?post=934"}],"curies":[{"name":"wp","href":"https:\/\/api.w.org\/{rel}","templated":true}]}}