{"id":938,"date":"2024-01-23T16:57:52","date_gmt":"2024-01-23T14:57:52","guid":{"rendered":"https:\/\/dotnuvaseeds.lt\/?post_type=product&#038;p=938"},"modified":"2025-11-27T14:06:07","modified_gmt":"2025-11-27T12:06:07","slug":"sy-talisman-fao-220","status":"publish","type":"product","link":"https:\/\/dotnuvaseeds.lt\/en\/product\/sy-talisman-fao-220\/","title":{"rendered":"SY Talisman FAO 220"},"content":{"rendered":"<p>Selekcininkas : Syngenta, Pranc\u016bzija<br \/>\nVeisl\u0117s &#8211; hibrido tipas: kietojo-dantinio<br \/>\nPaskirtis: silosui<br \/>\nRekomenduojamas pas\u0117lio tankis: 85 000- 90 000 augal\u0173\/ha<br \/>\nRekomenduojama dirvo\u017eemio temperat\u016bra: 8-10<sup>0 <\/sup>C<\/p>\n<p>&nbsp;<\/p>\n<p><strong>Produktyvumo rodikliai<\/strong><\/p>\n<table width=\"702\">\n<tbody>\n<tr>\n<td width=\"468\">Augal\u0173 auk\u0161tis<\/td>\n<td width=\"234\">265 cm<\/td>\n<\/tr>\n<tr>\n<td width=\"468\">Gr\u016bd\u0173 eilu\u010di\u0173 skai\u010dius<\/td>\n<td width=\"234\">14-15 vnt.<\/td>\n<\/tr>\n<tr>\n<td width=\"468\">\u017dalios mas\u0117s derlingumas<\/td>\n<td width=\"234\">35,8 t ha<sup>-1<\/sup><\/td>\n<\/tr>\n<tr>\n<td width=\"468\">Saus\u0173j\u0173 med\u017eiag\u0173 proc. derliaus nu\u0117mimo metu<\/td>\n<td width=\"234\">38,0 %<\/td>\n<\/tr>\n<tr>\n<td width=\"468\">Saus\u0173j\u0173 med\u017eiag\u0173 derlingumas<\/td>\n<td width=\"234\">13,6 t ha<sup>-1<\/sup><\/td>\n<\/tr>\n<tr>\n<td width=\"468\">Krakmolas, sausoje med\u017eiagoje:<\/td>\n<td width=\"234\">43,3 %<\/td>\n<\/tr>\n<tr>\n<td width=\"468\">Krakmolo derlingumas<\/td>\n<td width=\"234\">5,88 t ha<sup>-1<\/sup><\/td>\n<\/tr>\n<tr>\n<td width=\"468\">Organini\u0173 med\u017eiag\u0173 vir\u0161kinamumas, %<\/td>\n<td width=\"234\">80,5 %<\/td>\n<\/tr>\n<\/tbody>\n<\/table>\n<p>(Pagal \u201eDotnuva Seeds\u201d 2025 m. priva\u010di\u0173 bandym\u0173 duomenis.)<\/p>\n<h3>Agronomin\u0117s savyb\u0117s<\/h3>\n<p>(1-10 bal\u0173 skal\u0117, kai 10 labai geras \u012fvertinimas)<\/p>\n<p>Vystymasis pavasar\u012f 9<br \/>\nTolerancija stresui 7<br \/>\nAugimas prie \u017eemesni\u0173 temperat\u016br\u0173 8<br \/>\nAtsparumas i\u0161gulimui 8<br \/>\nAtsparumas fuzariozei 7<br \/>\nStay Green savyb\u0117 7<\/p>\n<p>&nbsp;<\/p>\n<p><img loading=\"lazy\" decoding=\"async\" class=\"alignnone wp-image-2125\" src=\"https:\/\/dotnuvaseeds.lt\/wp-content\/uploads\/2024\/01\/SY-Talisman-2026-1200x799.png\" alt=\"Sy talisman 2026\" width=\"852\" height=\"567\" srcset=\"https:\/\/dotnuvaseeds.lt\/wp-content\/uploads\/2024\/01\/SY-Talisman-2026-1200x799.png 1200w, https:\/\/dotnuvaseeds.lt\/wp-content\/uploads\/2024\/01\/SY-Talisman-2026-1920x1278.png 1920w, https:\/\/dotnuvaseeds.lt\/wp-content\/uploads\/2024\/01\/SY-Talisman-2026-600x399.png 600w, https:\/\/dotnuvaseeds.lt\/wp-content\/uploads\/2024\/01\/SY-Talisman-2026-768x511.png 768w, https:\/\/dotnuvaseeds.lt\/wp-content\/uploads\/2024\/01\/SY-Talisman-2026-1536x1023.png 1536w, https:\/\/dotnuvaseeds.lt\/wp-content\/uploads\/2024\/01\/SY-Talisman-2026-2048x1363.png 2048w, https:\/\/dotnuvaseeds.lt\/wp-content\/uploads\/2024\/01\/SY-Talisman-2026-18x12.png 18w\" sizes=\"auto, (max-width: 852px) 100vw, 852px\" \/><\/p>\n<p>&nbsp;<\/p>","protected":false},"excerpt":{"rendered":"<p>Selekcininkas : Syngenta, Pranc\u016bzija Veisl\u0117s &#8211; hibrido tipas: kietojo-dantinio Paskirtis: silosui Rekomenduojamas pas\u0117lio tankis: 85 000- 90 000 augal\u0173\/ha Rekomenduojama dirvo\u017eemio temperat\u016bra: 8-100 C &nbsp; Produktyvumo rodikliai Augal\u0173 auk\u0161tis 265 cm Gr\u016bd\u0173 eilu\u010di\u0173 skai\u010dius 14-15 vnt. \u017dalios mas\u0117s derlingumas 35,8 t ha-1 Saus\u0173j\u0173 med\u017eiag\u0173 proc. derliaus nu\u0117mimo metu 38,0 % Saus\u0173j\u0173 med\u017eiag\u0173 derlingumas 13,6 t [&hellip;]<\/p>\n","protected":false},"featured_media":2126,"template":"","meta":{"_acf_changed":false,"inline_featured_image":false,"slim_seo":{"title":"SY Talisman FAO 220 - Dotnuva Seeds","description":"Selekcininkas : Syngenta, Pranc\u016bzija Veisl\u0117s - hibrido tipas: kietojo-dantinio Paskirtis: silosui Rekomenduojamas pas\u0117lio tankis: 85 000- 90 000 augal\u0173\/ha Rekom"}},"product_brand":[],"product_cat":[68],"product_tag":[],"paskirtis":[],"sezonas":[],"class_list":{"0":"post-938","1":"product","2":"type-product","3":"status-publish","4":"has-post-thumbnail","6":"product_cat-kukuruzu-veisles","7":"post-wrapper","8":"thrv_wrapper","10":"first","11":"instock","12":"taxable","13":"shipping-taxable","14":"product-type-simple"},"acf":[],"vidinis_prekes_pavadinimas":"","ax_sandelis":"","_links":{"self":[{"href":"https:\/\/dotnuvaseeds.lt\/en\/wp-json\/wp\/v2\/product\/938","targetHints":{"allow":["GET"]}}],"collection":[{"href":"https:\/\/dotnuvaseeds.lt\/en\/wp-json\/wp\/v2\/product"}],"about":[{"href":"https:\/\/dotnuvaseeds.lt\/en\/wp-json\/wp\/v2\/types\/product"}],"wp:featuredmedia":[{"embeddable":true,"href":"https:\/\/dotnuvaseeds.lt\/en\/wp-json\/wp\/v2\/media\/2126"}],"wp:attachment":[{"href":"https:\/\/dotnuvaseeds.lt\/en\/wp-json\/wp\/v2\/media?parent=938"}],"wp:term":[{"taxonomy":"product_brand","embeddable":true,"href":"https:\/\/dotnuvaseeds.lt\/en\/wp-json\/wp\/v2\/product_brand?post=938"},{"taxonomy":"product_cat","embeddable":true,"href":"https:\/\/dotnuvaseeds.lt\/en\/wp-json\/wp\/v2\/product_cat?post=938"},{"taxonomy":"product_tag","embeddable":true,"href":"https:\/\/dotnuvaseeds.lt\/en\/wp-json\/wp\/v2\/product_tag?post=938"},{"taxonomy":"paskirtis","embeddable":true,"href":"https:\/\/dotnuvaseeds.lt\/en\/wp-json\/wp\/v2\/paskirtis?post=938"},{"taxonomy":"sezonas","embeddable":true,"href":"https:\/\/dotnuvaseeds.lt\/en\/wp-json\/wp\/v2\/sezonas?post=938"}],"curies":[{"name":"wp","href":"https:\/\/api.w.org\/{rel}","templated":true}]}}