{"id":940,"date":"2024-01-23T17:02:18","date_gmt":"2024-01-23T15:02:18","guid":{"rendered":"https:\/\/dotnuvaseeds.lt\/?post_type=product&#038;p=940"},"modified":"2025-11-27T14:05:40","modified_gmt":"2025-11-27T12:05:40","slug":"ligato-fao-220","status":"publish","type":"product","link":"https:\/\/dotnuvaseeds.lt\/en\/product\/ligato-fao-220\/","title":{"rendered":"Ligato FAO 220"},"content":{"rendered":"<p>Selekcininkas : Saatbau, Austrija<br \/>\nVeisl\u0117s &#8211; hibrido tipas: dantinis<br \/>\nPaskirtis: silosui, gr\u016bdainiui<br \/>\nRekomenduojamas pas\u0117lio tankis: 85 000- 90 000 augal\u0173\/ha<br \/>\nRekomenduojama dirvo\u017eemio temperat\u016bra: 8-10<sup>0 <\/sup>C<\/p>\n<p>&nbsp;<\/p>\n<p><strong>Produktyvumo rodikliai<\/strong><\/p>\n<table width=\"660\">\n<tbody>\n<tr>\n<td width=\"468\">Augal\u0173 auk\u0161tis<\/td>\n<td width=\"192\">310 cm<\/td>\n<\/tr>\n<tr>\n<td width=\"468\">Gr\u016bd\u0173 eilu\u010di\u0173 skai\u010dius<\/td>\n<td width=\"192\">15-16 vnt.<\/td>\n<\/tr>\n<tr>\n<td width=\"468\">\u017dalios mas\u0117s derlingumas<\/td>\n<td width=\"192\">51,8 t ha<sup>-1<\/sup><\/td>\n<\/tr>\n<tr>\n<td width=\"468\">Saus\u0173j\u0173 med\u017eiag\u0173 proc. derliaus nu\u0117mimo metu<\/td>\n<td width=\"192\">37,7 %<\/td>\n<\/tr>\n<tr>\n<td width=\"468\">Saus\u0173j\u0173 med\u017eiag\u0173 derlingumas<\/td>\n<td width=\"192\">19,5 t ha<sup>-1<\/sup><\/td>\n<\/tr>\n<tr>\n<td width=\"468\">Krakmolas, sausoje med\u017eiagoje<\/td>\n<td width=\"192\">26,9 %<\/td>\n<\/tr>\n<tr>\n<td width=\"468\">Krakmolo derlingumas<\/td>\n<td width=\"192\">5,24 t ha<sup>-1<\/sup><\/td>\n<\/tr>\n<tr>\n<td width=\"468\">Organini\u0173 med\u017eiag\u0173 vir\u0161kinamumas<\/td>\n<td width=\"192\">75,2 %<\/td>\n<\/tr>\n<\/tbody>\n<\/table>\n<p>(Pagal \u201eDotnuva Seeds\u201d 2023 m. priva\u010di\u0173 bandym\u0173 duomenis.)<\/p>\n<p>&nbsp;<\/p>\n<p><strong>Agronomin\u0117s savyb\u0117s<\/strong><\/p>\n<p>Vystymasis pavasar\u012f 7<br \/>\nTolerancija stresui 7<br \/>\nAugimas prie \u017eemesni\u0173 temperat\u016br\u0173 7<br \/>\nAtsparumas i\u0161gulimui 8<br \/>\nAtsparumas fuzariozei 8<br \/>\nStay Green savyb\u0117 7<\/p>\n<p>&nbsp;<\/p>\n<p><img loading=\"lazy\" decoding=\"async\" class=\"alignnone wp-image-2131\" src=\"https:\/\/dotnuvaseeds.lt\/wp-content\/uploads\/2024\/01\/Ligato-2016-1200x672.png\" alt=\"Ligato 2016\" width=\"770\" height=\"431\" srcset=\"https:\/\/dotnuvaseeds.lt\/wp-content\/uploads\/2024\/01\/Ligato-2016-1200x672.png 1200w, https:\/\/dotnuvaseeds.lt\/wp-content\/uploads\/2024\/01\/Ligato-2016-1920x1075.png 1920w, https:\/\/dotnuvaseeds.lt\/wp-content\/uploads\/2024\/01\/Ligato-2016-600x336.png 600w, https:\/\/dotnuvaseeds.lt\/wp-content\/uploads\/2024\/01\/Ligato-2016-768x430.png 768w, https:\/\/dotnuvaseeds.lt\/wp-content\/uploads\/2024\/01\/Ligato-2016-1536x860.png 1536w, https:\/\/dotnuvaseeds.lt\/wp-content\/uploads\/2024\/01\/Ligato-2016-2048x1146.png 2048w, https:\/\/dotnuvaseeds.lt\/wp-content\/uploads\/2024\/01\/Ligato-2016-18x10.png 18w\" sizes=\"auto, (max-width: 770px) 100vw, 770px\" \/><\/p>\n<p>&nbsp;<\/p>","protected":false},"excerpt":{"rendered":"<p>Selekcininkas : Saatbau, Austrija Veisl\u0117s &#8211; hibrido tipas: dantinis Paskirtis: silosui, gr\u016bdainiui Rekomenduojamas pas\u0117lio tankis: 85 000- 90 000 augal\u0173\/ha Rekomenduojama dirvo\u017eemio temperat\u016bra: 8-100 C &nbsp; Produktyvumo rodikliai Augal\u0173 auk\u0161tis 310 cm Gr\u016bd\u0173 eilu\u010di\u0173 skai\u010dius 15-16 vnt. \u017dalios mas\u0117s derlingumas 51,8 t ha-1 Saus\u0173j\u0173 med\u017eiag\u0173 proc. derliaus nu\u0117mimo metu 37,7 % Saus\u0173j\u0173 med\u017eiag\u0173 derlingumas 19,5 [&hellip;]<\/p>\n","protected":false},"featured_media":1621,"template":"","meta":{"_acf_changed":false,"inline_featured_image":false,"slim_seo":{"title":"Ligato FAO 220 - Dotnuva Seeds","description":"Selekcininkas : Saatbau, Austrija Veisl\u0117s - hibrido tipas: dantinis Paskirtis: silosui, gr\u016bdainiui Rekomenduojamas pas\u0117lio tankis: 85 000- 90 000 augal\u0173\/ha Reko"}},"product_brand":[],"product_cat":[68],"product_tag":[],"paskirtis":[],"sezonas":[],"class_list":{"0":"post-940","1":"product","2":"type-product","3":"status-publish","4":"has-post-thumbnail","6":"product_cat-kukuruzu-veisles","7":"post-wrapper","8":"thrv_wrapper","10":"first","11":"instock","12":"taxable","13":"shipping-taxable","14":"product-type-simple"},"acf":[],"vidinis_prekes_pavadinimas":"","ax_sandelis":"","_links":{"self":[{"href":"https:\/\/dotnuvaseeds.lt\/en\/wp-json\/wp\/v2\/product\/940","targetHints":{"allow":["GET"]}}],"collection":[{"href":"https:\/\/dotnuvaseeds.lt\/en\/wp-json\/wp\/v2\/product"}],"about":[{"href":"https:\/\/dotnuvaseeds.lt\/en\/wp-json\/wp\/v2\/types\/product"}],"wp:featuredmedia":[{"embeddable":true,"href":"https:\/\/dotnuvaseeds.lt\/en\/wp-json\/wp\/v2\/media\/1621"}],"wp:attachment":[{"href":"https:\/\/dotnuvaseeds.lt\/en\/wp-json\/wp\/v2\/media?parent=940"}],"wp:term":[{"taxonomy":"product_brand","embeddable":true,"href":"https:\/\/dotnuvaseeds.lt\/en\/wp-json\/wp\/v2\/product_brand?post=940"},{"taxonomy":"product_cat","embeddable":true,"href":"https:\/\/dotnuvaseeds.lt\/en\/wp-json\/wp\/v2\/product_cat?post=940"},{"taxonomy":"product_tag","embeddable":true,"href":"https:\/\/dotnuvaseeds.lt\/en\/wp-json\/wp\/v2\/product_tag?post=940"},{"taxonomy":"paskirtis","embeddable":true,"href":"https:\/\/dotnuvaseeds.lt\/en\/wp-json\/wp\/v2\/paskirtis?post=940"},{"taxonomy":"sezonas","embeddable":true,"href":"https:\/\/dotnuvaseeds.lt\/en\/wp-json\/wp\/v2\/sezonas?post=940"}],"curies":[{"name":"wp","href":"https:\/\/api.w.org\/{rel}","templated":true}]}}