{"id":942,"date":"2024-01-23T17:08:17","date_gmt":"2024-01-23T15:08:17","guid":{"rendered":"https:\/\/dotnuvaseeds.lt\/?post_type=product&#038;p=942"},"modified":"2025-11-27T14:05:13","modified_gmt":"2025-11-27T12:05:13","slug":"sy-liberty-fao-200","status":"publish","type":"product","link":"https:\/\/dotnuvaseeds.lt\/en\/product\/sy-liberty-fao-200\/","title":{"rendered":"SY Liberty FAO 210"},"content":{"rendered":"<p>Selekcininkas : Syngenta, Pranc\u016bzija<br \/>\nVeisl\u0117s &#8211; hibrido tipas: kietojo-dantytojo<br \/>\nPaskirtis: silosui<br \/>\nRekomenduojamas pas\u0117lio tankis: 85 000- 90 000 augal\u0173\/ha<br \/>\nRekomenduojama dirvo\u017eemio temperat\u016bra: 8-10<sup>0 <\/sup>C<\/p>\n<p>&nbsp;<\/p>\n<p><strong>Produktyvumo rodikliai<\/strong><\/p>\n<table width=\"671\">\n<tbody>\n<tr>\n<td width=\"419\">Augal\u0173 auk\u0161tis<\/td>\n<td width=\"252\">289 cm<\/td>\n<\/tr>\n<tr>\n<td width=\"419\">Gr\u016bd\u0173 eilu\u010di\u0173 skai\u010dius<\/td>\n<td width=\"252\">14-15 vnt.<\/td>\n<\/tr>\n<tr>\n<td width=\"419\">\u017dalios mas\u0117s derlingumas<\/td>\n<td width=\"252\">42 t ha<sup>-1<\/sup><\/td>\n<\/tr>\n<tr>\n<td width=\"419\">Saus\u0173j\u0173 med\u017eiag\u0173\u00a0 derliaus nu\u0117mimo metu<\/td>\n<td width=\"252\">38,0 %<\/td>\n<\/tr>\n<tr>\n<td width=\"419\">Saus\u0173j\u0173 med\u017eiag\u0173 derlingumas<\/td>\n<td width=\"252\">16 t ha<sup>-1<\/sup><\/td>\n<\/tr>\n<tr>\n<td width=\"419\">Krakmolas, sausoje med\u017eiagoje<\/td>\n<td width=\"252\">44,3 %<\/td>\n<\/tr>\n<tr>\n<td width=\"419\">Krakmolo derlingumas<\/td>\n<td width=\"252\">7,08 t ha<sup>-1<\/sup><\/td>\n<\/tr>\n<tr>\n<td width=\"419\">Organini\u0173 med\u017eiag\u0173 vir\u0161kinamumas<\/td>\n<td width=\"252\">81,5 %<\/td>\n<\/tr>\n<\/tbody>\n<\/table>\n<p>(Pagal \u201eDotnuva Seeds\u201d 2025 m. priva\u010di\u0173 bandym\u0173 duomenis)<\/p>\n<p>&nbsp;<\/p>\n<p><strong>Agronomin\u0117s savyb\u0117s<\/strong><\/p>\n<p>(1-10 bal\u0173 skal\u0117, kai 10 labai geras \u012fvertinimas)<\/p>\n<p>Vystymasis pavasar\u012f 10<br \/>\nTolerancija stresui\u00a0 7<br \/>\nAugimas prie \u017eemesni\u0173 temperat\u016br\u0173 10<br \/>\nAtsparumas i\u0161gulimui 8<br \/>\nAtsparumas fuzariozei 8<br \/>\nStay Green savyb\u0117\u00a0 9<\/p>\n<p>&nbsp;<\/p>\n<p><img loading=\"lazy\" decoding=\"async\" class=\"alignnone wp-image-2116\" src=\"https:\/\/dotnuvaseeds.lt\/wp-content\/uploads\/2024\/01\/SY-Liberty-1-1200x630.png\" alt=\"Sy liberty\" width=\"922\" height=\"484\" srcset=\"https:\/\/dotnuvaseeds.lt\/wp-content\/uploads\/2024\/01\/SY-Liberty-1-1200x630.png 1200w, https:\/\/dotnuvaseeds.lt\/wp-content\/uploads\/2024\/01\/SY-Liberty-1-1920x1008.png 1920w, https:\/\/dotnuvaseeds.lt\/wp-content\/uploads\/2024\/01\/SY-Liberty-1-600x315.png 600w, https:\/\/dotnuvaseeds.lt\/wp-content\/uploads\/2024\/01\/SY-Liberty-1-768x403.png 768w, https:\/\/dotnuvaseeds.lt\/wp-content\/uploads\/2024\/01\/SY-Liberty-1-1536x807.png 1536w, https:\/\/dotnuvaseeds.lt\/wp-content\/uploads\/2024\/01\/SY-Liberty-1-2048x1076.png 2048w, https:\/\/dotnuvaseeds.lt\/wp-content\/uploads\/2024\/01\/SY-Liberty-1-18x9.png 18w\" sizes=\"auto, (max-width: 922px) 100vw, 922px\" \/><\/p>\n<p>&nbsp;<\/p>","protected":false},"excerpt":{"rendered":"<p>Selekcininkas : Syngenta, Pranc\u016bzija Veisl\u0117s &#8211; hibrido tipas: kietojo-dantytojo Paskirtis: silosui Rekomenduojamas pas\u0117lio tankis: 85 000- 90 000 augal\u0173\/ha Rekomenduojama dirvo\u017eemio temperat\u016bra: 8-100 C &nbsp; Produktyvumo rodikliai Augal\u0173 auk\u0161tis 289 cm Gr\u016bd\u0173 eilu\u010di\u0173 skai\u010dius 14-15 vnt. \u017dalios mas\u0117s derlingumas 42 t ha-1 Saus\u0173j\u0173 med\u017eiag\u0173\u00a0 derliaus nu\u0117mimo metu 38,0 % Saus\u0173j\u0173 med\u017eiag\u0173 derlingumas 16 t ha-1 [&hellip;]<\/p>\n","protected":false},"featured_media":2118,"template":"","meta":{"_acf_changed":false,"inline_featured_image":false,"slim_seo":{"title":"SY Liberty FAO 210 - Dotnuva Seeds","description":"Selekcininkas : Syngenta, Pranc\u016bzija Veisl\u0117s - hibrido tipas: kietojo-dantytojo Paskirtis: silosui Rekomenduojamas pas\u0117lio tankis: 85 000- 90 000 augal\u0173\/ha Reko"}},"product_brand":[],"product_cat":[68],"product_tag":[],"paskirtis":[],"sezonas":[],"class_list":{"0":"post-942","1":"product","2":"type-product","3":"status-publish","4":"has-post-thumbnail","6":"product_cat-kukuruzu-veisles","7":"post-wrapper","8":"thrv_wrapper","10":"first","11":"instock","12":"taxable","13":"shipping-taxable","14":"product-type-simple"},"acf":[],"vidinis_prekes_pavadinimas":"","ax_sandelis":"","_links":{"self":[{"href":"https:\/\/dotnuvaseeds.lt\/en\/wp-json\/wp\/v2\/product\/942","targetHints":{"allow":["GET"]}}],"collection":[{"href":"https:\/\/dotnuvaseeds.lt\/en\/wp-json\/wp\/v2\/product"}],"about":[{"href":"https:\/\/dotnuvaseeds.lt\/en\/wp-json\/wp\/v2\/types\/product"}],"wp:featuredmedia":[{"embeddable":true,"href":"https:\/\/dotnuvaseeds.lt\/en\/wp-json\/wp\/v2\/media\/2118"}],"wp:attachment":[{"href":"https:\/\/dotnuvaseeds.lt\/en\/wp-json\/wp\/v2\/media?parent=942"}],"wp:term":[{"taxonomy":"product_brand","embeddable":true,"href":"https:\/\/dotnuvaseeds.lt\/en\/wp-json\/wp\/v2\/product_brand?post=942"},{"taxonomy":"product_cat","embeddable":true,"href":"https:\/\/dotnuvaseeds.lt\/en\/wp-json\/wp\/v2\/product_cat?post=942"},{"taxonomy":"product_tag","embeddable":true,"href":"https:\/\/dotnuvaseeds.lt\/en\/wp-json\/wp\/v2\/product_tag?post=942"},{"taxonomy":"paskirtis","embeddable":true,"href":"https:\/\/dotnuvaseeds.lt\/en\/wp-json\/wp\/v2\/paskirtis?post=942"},{"taxonomy":"sezonas","embeddable":true,"href":"https:\/\/dotnuvaseeds.lt\/en\/wp-json\/wp\/v2\/sezonas?post=942"}],"curies":[{"name":"wp","href":"https:\/\/api.w.org\/{rel}","templated":true}]}}