{"id":945,"date":"2024-01-23T17:12:02","date_gmt":"2024-01-23T15:12:02","guid":{"rendered":"https:\/\/dotnuvaseeds.lt\/?post_type=product&#038;p=945"},"modified":"2025-10-31T11:17:47","modified_gmt":"2025-10-31T09:17:47","slug":"maximaize-230","status":"publish","type":"product","link":"https:\/\/dotnuvaseeds.lt\/en\/product\/maximize-230\/","title":{"rendered":"MaxiMaize 230"},"content":{"rendered":"<p>Selekcininkas : Syngenta, Pranc\u016bzija<br \/>\nVeisli\u0173 mi\u0161in\u012f sudaro: SY Liberty, SY Talisman, SY Invicto<br \/>\nVeisl\u0117s &#8211; hibrido tipas: kietojo-dantytojo<br \/>\nPaskirtis: silosui<br \/>\nRekomenduojamas pas\u0117lio tankis: 85 000- 90 000 augal\u0173\/ha<br \/>\nRekomenduojama dirvo\u017eemio temperat\u016bra: 8-10<sup>0 <\/sup>C<\/p>\n<p>&nbsp;<\/p>\n<p><strong>Produktyvumo rodikliai<\/strong><\/p>\n<table width=\"727\">\n<tbody>\n<tr>\n<td width=\"444\">Augal\u0173 auk\u0161tis<\/td>\n<td width=\"283\">290 cm<\/td>\n<\/tr>\n<tr>\n<td width=\"444\">Gr\u016bd\u0173 skai\u010dius eilut\u0117je<\/td>\n<td width=\"283\">12-16 vnt.<\/td>\n<\/tr>\n<tr>\n<td width=\"444\">\u017dalios mas\u0117s derlingumas<\/td>\n<td width=\"283\">38,5 t ha <sup>-1<\/sup><\/td>\n<\/tr>\n<tr>\n<td width=\"444\">Saus\u0173j\u0173 med\u017eiag\u0173 proc. derliaus nu\u0117mimo metu<\/td>\n<td width=\"283\">39,8 %<\/td>\n<\/tr>\n<tr>\n<td width=\"444\">Saus\u0173j\u0173 med\u017eiag\u0173 derlingumas<\/td>\n<td width=\"283\">15,3 t ha<sup>-1<\/sup><\/td>\n<\/tr>\n<tr>\n<td width=\"444\">Krakmolas, sausoje med\u017eiagoje<\/td>\n<td width=\"283\">34,9 %<\/td>\n<\/tr>\n<tr>\n<td width=\"444\">Krakmolo derlingumas<\/td>\n<td width=\"283\">5,34 t ha<sup>-1<\/sup><\/td>\n<\/tr>\n<tr>\n<td width=\"444\">Organini\u0173 med\u017eiag\u0173 vir\u0161kinamumas<\/td>\n<td width=\"283\">77,1 %<\/td>\n<\/tr>\n<\/tbody>\n<\/table>\n<p>(Pagal \u201eDotnuva Seeds\u201d 2024 m. priva\u010di\u0173 bandym\u0173 duomenis.)<\/p>\n<p>&nbsp;<\/p>\n<p><strong>Agronomin\u0117s savyb\u0117s<\/strong><\/p>\n<p>Vystymasis pavasar\u012f 10<br \/>\nTolerancija stresui 9<br \/>\nAugimas prie \u017eemesni\u0173 temperat\u016br\u0173 9<br \/>\nAtsparumas i\u0161gulimui 8<br \/>\nAtsparumas fuzariozei 8<br \/>\nStay Green savyb\u0117 9<\/p>\n<p><img loading=\"lazy\" decoding=\"async\" class=\"alignnone wp-image-2130\" src=\"https:\/\/dotnuvaseeds.lt\/wp-content\/uploads\/2024\/01\/Maximaize-230_2026-1200x541.png\" alt=\"Maximaize 230 2026\" width=\"892\" height=\"402\" srcset=\"https:\/\/dotnuvaseeds.lt\/wp-content\/uploads\/2024\/01\/Maximaize-230_2026-1200x541.png 1200w, https:\/\/dotnuvaseeds.lt\/wp-content\/uploads\/2024\/01\/Maximaize-230_2026-1920x866.png 1920w, https:\/\/dotnuvaseeds.lt\/wp-content\/uploads\/2024\/01\/Maximaize-230_2026-600x270.png 600w, https:\/\/dotnuvaseeds.lt\/wp-content\/uploads\/2024\/01\/Maximaize-230_2026-768x346.png 768w, https:\/\/dotnuvaseeds.lt\/wp-content\/uploads\/2024\/01\/Maximaize-230_2026-1536x692.png 1536w, https:\/\/dotnuvaseeds.lt\/wp-content\/uploads\/2024\/01\/Maximaize-230_2026-2048x923.png 2048w, https:\/\/dotnuvaseeds.lt\/wp-content\/uploads\/2024\/01\/Maximaize-230_2026-18x8.png 18w\" sizes=\"auto, (max-width: 892px) 100vw, 892px\" \/><\/p>\n<p>&nbsp;<\/p>\n<p>&nbsp;<\/p>\n<p>&nbsp;<\/p>","protected":false},"excerpt":{"rendered":"<p>Selekcininkas : Syngenta, Pranc\u016bzija Veisli\u0173 mi\u0161in\u012f sudaro: SY Liberty, SY Talisman, SY Invicto Veisl\u0117s &#8211; hibrido tipas: kietojo-dantytojo Paskirtis: silosui Rekomenduojamas pas\u0117lio tankis: 85 000- 90 000 augal\u0173\/ha Rekomenduojama dirvo\u017eemio temperat\u016bra: 8-100 C &nbsp; Produktyvumo rodikliai Augal\u0173 auk\u0161tis 290 cm Gr\u016bd\u0173 skai\u010dius eilut\u0117je 12-16 vnt. \u017dalios mas\u0117s derlingumas 38,5 t ha -1 Saus\u0173j\u0173 med\u017eiag\u0173 proc. [&hellip;]<\/p>\n","protected":false},"featured_media":1617,"template":"","meta":{"_acf_changed":false,"inline_featured_image":false,"slim_seo":{"title":"MaxiMaize 230 - Dotnuva Seeds","description":"Selekcininkas : Syngenta, Pranc\u016bzija Veisli\u0173 mi\u0161in\u012f sudaro: SY Liberty, SY Talisman, SY Invicto Veisl\u0117s - hibrido tipas: kietojo-dantytojo Paskirtis: silosui Re"}},"product_brand":[],"product_cat":[68],"product_tag":[96],"paskirtis":[],"sezonas":[],"class_list":{"0":"post-945","1":"product","2":"type-product","3":"status-publish","4":"has-post-thumbnail","6":"product_cat-kukuruzu-veisles","7":"product_tag-nauja","8":"post-wrapper","9":"thrv_wrapper","11":"first","12":"instock","13":"taxable","14":"shipping-taxable","15":"product-type-simple"},"acf":[],"vidinis_prekes_pavadinimas":"","ax_sandelis":"","_links":{"self":[{"href":"https:\/\/dotnuvaseeds.lt\/en\/wp-json\/wp\/v2\/product\/945","targetHints":{"allow":["GET"]}}],"collection":[{"href":"https:\/\/dotnuvaseeds.lt\/en\/wp-json\/wp\/v2\/product"}],"about":[{"href":"https:\/\/dotnuvaseeds.lt\/en\/wp-json\/wp\/v2\/types\/product"}],"wp:featuredmedia":[{"embeddable":true,"href":"https:\/\/dotnuvaseeds.lt\/en\/wp-json\/wp\/v2\/media\/1617"}],"wp:attachment":[{"href":"https:\/\/dotnuvaseeds.lt\/en\/wp-json\/wp\/v2\/media?parent=945"}],"wp:term":[{"taxonomy":"product_brand","embeddable":true,"href":"https:\/\/dotnuvaseeds.lt\/en\/wp-json\/wp\/v2\/product_brand?post=945"},{"taxonomy":"product_cat","embeddable":true,"href":"https:\/\/dotnuvaseeds.lt\/en\/wp-json\/wp\/v2\/product_cat?post=945"},{"taxonomy":"product_tag","embeddable":true,"href":"https:\/\/dotnuvaseeds.lt\/en\/wp-json\/wp\/v2\/product_tag?post=945"},{"taxonomy":"paskirtis","embeddable":true,"href":"https:\/\/dotnuvaseeds.lt\/en\/wp-json\/wp\/v2\/paskirtis?post=945"},{"taxonomy":"sezonas","embeddable":true,"href":"https:\/\/dotnuvaseeds.lt\/en\/wp-json\/wp\/v2\/sezonas?post=945"}],"curies":[{"name":"wp","href":"https:\/\/api.w.org\/{rel}","templated":true}]}}