{"id":964,"date":"2024-01-25T08:40:46","date_gmt":"2024-01-25T06:40:46","guid":{"rendered":"https:\/\/dotnuvaseeds.lt\/?post_type=product&#038;p=964"},"modified":"2024-10-15T09:16:23","modified_gmt":"2024-10-15T06:16:23","slug":"respect","status":"publish","type":"product","link":"https:\/\/dotnuvaseeds.lt\/en\/product\/respect\/","title":{"rendered":"Respect"},"content":{"rendered":"<ul>\n<li>Maribo Seed International ApS, Denmark<\/li>\n<li>Registered in Lithuania in 2009.<\/li>\n<li>medium early<\/li>\n<li>average plant height 82 cm<\/li>\n<li>very resistant to lodging<\/li>\n<li>resistance to seeds falling out of pods - 8.8 points<\/li>\n<li>Weight of 1000 seeds 234 g<\/li>\n<\/ul>\n<h3>Breed characteristics<\/h3>\n<p>The grains are yellow. A semi-leafless pea variety. The highest yield of 7.77 t ha-1 was obtained in 2008. Kaunas AVTS, 2013 yield in Kaunas AVTS was 110 percent. compared to the average of standard varieties. The uniqueness of the breed is very good resistance to lodging. 2017-2018 Kaunas AVTS had 114% resistance to lodging. compared to standard varieties.<\/p>\n<p>In the tests conducted during the research year, ascochytosis affected only up to 5%. plants.<\/p>\n<h3>Grain quality<\/h3>\n<p>The average protein content determined in the grains of &#039;Respect&#039; variety peas grown in individual research years was 22.0-25.1 percent.<\/p>\n<p><img loading=\"lazy\" decoding=\"async\" class=\"alignnone size-full wp-image-965\" src=\"https:\/\/dotnuvaseeds.lt\/wp-content\/uploads\/2024\/01\/Respect-grafikas.jpg\" alt=\"\" width=\"567\" height=\"362\" \/><\/p>\n<p>&nbsp;<\/p>","protected":false},"excerpt":{"rendered":"<p>Maribo Seed International ApS, Danija Lietuvoje registruota\u00a02009 m. vidutinio ankstyvumo vidutinis augal\u0173 auk\u0161tis 82 cm labai atspari i\u0161gulimui atsparumas s\u0117kl\u0173 i\u0161byr\u0117jimui i\u0161 ank\u0161\u010di\u0173 &#8211;\u00a08,8 balai 1000 s\u0117kl\u0173 mas\u0117 234 g Veisl\u0117s savyb\u0117s Gr\u016bdai geltoni. Pusiau belapi\u0173 \u017eirni\u0173 veisl\u0117. Did\u017eiausias derlingumas 7,77 t ha-1 gautas 2008 m. Kauno AVTS, 2013 m. derlingumas Kauno AVTS buvo 110 [&hellip;]<\/p>\n","protected":false},"featured_media":1307,"template":"","meta":{"_acf_changed":false,"inline_featured_image":false,"slim_seo":{"description":"Peas Ingrid","title":"Respect - Dotnuva Seeds"}},"product_brand":[],"product_cat":[45,50],"product_tag":[],"paskirtis":[],"sezonas":[],"class_list":{"0":"post-964","1":"product","2":"type-product","3":"status-publish","4":"has-post-thumbnail","6":"product_cat-vasariniu-augalu-veisles","7":"product_cat-zirniai","8":"post-wrapper","9":"thrv_wrapper","11":"first","12":"instock","13":"taxable","14":"shipping-taxable","15":"product-type-simple"},"acf":[],"vidinis_prekes_pavadinimas":"","ax_sandelis":"","_links":{"self":[{"href":"https:\/\/dotnuvaseeds.lt\/en\/wp-json\/wp\/v2\/product\/964","targetHints":{"allow":["GET"]}}],"collection":[{"href":"https:\/\/dotnuvaseeds.lt\/en\/wp-json\/wp\/v2\/product"}],"about":[{"href":"https:\/\/dotnuvaseeds.lt\/en\/wp-json\/wp\/v2\/types\/product"}],"wp:featuredmedia":[{"embeddable":true,"href":"https:\/\/dotnuvaseeds.lt\/en\/wp-json\/wp\/v2\/media\/1307"}],"wp:attachment":[{"href":"https:\/\/dotnuvaseeds.lt\/en\/wp-json\/wp\/v2\/media?parent=964"}],"wp:term":[{"taxonomy":"product_brand","embeddable":true,"href":"https:\/\/dotnuvaseeds.lt\/en\/wp-json\/wp\/v2\/product_brand?post=964"},{"taxonomy":"product_cat","embeddable":true,"href":"https:\/\/dotnuvaseeds.lt\/en\/wp-json\/wp\/v2\/product_cat?post=964"},{"taxonomy":"product_tag","embeddable":true,"href":"https:\/\/dotnuvaseeds.lt\/en\/wp-json\/wp\/v2\/product_tag?post=964"},{"taxonomy":"paskirtis","embeddable":true,"href":"https:\/\/dotnuvaseeds.lt\/en\/wp-json\/wp\/v2\/paskirtis?post=964"},{"taxonomy":"sezonas","embeddable":true,"href":"https:\/\/dotnuvaseeds.lt\/en\/wp-json\/wp\/v2\/sezonas?post=964"}],"curies":[{"name":"wp","href":"https:\/\/api.w.org\/{rel}","templated":true}]}}