{"id":985,"date":"2024-01-25T09:51:01","date_gmt":"2024-01-25T07:51:01","guid":{"rendered":"https:\/\/dotnuvaseeds.lt\/?post_type=product&#038;p=985"},"modified":"2025-02-06T16:27:25","modified_gmt":"2025-02-06T14:27:25","slug":"selma","status":"publish","type":"product","link":"https:\/\/dotnuvaseeds.lt\/en\/product\/selma\/","title":{"rendered":"Selma"},"content":{"rendered":"<ul>\n<li>Lantm\u00e4nnen SW Seed, Sweden<\/li>\n<li>Registered in Lithuania in 2021.<\/li>\n<li>line breed<\/li>\n<li>medium early<\/li>\n<li>average plant height 117 cm<\/li>\n<li>resistant to lodging - 8.6 points,<\/li>\n<li>very resistant to seeds falling out of the pods - 9 points<\/li>\n<li>Weight of 1000 seeds 5.27 g<\/li>\n<\/ul>\n<h3>Breed characteristics<\/h3>\n<p>Research on the economic value of the breed was carried out in 2019 and 2020. In Kaunas, Plunge and Pasvalis AVT departments. In the research year, an average of 3.14 t ha was obtained<sup>-1<\/sup> or 103.6 percent. yield compared to standard varieties. On average, 47.9 percent was found in the seeds. of oil, or 2.3 percent. more than the average of standard varieties.<\/p>\n<p><img loading=\"lazy\" decoding=\"async\" class=\"alignnone size-full wp-image-986\" src=\"https:\/\/dotnuvaseeds.lt\/wp-content\/uploads\/2024\/01\/Selma-grafikas.jpg\" alt=\"\" width=\"518\" height=\"337\" \/><\/p>\n<p>&nbsp;<\/p>\n<p>&nbsp;<\/p>","protected":false},"excerpt":{"rendered":"<p>Lantm\u00e4nnen SW Seed, \u0160vedija Lietuvoje registruota 2021 m. linijin\u0117 veisl\u0117 vidutinio ankstyvumo vidutinis augal\u0173 auk\u0161tis 117 cm atspari i\u0161gulimui \u2013 8,6 balo, labai atspari s\u0117kl\u0173 i\u0161byr\u0117jimui i\u0161 ank\u0161tar\u0173 &#8211; 9 balai 1000 s\u0117kl\u0173 mas\u0117 5,27 g Veisl\u0117s savyb\u0117s Veisl\u0117s \u016bkinio vertingumo tyrimai atlikti 2019 ir 2020 m. Kauno, Plung\u0117s ir Pasvalio AVT\u00a0skyriuose. Tyrimo metais gautas [&hellip;]<\/p>\n","protected":false},"featured_media":1254,"template":"","meta":{"_acf_changed":false,"inline_featured_image":false,"slim_seo":{"title":"Selma - Dotnuva Seeds","description":"Lantm\u00e4nnen SW Seed, Sweden registered in Lithuania in 2021. linear variety medium early average plant height 117 cm resistant to lodging - 8.6 points, lab"}},"product_brand":[],"product_cat":[54,45],"product_tag":[96],"paskirtis":[],"sezonas":[],"class_list":{"0":"post-985","1":"product","2":"type-product","3":"status-publish","4":"has-post-thumbnail","6":"product_cat-vasariniai-rapsai","7":"product_cat-vasariniu-augalu-veisles","8":"product_tag-nauja","9":"post-wrapper","10":"thrv_wrapper","12":"first","13":"instock","14":"taxable","15":"shipping-taxable","16":"product-type-simple"},"acf":[],"vidinis_prekes_pavadinimas":"","ax_sandelis":"","_links":{"self":[{"href":"https:\/\/dotnuvaseeds.lt\/en\/wp-json\/wp\/v2\/product\/985","targetHints":{"allow":["GET"]}}],"collection":[{"href":"https:\/\/dotnuvaseeds.lt\/en\/wp-json\/wp\/v2\/product"}],"about":[{"href":"https:\/\/dotnuvaseeds.lt\/en\/wp-json\/wp\/v2\/types\/product"}],"wp:featuredmedia":[{"embeddable":true,"href":"https:\/\/dotnuvaseeds.lt\/en\/wp-json\/wp\/v2\/media\/1254"}],"wp:attachment":[{"href":"https:\/\/dotnuvaseeds.lt\/en\/wp-json\/wp\/v2\/media?parent=985"}],"wp:term":[{"taxonomy":"product_brand","embeddable":true,"href":"https:\/\/dotnuvaseeds.lt\/en\/wp-json\/wp\/v2\/product_brand?post=985"},{"taxonomy":"product_cat","embeddable":true,"href":"https:\/\/dotnuvaseeds.lt\/en\/wp-json\/wp\/v2\/product_cat?post=985"},{"taxonomy":"product_tag","embeddable":true,"href":"https:\/\/dotnuvaseeds.lt\/en\/wp-json\/wp\/v2\/product_tag?post=985"},{"taxonomy":"paskirtis","embeddable":true,"href":"https:\/\/dotnuvaseeds.lt\/en\/wp-json\/wp\/v2\/paskirtis?post=985"},{"taxonomy":"sezonas","embeddable":true,"href":"https:\/\/dotnuvaseeds.lt\/en\/wp-json\/wp\/v2\/sezonas?post=985"}],"curies":[{"name":"wp","href":"https:\/\/api.w.org\/{rel}","templated":true}]}}